{"id":2432,"date":"2026-01-26T11:12:04","date_gmt":"2026-01-26T09:12:04","guid":{"rendered":"https:\/\/cesunovads.edu.lv\/cbjc\/?page_id=2432"},"modified":"2026-03-26T11:01:28","modified_gmt":"2026-03-26T09:01:28","slug":"nolikumi","status":"publish","type":"page","link":"https:\/\/cesunovads.edu.lv\/cbjc\/nolikumi\/","title":{"rendered":"Nolikumi"},"content":{"rendered":"\n<p><\/p>\n\n\n\n<p><strong><mark style=\"background-color:rgba(0, 0, 0, 0)\" class=\"has-inline-color has-neve-link-hover-color-color\">FEBRU\u0100RIS<\/mark><\/strong><br><strong>19.02. <mark style=\"background-color:rgba(0, 0, 0, 0)\" class=\"has-inline-color has-custom-5-color\">Vok\u0101l\u0101s m\u016bzikas konkurss \u201cBalsis\u201d<\/mark><\/strong> 2026 1.k\u0101rta C\u0113su B\u0113rnu un jaunie\u0161u centr\u0101 <strong><a href=\"https:\/\/cesunovads.edu.lv\/cbjc\/wp-content\/uploads\/sites\/12\/2026\/01\/Nolikums_Balsis_2026_1karta.docx\" target=\"_blank\" rel=\"noreferrer noopener\">(lejupl\u0101d\u0113t Nolikumu)<\/a><\/strong><br><br><strong><mark style=\"background-color:rgba(0, 0, 0, 0)\" class=\"has-inline-color has-neve-link-hover-color-color\">MARTS<\/mark><\/strong><br><strong>27.02. &#8211; 20.03.<\/strong> <mark style=\"background-color:rgba(0, 0, 0, 0)\" class=\"has-inline-color has-custom-5-color\"><strong>Vizu\u0101l\u0101s m\u0101kslas izst\u0101de \u201cTe s\u0101kas mana pasaule\u201d <\/strong><\/mark>1.k\u0101rta Kosmosa izzi\u0146as centr\u0101 <a href=\"https:\/\/cesunovads.edu.lv\/cbjc\/wp-content\/uploads\/sites\/12\/2026\/01\/Nolikums_Te-sakas-mana-pasaule_2026_1karta.docx\" target=\"_blank\" rel=\"noreferrer noopener\"><strong>(lejupl\u0101d\u0113t Nolikumu)<\/strong><\/a> <br><strong>05.03. <mark style=\"background-color:rgba(0, 0, 0, 0)\" class=\"has-inline-color has-custom-5-color\">Skatuves runas konkurss 1.k\u0101rta<\/mark><\/strong> C\u0113su B\u0113rnu un jaunie\u0161u centr\u0101 <strong><a href=\"https:\/\/cesunovads.edu.lv\/cbjc\/wp-content\/uploads\/sites\/12\/2026\/01\/Nolikums_Skatuves-runa_2026_1karta.docx\" target=\"_blank\" rel=\"noreferrer noopener\">(lejupl\u0101d\u0113t Nolikumu)<\/a><\/strong><br><strong>20.03. <mark style=\"background-color:rgba(0, 0, 0, 0)\" class=\"has-inline-color has-custom-5-color\">Skatuves runas konkurss 2.k\u0101rta<\/mark><\/strong> C\u0113su B\u0113rnu un jaunie\u0161u centr\u0101 <a href=\"https:\/\/cesunovads.edu.lv\/cbjc\/wp-content\/uploads\/sites\/12\/2026\/01\/Nolikums_skatuves_runa_2026.docx\" target=\"_blank\" rel=\"noreferrer noopener\"><strong>(lejupl\u0101d\u0113t Nolikumu)<\/strong><\/a><br><strong>23.03.<\/strong> <mark style=\"background-color:rgba(0, 0, 0, 0)\" class=\"has-inline-color has-custom-5-color\"><strong>STEM dienas <\/strong><\/mark>Kosmosa izzi\u0146as centr\u0101 (<a href=\"https:\/\/cesunovads.edu.lv\/cbjc\/wp-content\/uploads\/sites\/12\/2026\/02\/Nolikums-STEM-diena-2026-.pdf\"><strong>lejupl\u0101d\u0113t Nolikumu<\/strong><\/a>)<br><br><strong><mark style=\"background-color:rgba(0, 0, 0, 0)\" class=\"has-inline-color has-neve-link-hover-color-color\">APR\u012aLIS<\/mark><\/strong><br><strong>16.04. <mark style=\"background-color:rgba(0, 0, 0, 0)\" class=\"has-inline-color has-custom-5-color\">C\u0113su novada izgl\u012bt\u012bbas iest\u0101\u017eu 2. &#8211; 4.kla\u0161u koru konkursa \u201cTauri\u0146u balsis\u201d<\/mark><\/strong> repertu\u0101ra apguves skate <strong><a href=\"https:\/\/cesunovads.edu.lv\/cbjc\/wp-content\/uploads\/sites\/12\/2026\/01\/Nolikums__-Taurinu-balsis_2026_1karta.docx\" target=\"_blank\" rel=\"noreferrer noopener\">(lejupl\u0101d\u0113t Nolikumu)<\/a><\/strong><br><strong>17.04.<\/strong> C\u0113su B\u0113rnu un jaunie\u0161u centra <strong><mark style=\"background-color:rgba(0, 0, 0, 0)\" class=\"has-inline-color has-custom-5-color\">Pateic\u012bbas pavasaris <\/mark><\/strong><br><strong>23.04.<\/strong> <strong><mark style=\"background-color:rgba(0, 0, 0, 0)\" class=\"has-inline-color has-custom-5-color\">T\u0113rpu skate \u201cDizainam nav robe\u017eu\u201d<\/mark><\/strong> C\u0113su B\u0113rnu un jaunie\u0161u centr\u0101 <a href=\"https:\/\/cesunovads.edu.lv\/cbjc\/wp-content\/uploads\/sites\/12\/2026\/03\/TERPU-SKATES-NOLIKUMS.docx\"><strong>(lejupl\u0101d\u0113t Nolikumu)<\/strong><\/a><br><strong>25.04.<\/strong> Popgrupu festiv\u0101ls <mark style=\"background-color:rgba(0, 0, 0, 0)\" class=\"has-inline-color has-custom-5-color\"><strong>\u201cDziesmas sp\u0101rnos\u201d 2026<\/strong><\/mark> C\u0113su B\u0113rnu un jaunie\u0161u centr\u0101<strong> <a href=\"https:\/\/cesunovads.edu.lv\/cbjc\/wp-content\/uploads\/sites\/12\/2026\/03\/Nolikums_Dziesmas-sparnos_2026.doc\">(lejupl\u0101d\u0113t Nolikumu)<\/a><\/strong><br><br><strong><mark style=\"background-color:rgba(0, 0, 0, 0)\" class=\"has-inline-color has-neve-link-hover-color-color\">MAIJS<\/mark><\/strong><br><strong>23.05.<\/strong> <strong><mark style=\"background-color:rgba(0, 0, 0, 0)\" class=\"has-inline-color has-custom-5-color\">Pagalma sv\u0113tki<\/mark><\/strong><br><strong>27.05. <mark style=\"background-color:rgba(0, 0, 0, 0)\" class=\"has-inline-color has-custom-5-color\">Meistar\u012bbas pas\u0101kums<\/mark><\/strong><\/p>\n\n\n\n<figure class=\"wp-block-image size-large is-resized\"><img loading=\"lazy\" decoding=\"async\" width=\"2000\" height=\"1126\" src=\"https:\/\/cesunovads.edu.lv\/cbjc\/wp-content\/uploads\/sites\/12\/2026\/01\/CBJC_pagalma_svetki_24-198-edited.jpg\" alt=\"\" class=\"wp-image-2458\" style=\"width:1050px;height:auto\" srcset=\"https:\/\/cesunovads.edu.lv\/cbjc\/wp-content\/uploads\/sites\/12\/2026\/01\/CBJC_pagalma_svetki_24-198-edited.jpg 2000w, https:\/\/cesunovads.edu.lv\/cbjc\/wp-content\/uploads\/sites\/12\/2026\/01\/CBJC_pagalma_svetki_24-198-edited-300x169.jpg 300w, https:\/\/cesunovads.edu.lv\/cbjc\/wp-content\/uploads\/sites\/12\/2026\/01\/CBJC_pagalma_svetki_24-198-edited-1024x577.jpg 1024w, https:\/\/cesunovads.edu.lv\/cbjc\/wp-content\/uploads\/sites\/12\/2026\/01\/CBJC_pagalma_svetki_24-198-edited-768x432.jpg 768w, https:\/\/cesunovads.edu.lv\/cbjc\/wp-content\/uploads\/sites\/12\/2026\/01\/CBJC_pagalma_svetki_24-198-edited-1536x865.jpg 1536w\" sizes=\"auto, (max-width: 2000px) 100vw, 2000px\" \/><\/figure>\n","protected":false},"excerpt":{"rendered":"<p>FEBRU\u0100RIS19.02. Vok\u0101l\u0101s m\u016bzikas konkurss \u201cBalsis\u201d 2026 1.k\u0101rta C\u0113su B\u0113rnu un jaunie\u0161u centr\u0101 (lejupl\u0101d\u0113t Nolikumu) MARTS27.02. &#8211; 20.03. Vizu\u0101l\u0101s m\u0101kslas izst\u0101de \u201cTe s\u0101kas mana pasaule\u201d 1.k\u0101rta Kosmosa izzi\u0146as centr\u0101 (lejupl\u0101d\u0113t Nolikumu) 05.03. Skatuves runas konkurss 1.k\u0101rta C\u0113su B\u0113rnu un jaunie\u0161u centr\u0101 (lejupl\u0101d\u0113t Nolikumu)20.03. Skatuves runas konkurss 2.k\u0101rta C\u0113su B\u0113rnu un jaunie\u0161u centr\u0101 (lejupl\u0101d\u0113t Nolikumu)23.03. STEM dienas&hellip;&nbsp;<a href=\"https:\/\/cesunovads.edu.lv\/cbjc\/nolikumi\/\" rel=\"bookmark\">Read More &raquo;<span class=\"screen-reader-text\">Nolikumi<\/span><\/a><\/p>\n","protected":false},"author":23,"featured_media":0,"parent":0,"menu_order":0,"comment_status":"closed","ping_status":"closed","template":"","meta":{"neve_meta_sidebar":"","neve_meta_container":"","neve_meta_enable_content_width":"","neve_meta_content_width":0,"neve_meta_title_alignment":"","neve_meta_author_avatar":"","neve_post_elements_order":"","neve_meta_disable_header":"","neve_meta_disable_footer":"","neve_meta_disable_title":"","_themeisle_gutenberg_block_has_review":false,"footnotes":""},"class_list":["post-2432","page","type-page","status-publish","hentry"],"_links":{"self":[{"href":"https:\/\/cesunovads.edu.lv\/cbjc\/wp-json\/wp\/v2\/pages\/2432","targetHints":{"allow":["GET"]}}],"collection":[{"href":"https:\/\/cesunovads.edu.lv\/cbjc\/wp-json\/wp\/v2\/pages"}],"about":[{"href":"https:\/\/cesunovads.edu.lv\/cbjc\/wp-json\/wp\/v2\/types\/page"}],"author":[{"embeddable":true,"href":"https:\/\/cesunovads.edu.lv\/cbjc\/wp-json\/wp\/v2\/users\/23"}],"replies":[{"embeddable":true,"href":"https:\/\/cesunovads.edu.lv\/cbjc\/wp-json\/wp\/v2\/comments?post=2432"}],"version-history":[{"count":21,"href":"https:\/\/cesunovads.edu.lv\/cbjc\/wp-json\/wp\/v2\/pages\/2432\/revisions"}],"predecessor-version":[{"id":2669,"href":"https:\/\/cesunovads.edu.lv\/cbjc\/wp-json\/wp\/v2\/pages\/2432\/revisions\/2669"}],"wp:attachment":[{"href":"https:\/\/cesunovads.edu.lv\/cbjc\/wp-json\/wp\/v2\/media?parent=2432"}],"curies":[{"name":"wp","href":"https:\/\/api.w.org\/{rel}","templated":true}]}}