{"id":1054,"date":"2023-11-28T07:15:17","date_gmt":"2023-11-28T05:15:17","guid":{"rendered":"https:\/\/cesunovads.edu.lv\/cesu1psk\/?page_id=1054"},"modified":"2025-10-10T08:44:06","modified_gmt":"2025-10-10T06:44:06","slug":"skolas-padome","status":"publish","type":"page","link":"https:\/\/cesunovads.edu.lv\/cesu1psk\/par-skolu\/skolas-padome\/","title":{"rendered":"Skolas padome"},"content":{"rendered":"\n<div id=\"wp-block-themeisle-blocks-advanced-columns-385d5cd3\" class=\"wp-block-themeisle-blocks-advanced-columns has-1-columns has-desktop-equal-layout has-tablet-equal-layout has-mobile-equal-layout has-vertical-unset\"><div class=\"wp-block-themeisle-blocks-advanced-columns-overlay\"><\/div><div class=\"innerblocks-wrap\">\n<div id=\"wp-block-themeisle-blocks-advanced-column-493c33c0\" class=\"wp-block-themeisle-blocks-advanced-column\">\n<p>Apraksts<\/p>\n\n\n\n<p class=\"has-medium-font-size\"><strong>Skolas padome&nbsp;tiek veidota ar m\u0113r\u0137i sekm\u0113t pedagogu, izgl\u012btojamo, vec\u0101ku un C\u0113su novada pa\u0161vald\u012bbas sadarb\u012bbu, lai nodro\u0161in\u0101tu izgl\u012bt\u012bbas programmu kvalitat\u012bvu \u012bsteno\u0161anu.<\/strong><\/p>\n\n\n\n<p>Skolas padomes darb\u012bbu regul\u0113:<\/p>\n\n\n\n<ul class=\"wp-block-list\">\n<li>Izgl\u012bt\u012bbas likuma 31. pants;<\/li>\n\n\n\n<li>C\u0113su 1.pamatskolas Skolas padomes reglaments<\/li>\n\n\n\n<li>Skolas padomi veido kla\u0161u vec\u0101ku p\u0101rst\u0101vji, skol\u0113nu pa\u0161p\u0101rvaldes p\u0101rst\u0101vji, skolas direktors un t\u0101 vietnieki. <\/li>\n<\/ul>\n<\/div>\n<\/div><\/div>\n\n\n\n<div id=\"wp-block-themeisle-blocks-advanced-columns-0531e3d0\" class=\"wp-block-themeisle-blocks-advanced-columns has-1-columns has-desktop-equal-layout has-tablet-equal-layout has-mobile-equal-layout has-vertical-unset\"><div class=\"wp-block-themeisle-blocks-advanced-columns-overlay\"><\/div><div class=\"innerblocks-wrap\">\n<div id=\"wp-block-themeisle-blocks-advanced-column-0a0ad7b3\" class=\"wp-block-themeisle-blocks-advanced-column\">\n<div id=\"wp-block-themeisle-blocks-accordion-35fc422c\" class=\"wp-block-themeisle-blocks-accordion icon-first has-light-content-bg has-light-active-title-bg is-style-default\">\n<details class=\"wp-block-themeisle-blocks-accordion-item\"><summary class=\"wp-block-themeisle-blocks-accordion-item__title\"><div><strong>Skolas padome 2025.\/2025.m.g.<\/strong><\/div><\/summary><div class=\"wp-block-themeisle-blocks-accordion-item__content\">\n<h5 class=\"wp-block-heading\">Skolas padomes kla\u0161u vec\u0101ku p\u0101rst\u0101vji 2025.\/2026.m.g.<\/h5>\n\n\n\n<p>Skolas padomes priek\u0161s\u0113d\u0113t\u0101ja Inese Kr\u016bkl\u012bte<\/p>\n\n\n\n<div id=\"wp-block-themeisle-blocks-advanced-columns-3226d612\" class=\"wp-block-themeisle-blocks-advanced-columns has-2-columns has-desktop-equal-layout has-tablet-equal-layout has-mobile-collapsedRows-layout has-vertical-unset\"><div class=\"wp-block-themeisle-blocks-advanced-columns-overlay\"><\/div><div class=\"innerblocks-wrap\">\n<div id=\"wp-block-themeisle-blocks-advanced-column-10e53f3a\" class=\"wp-block-themeisle-blocks-advanced-column\">\n<ul class=\"wp-block-list\">\n<li>1.a Nat\u0101lija K\u0101rkli\u0146a<\/li>\n\n\n\n<li>1.b Solvita Marija Sarkane<\/li>\n\n\n\n<li>2.a Agnese Tamane<\/li>\n\n\n\n<li>2.b Ilze Fi\u013cipova<\/li>\n\n\n\n<li>3.a Alise Sukure \u00a0 <\/li>\n\n\n\n<li>3.b Liene \u017daimonte<\/li>\n\n\n\n<li>4.a Agita Sirma\u010da<\/li>\n\n\n\n<li>4.b Ivo Rode <\/li>\n\n\n\n<li>5.a L\u012bva Raituma <\/li>\n<\/ul>\n<\/div>\n\n\n\n<div id=\"wp-block-themeisle-blocks-advanced-column-f64934ba\" class=\"wp-block-themeisle-blocks-advanced-column\">\n<ul class=\"wp-block-list\">\n<li>5.b P\u0113teris Kalni\u0146\u0161 <\/li>\n\n\n\n<li>6.a Inese Kr\u016bkl\u012bte<\/li>\n\n\n\n<li>6.b Ieva Briede<\/li>\n\n\n\n<li>7.a Alise Sukure <\/li>\n\n\n\n<li>7.b Inga Feldmane <\/li>\n\n\n\n<li>8.a Madara L\u0101ce<\/li>\n\n\n\n<li>8.b Marika Rieksti\u0146a<\/li>\n\n\n\n<li>9.a Ingus Kalni\u0146\u0161<\/li>\n<\/ul>\n<\/div>\n<\/div><\/div>\n<\/div><\/details>\n\n\n\n<details class=\"wp-block-themeisle-blocks-accordion-item\"><summary class=\"wp-block-themeisle-blocks-accordion-item__title\"><div><strong>Skolas padomes reglaments<\/strong><\/div><\/summary><div class=\"wp-block-themeisle-blocks-accordion-item__content\">\n<div data-wp-interactive=\"core\/file\" class=\"wp-block-file\"><object data-wp-bind--hidden=\"!state.hasPdfPreview\" hidden class=\"wp-block-file__embed\" data=\"https:\/\/cesunovads.edu.lv\/cesu1psk\/wp-content\/uploads\/sites\/7\/2024\/08\/SKOLAS-PADOMES-REGLAMENTS_2021.pdf\" type=\"application\/pdf\" style=\"width:100%;height:600px\" aria-label=\"Iegult SKOLAS PADOMES REGLAMENTS_2021.\"><\/object><a id=\"wp-block-file--media-1d00952e-4106-4230-bbb3-463635a4fbb8\" href=\"https:\/\/cesunovads.edu.lv\/cesu1psk\/wp-content\/uploads\/sites\/7\/2024\/08\/SKOLAS-PADOMES-REGLAMENTS_2021.pdf\">SKOLAS PADOMES REGLAMENTS_2021<\/a><a href=\"https:\/\/cesunovads.edu.lv\/cesu1psk\/wp-content\/uploads\/sites\/7\/2024\/08\/SKOLAS-PADOMES-REGLAMENTS_2021.pdf\" class=\"wp-block-file__button wp-element-button\" download aria-describedby=\"wp-block-file--media-1d00952e-4106-4230-bbb3-463635a4fbb8\">Lejupiel\u0101d\u0113t<\/a><\/div>\n<\/div><\/details>\n\n\n\n<details class=\"wp-block-themeisle-blocks-accordion-item\"><summary class=\"wp-block-themeisle-blocks-accordion-item__title\"><div><strong>Skolas padomes san\u0101ksme 17.09.2025. <\/strong><\/div><\/summary><div class=\"wp-block-themeisle-blocks-accordion-item__content\">\n<p><strong><a href=\"https:\/\/drive.google.com\/file\/d\/1s2ABjTJsYCxUeaH1UHJoZoNqK8ukCfp-\/view?usp=sharing\">Skolas padomes san\u0101ksme<\/a><\/strong><\/p>\n<\/div><\/details>\n<\/div>\n<\/div>\n<\/div><\/div>\n\n\n\n<p><\/p>\n","protected":false},"excerpt":{"rendered":"","protected":false},"author":1,"featured_media":0,"parent":190,"menu_order":2,"comment_status":"closed","ping_status":"closed","template":"","meta":{"neve_meta_sidebar":"","neve_meta_container":"","neve_meta_enable_content_width":"","neve_meta_content_width":0,"neve_meta_title_alignment":"","neve_meta_author_avatar":"","neve_post_elements_order":"","neve_meta_disable_header":"","neve_meta_disable_footer":"","neve_meta_disable_title":"off","_themeisle_gutenberg_block_has_review":false,"footnotes":""},"class_list":["post-1054","page","type-page","status-publish","hentry"],"_links":{"self":[{"href":"https:\/\/cesunovads.edu.lv\/cesu1psk\/wp-json\/wp\/v2\/pages\/1054","targetHints":{"allow":["GET"]}}],"collection":[{"href":"https:\/\/cesunovads.edu.lv\/cesu1psk\/wp-json\/wp\/v2\/pages"}],"about":[{"href":"https:\/\/cesunovads.edu.lv\/cesu1psk\/wp-json\/wp\/v2\/types\/page"}],"author":[{"embeddable":true,"href":"https:\/\/cesunovads.edu.lv\/cesu1psk\/wp-json\/wp\/v2\/users\/1"}],"replies":[{"embeddable":true,"href":"https:\/\/cesunovads.edu.lv\/cesu1psk\/wp-json\/wp\/v2\/comments?post=1054"}],"version-history":[{"count":7,"href":"https:\/\/cesunovads.edu.lv\/cesu1psk\/wp-json\/wp\/v2\/pages\/1054\/revisions"}],"predecessor-version":[{"id":1779,"href":"https:\/\/cesunovads.edu.lv\/cesu1psk\/wp-json\/wp\/v2\/pages\/1054\/revisions\/1779"}],"up":[{"embeddable":true,"href":"https:\/\/cesunovads.edu.lv\/cesu1psk\/wp-json\/wp\/v2\/pages\/190"}],"wp:attachment":[{"href":"https:\/\/cesunovads.edu.lv\/cesu1psk\/wp-json\/wp\/v2\/media?parent=1054"}],"curies":[{"name":"wp","href":"https:\/\/api.w.org\/{rel}","templated":true}]}}