{"id":1798,"date":"2025-10-14T13:24:34","date_gmt":"2025-10-14T11:24:34","guid":{"rendered":"https:\/\/cesunovads.edu.lv\/cesu1psk\/?page_id=1798"},"modified":"2025-10-20T13:59:21","modified_gmt":"2025-10-20T11:59:21","slug":"karjeras-izglitiba","status":"publish","type":"page","link":"https:\/\/cesunovads.edu.lv\/cesu1psk\/karjeras-izglitiba\/","title":{"rendered":"Karjeras izgl\u012bt\u012bba"},"content":{"rendered":"\n<h5 class=\"wp-block-heading\">C\u0113su 1. pamatskolas karjeras izgl\u012bt\u012bbas programma<\/h5>\n\n\n\n<p><a href=\"https:\/\/drive.google.com\/file\/d\/1Whiu8Lu2RSLIRv-k-wnTWM2z4DRH_Y0E\/view?usp=sharing\">Saite uz C\u0113su 1.pamatskolas karjeras izgl\u012bt\u012bbas programmu<\/a><\/p>\n\n\n\n<h5 class=\"wp-block-heading\">Karjeras izgl\u012bt\u012bbas konsultante Ilze Breide<\/h5>\n\n\n\n<p>kontaktinform\u0101cija: ilze.breide@cesunovads.edu.lv<\/p>\n\n\n\n<h2 class=\"wp-block-heading\">Karjeras izgl\u012bt\u012bbas pas\u0101kumi 2025.\/2026.m.g.<\/h2>\n\n\n\n<figure class=\"wp-block-image size-full\"><img loading=\"lazy\" decoding=\"async\" width=\"800\" height=\"450\" src=\"https:\/\/cesunovads.edu.lv\/cesu1psk\/wp-content\/uploads\/sites\/7\/2025\/10\/Karjeras_nedela_2025_vizualizacija.png\" alt=\"\" class=\"wp-image-1824\" srcset=\"https:\/\/cesunovads.edu.lv\/cesu1psk\/wp-content\/uploads\/sites\/7\/2025\/10\/Karjeras_nedela_2025_vizualizacija.png 800w, https:\/\/cesunovads.edu.lv\/cesu1psk\/wp-content\/uploads\/sites\/7\/2025\/10\/Karjeras_nedela_2025_vizualizacija-300x169.png 300w, https:\/\/cesunovads.edu.lv\/cesu1psk\/wp-content\/uploads\/sites\/7\/2025\/10\/Karjeras_nedela_2025_vizualizacija-768x432.png 768w\" sizes=\"auto, (max-width: 800px) 100vw, 800px\" \/><\/figure>\n\n\n\n<div class=\"wp-block-columns is-layout-flex wp-container-core-columns-is-layout-9d6595d7 wp-block-columns-is-layout-flex\">\n<div class=\"wp-block-column is-layout-flow wp-block-column-is-layout-flow\" style=\"flex-basis:66.66%\">\n<figure class=\"wp-block-image size-large is-resized\"><img loading=\"lazy\" decoding=\"async\" width=\"1024\" height=\"688\" src=\"https:\/\/cesunovads.edu.lv\/cesu1psk\/wp-content\/uploads\/sites\/7\/2025\/10\/6_a-1024x688.jpg\" alt=\"\" class=\"wp-image-1826\" style=\"width:533px;height:auto\" srcset=\"https:\/\/cesunovads.edu.lv\/cesu1psk\/wp-content\/uploads\/sites\/7\/2025\/10\/6_a-1024x688.jpg 1024w, https:\/\/cesunovads.edu.lv\/cesu1psk\/wp-content\/uploads\/sites\/7\/2025\/10\/6_a-300x202.jpg 300w, https:\/\/cesunovads.edu.lv\/cesu1psk\/wp-content\/uploads\/sites\/7\/2025\/10\/6_a-768x516.jpg 768w, https:\/\/cesunovads.edu.lv\/cesu1psk\/wp-content\/uploads\/sites\/7\/2025\/10\/6_a-1536x1032.jpg 1536w, https:\/\/cesunovads.edu.lv\/cesu1psk\/wp-content\/uploads\/sites\/7\/2025\/10\/6_a.jpg 2048w\" sizes=\"auto, (max-width: 1024px) 100vw, 1024px\" \/><\/figure>\n<\/div>\n\n\n\n<div class=\"wp-block-column is-layout-flow wp-block-column-is-layout-flow\" style=\"flex-basis:33.33%\">\n<p><strong>07.10.2025.<\/strong><\/p>\n\n\n\n<p>Karjeras ned\u0113\u013cas ietvaros, pie 6.a klases viesoj\u0101s satura veidot\u0101js Edgars Aivars, lai past\u0101st\u012btu par savu profesiju un t\u0101s aizkulis\u0113m.<\/p>\n<\/div>\n<\/div>\n\n\n\n<div class=\"wp-block-columns is-layout-flex wp-container-core-columns-is-layout-9d6595d7 wp-block-columns-is-layout-flex\">\n<div class=\"wp-block-column is-layout-flow wp-block-column-is-layout-flow\" style=\"flex-basis:33.33%\">\n<p><strong>07.10.2025.<\/strong><\/p>\n\n\n\n<p>Karjeras ned\u0113\u013cas ietvaros pie 2.klases skol\u0113niem ciemoj\u0101s L\u012bva Gr\u0101pe. Vi\u0146a dal\u012bj\u0101s pieredz\u0113 par p\u013cavas daudzveid\u012bbas <a><\/a>noz\u012bmi m\u016bsu ikdien\u0101 un ilgtermi\u0146\u0101, st\u0101st\u012bja, cik svar\u012bgi ir kukai\u0146i un putni dab\u0101. Skol\u0113ni dal\u012bj\u0101s ar\u012b sav\u0101 pieredz\u0113 k\u0101 ikdien\u0101 var pal\u012bdz\u0113t dabai.<\/p>\n\n\n\n<p>Nodarb\u012bbas nosl\u0113gum\u0101 klaus\u012bj\u0101mies m\u016bziku, k\u0101du rada augi.<\/p>\n<\/div>\n\n\n\n<div class=\"wp-block-column is-layout-flow wp-block-column-is-layout-flow\" style=\"flex-basis:66.66%\">\n<figure class=\"wp-block-gallery has-nested-images columns-default is-cropped wp-block-gallery-1 is-layout-flex wp-block-gallery-is-layout-flex\">\n<figure class=\"wp-block-image size-large\"><img loading=\"lazy\" decoding=\"async\" width=\"768\" height=\"1024\" data-id=\"1827\" src=\"https:\/\/cesunovads.edu.lv\/cesu1psk\/wp-content\/uploads\/sites\/7\/2025\/10\/Grape2-768x1024.jpg\" alt=\"\" class=\"wp-image-1827\" srcset=\"https:\/\/cesunovads.edu.lv\/cesu1psk\/wp-content\/uploads\/sites\/7\/2025\/10\/Grape2-768x1024.jpg 768w, https:\/\/cesunovads.edu.lv\/cesu1psk\/wp-content\/uploads\/sites\/7\/2025\/10\/Grape2-225x300.jpg 225w, https:\/\/cesunovads.edu.lv\/cesu1psk\/wp-content\/uploads\/sites\/7\/2025\/10\/Grape2-1152x1536.jpg 1152w, https:\/\/cesunovads.edu.lv\/cesu1psk\/wp-content\/uploads\/sites\/7\/2025\/10\/Grape2.jpg 1200w\" sizes=\"auto, (max-width: 768px) 100vw, 768px\" \/><\/figure>\n\n\n\n<figure class=\"wp-block-image size-large\"><img loading=\"lazy\" decoding=\"async\" width=\"768\" height=\"1024\" data-id=\"1828\" src=\"https:\/\/cesunovads.edu.lv\/cesu1psk\/wp-content\/uploads\/sites\/7\/2025\/10\/Grape1-768x1024.jpg\" alt=\"\" class=\"wp-image-1828\" srcset=\"https:\/\/cesunovads.edu.lv\/cesu1psk\/wp-content\/uploads\/sites\/7\/2025\/10\/Grape1-768x1024.jpg 768w, https:\/\/cesunovads.edu.lv\/cesu1psk\/wp-content\/uploads\/sites\/7\/2025\/10\/Grape1-225x300.jpg 225w, https:\/\/cesunovads.edu.lv\/cesu1psk\/wp-content\/uploads\/sites\/7\/2025\/10\/Grape1-1152x1536.jpg 1152w, https:\/\/cesunovads.edu.lv\/cesu1psk\/wp-content\/uploads\/sites\/7\/2025\/10\/Grape1.jpg 1200w\" sizes=\"auto, (max-width: 768px) 100vw, 768px\" \/><\/figure>\n<\/figure>\n<\/div>\n<\/div>\n\n\n\n<div class=\"wp-block-columns is-layout-flex wp-container-core-columns-is-layout-9d6595d7 wp-block-columns-is-layout-flex\">\n<div class=\"wp-block-column is-layout-flow wp-block-column-is-layout-flow\" style=\"flex-basis:66.66%\">\n<figure class=\"wp-block-image size-large is-resized\"><img loading=\"lazy\" decoding=\"async\" width=\"1024\" height=\"768\" src=\"https:\/\/cesunovads.edu.lv\/cesu1psk\/wp-content\/uploads\/sites\/7\/2025\/10\/Armija-1024x768.jpg\" alt=\"\" class=\"wp-image-1829\" style=\"width:509px;height:auto\" srcset=\"https:\/\/cesunovads.edu.lv\/cesu1psk\/wp-content\/uploads\/sites\/7\/2025\/10\/Armija-1024x768.jpg 1024w, https:\/\/cesunovads.edu.lv\/cesu1psk\/wp-content\/uploads\/sites\/7\/2025\/10\/Armija-300x225.jpg 300w, https:\/\/cesunovads.edu.lv\/cesu1psk\/wp-content\/uploads\/sites\/7\/2025\/10\/Armija-400x300.jpg 400w, https:\/\/cesunovads.edu.lv\/cesu1psk\/wp-content\/uploads\/sites\/7\/2025\/10\/Armija-768x576.jpg 768w, https:\/\/cesunovads.edu.lv\/cesu1psk\/wp-content\/uploads\/sites\/7\/2025\/10\/Armija-1536x1152.jpg 1536w, https:\/\/cesunovads.edu.lv\/cesu1psk\/wp-content\/uploads\/sites\/7\/2025\/10\/Armija.jpg 1600w\" sizes=\"auto, (max-width: 1024px) 100vw, 1024px\" \/><\/figure>\n<\/div>\n\n\n\n<div class=\"wp-block-column is-layout-flow wp-block-column-is-layout-flow\" style=\"flex-basis:33.33%\">\n<p><strong>09.10.2025.<\/strong><\/p>\n\n\n\n<p>Karjeras ned\u0113\u013cas ietvaros pie 1.a klases skol\u0113niem ciemoj\u0101s Elzas t\u0113tis, kur\u0161 iepaz\u012bstin\u0101ja ar karav\u012bra profesiju. Skol\u0113niem bija iesp\u0113ja uzzin\u0101t, kas ir nepiecie\u0161ams, lai str\u0101d\u0101tu \u0161aj\u0101 profesij\u0101, k\u0101da ir karav\u012bra ikdiena un pien\u0101kumi, k\u0101 ar\u012b apskat\u012bt ekip\u0113jumu.<\/p>\n<\/div>\n<\/div>\n\n\n\n<div class=\"wp-block-columns is-layout-flex wp-container-core-columns-is-layout-9d6595d7 wp-block-columns-is-layout-flex\">\n<div class=\"wp-block-column is-layout-flow wp-block-column-is-layout-flow\" style=\"flex-basis:33.33%\">\n<p><strong>09.10.2025.<\/strong><\/p>\n\n\n\n<p>Karjeras ned\u0113\u013cas ietvaros pie 1.b klases ciemoj\u0101s S\u0101ras t\u0113tis. Skol\u0113ni uzzin\u0101ja, k\u0101das zin\u0101\u0161anas un prasmes nepiecie\u0161amas, lai str\u0101d\u0101tu Kosmosa centr\u0101 un guva priek\u0161statu par ekspoz\u012bciju veido\u0161anu un nodarb\u012bbu vad\u012b\u0161anu.<\/p>\n<\/div>\n\n\n\n<div class=\"wp-block-column is-layout-flow wp-block-column-is-layout-flow\" style=\"flex-basis:66.66%\">\n<figure class=\"wp-block-image size-large is-resized\"><img loading=\"lazy\" decoding=\"async\" width=\"1024\" height=\"576\" src=\"https:\/\/cesunovads.edu.lv\/cesu1psk\/wp-content\/uploads\/sites\/7\/2025\/10\/sara-1024x576.jpg\" alt=\"\" class=\"wp-image-1830\" style=\"width:469px;height:auto\" srcset=\"https:\/\/cesunovads.edu.lv\/cesu1psk\/wp-content\/uploads\/sites\/7\/2025\/10\/sara-1024x576.jpg 1024w, https:\/\/cesunovads.edu.lv\/cesu1psk\/wp-content\/uploads\/sites\/7\/2025\/10\/sara-300x169.jpg 300w, https:\/\/cesunovads.edu.lv\/cesu1psk\/wp-content\/uploads\/sites\/7\/2025\/10\/sara-768x432.jpg 768w, https:\/\/cesunovads.edu.lv\/cesu1psk\/wp-content\/uploads\/sites\/7\/2025\/10\/sara-1536x864.jpg 1536w, https:\/\/cesunovads.edu.lv\/cesu1psk\/wp-content\/uploads\/sites\/7\/2025\/10\/sara.jpg 1600w\" sizes=\"auto, (max-width: 1024px) 100vw, 1024px\" \/><\/figure>\n<\/div>\n<\/div>\n\n\n\n<div class=\"wp-block-columns is-layout-flex wp-container-core-columns-is-layout-9d6595d7 wp-block-columns-is-layout-flex\">\n<div class=\"wp-block-column is-layout-flow wp-block-column-is-layout-flow\" style=\"flex-basis:66.66%\">\n<figure class=\"wp-block-gallery has-nested-images columns-default is-cropped wp-block-gallery-2 is-layout-flex wp-block-gallery-is-layout-flex\">\n<figure class=\"wp-block-image size-large\"><img loading=\"lazy\" decoding=\"async\" width=\"1024\" height=\"768\" data-id=\"1832\" src=\"https:\/\/cesunovads.edu.lv\/cesu1psk\/wp-content\/uploads\/sites\/7\/2025\/10\/Galdnieks1-1024x768.jpg\" alt=\"\" class=\"wp-image-1832\" srcset=\"https:\/\/cesunovads.edu.lv\/cesu1psk\/wp-content\/uploads\/sites\/7\/2025\/10\/Galdnieks1-1024x768.jpg 1024w, https:\/\/cesunovads.edu.lv\/cesu1psk\/wp-content\/uploads\/sites\/7\/2025\/10\/Galdnieks1-300x225.jpg 300w, https:\/\/cesunovads.edu.lv\/cesu1psk\/wp-content\/uploads\/sites\/7\/2025\/10\/Galdnieks1-400x300.jpg 400w, https:\/\/cesunovads.edu.lv\/cesu1psk\/wp-content\/uploads\/sites\/7\/2025\/10\/Galdnieks1-768x576.jpg 768w, https:\/\/cesunovads.edu.lv\/cesu1psk\/wp-content\/uploads\/sites\/7\/2025\/10\/Galdnieks1-1536x1152.jpg 1536w, https:\/\/cesunovads.edu.lv\/cesu1psk\/wp-content\/uploads\/sites\/7\/2025\/10\/Galdnieks1.jpg 2000w\" sizes=\"auto, (max-width: 1024px) 100vw, 1024px\" \/><\/figure>\n\n\n\n<figure class=\"wp-block-image size-large\"><img loading=\"lazy\" decoding=\"async\" width=\"600\" height=\"450\" data-id=\"1831\" src=\"https:\/\/cesunovads.edu.lv\/cesu1psk\/wp-content\/uploads\/sites\/7\/2025\/10\/Galdnieks.jpg\" alt=\"\" class=\"wp-image-1831\" srcset=\"https:\/\/cesunovads.edu.lv\/cesu1psk\/wp-content\/uploads\/sites\/7\/2025\/10\/Galdnieks.jpg 600w, https:\/\/cesunovads.edu.lv\/cesu1psk\/wp-content\/uploads\/sites\/7\/2025\/10\/Galdnieks-300x225.jpg 300w, https:\/\/cesunovads.edu.lv\/cesu1psk\/wp-content\/uploads\/sites\/7\/2025\/10\/Galdnieks-400x300.jpg 400w\" sizes=\"auto, (max-width: 600px) 100vw, 600px\" \/><\/figure>\n<\/figure>\n<\/div>\n\n\n\n<div class=\"wp-block-column is-layout-flow wp-block-column-is-layout-flow\" style=\"flex-basis:33.33%\">\n<p><strong>10.10.2025.<\/strong><\/p>\n\n\n\n<p>Karjeras ned\u0113\u013c\u0101 6.b klase iepazina m\u0113be\u013cu galdnieka profesiju. Par to st\u0101st\u012bja un r\u0101d\u012bja Em\u012blijas t\u0113tis.<\/p>\n<\/div>\n<\/div>\n\n\n\n<div class=\"wp-block-columns is-layout-flex wp-container-core-columns-is-layout-9d6595d7 wp-block-columns-is-layout-flex\">\n<div class=\"wp-block-column is-layout-flow wp-block-column-is-layout-flow\" style=\"flex-basis:33.33%\">\n<p><strong>11.10.2025.<\/strong><\/p>\n\n\n\n<p>Karjeras ned\u0113\u013cas ietvaros pie 2.klases skol\u0113niem ciemoj\u0101s Sniedze Ga\u0161tola &#8211; Kalni\u0146a.<\/p>\n\n\n\n<p>Sniedze st\u0101st\u012bja par ap\u0123\u0113rbu <a><\/a>ilgtsp\u0113ju. Skol\u0113ni apskat\u012bja da\u017e\u0101dus audumus, uzzin\u0101ja, no k\u0101 ra\u017eo audumus. Interesanti bija uzzin\u0101t, ka, p\u0101rstr\u0101d\u0101jot plastmasu, ra\u017eo diegus, no kuriem darina somas.<\/p>\n\n\n\n<p>Sniedze par\u0101d\u012bja, k\u0101, p\u0101r\u0161ujot da\u017e\u0101dus ap\u0123\u0113rbus, top jauns un stil\u012bgs krekls.<\/p>\n\n\n\n<p>Nodarb\u012bbas otraj\u0101 da\u013c\u0101 skol\u0113ni darboj\u0101s praktiski &#8211; vi\u0146iem l\u012bdzi bija ap\u0123\u0113rbi, kuri ir iepl\u0113sti vai ar traipu &#8211; tiem, uzliekot interesantas uzl\u012bmes, pagarin\u0101ja m\u016b\u017eu.<\/p>\n<\/div>\n\n\n\n<div class=\"wp-block-column is-layout-flow wp-block-column-is-layout-flow\" style=\"flex-basis:66.66%\">\n<figure class=\"wp-block-gallery has-nested-images columns-default is-cropped wp-block-gallery-3 is-layout-flex wp-block-gallery-is-layout-flex\">\n<figure class=\"wp-block-image size-large\"><img loading=\"lazy\" decoding=\"async\" width=\"768\" height=\"1024\" data-id=\"1833\" src=\"https:\/\/cesunovads.edu.lv\/cesu1psk\/wp-content\/uploads\/sites\/7\/2025\/10\/ILgtspeja2-768x1024.jpg\" alt=\"\" class=\"wp-image-1833\" srcset=\"https:\/\/cesunovads.edu.lv\/cesu1psk\/wp-content\/uploads\/sites\/7\/2025\/10\/ILgtspeja2-768x1024.jpg 768w, https:\/\/cesunovads.edu.lv\/cesu1psk\/wp-content\/uploads\/sites\/7\/2025\/10\/ILgtspeja2-225x300.jpg 225w, https:\/\/cesunovads.edu.lv\/cesu1psk\/wp-content\/uploads\/sites\/7\/2025\/10\/ILgtspeja2-1152x1536.jpg 1152w, https:\/\/cesunovads.edu.lv\/cesu1psk\/wp-content\/uploads\/sites\/7\/2025\/10\/ILgtspeja2.jpg 1500w\" sizes=\"auto, (max-width: 768px) 100vw, 768px\" \/><\/figure>\n\n\n\n<figure class=\"wp-block-image size-large\"><img loading=\"lazy\" decoding=\"async\" width=\"768\" height=\"1024\" data-id=\"1834\" src=\"https:\/\/cesunovads.edu.lv\/cesu1psk\/wp-content\/uploads\/sites\/7\/2025\/10\/Ilgtspeja-768x1024.jpg\" alt=\"\" class=\"wp-image-1834\" srcset=\"https:\/\/cesunovads.edu.lv\/cesu1psk\/wp-content\/uploads\/sites\/7\/2025\/10\/Ilgtspeja-768x1024.jpg 768w, https:\/\/cesunovads.edu.lv\/cesu1psk\/wp-content\/uploads\/sites\/7\/2025\/10\/Ilgtspeja-225x300.jpg 225w, https:\/\/cesunovads.edu.lv\/cesu1psk\/wp-content\/uploads\/sites\/7\/2025\/10\/Ilgtspeja-1152x1536.jpg 1152w, https:\/\/cesunovads.edu.lv\/cesu1psk\/wp-content\/uploads\/sites\/7\/2025\/10\/Ilgtspeja.jpg 1500w\" sizes=\"auto, (max-width: 768px) 100vw, 768px\" \/><\/figure>\n<\/figure>\n<\/div>\n<\/div>\n\n\n\n<div class=\"wp-block-columns is-layout-flex wp-container-core-columns-is-layout-9d6595d7 wp-block-columns-is-layout-flex\">\n<div class=\"wp-block-column is-layout-flow wp-block-column-is-layout-flow\" style=\"flex-basis:66.66%\">\n<figure class=\"wp-block-image size-full is-resized\"><img loading=\"lazy\" decoding=\"async\" width=\"600\" height=\"450\" src=\"https:\/\/cesunovads.edu.lv\/cesu1psk\/wp-content\/uploads\/sites\/7\/2025\/10\/Ieber.jpg\" alt=\"\" class=\"wp-image-1835\" style=\"width:408px;height:auto\" srcset=\"https:\/\/cesunovads.edu.lv\/cesu1psk\/wp-content\/uploads\/sites\/7\/2025\/10\/Ieber.jpg 600w, https:\/\/cesunovads.edu.lv\/cesu1psk\/wp-content\/uploads\/sites\/7\/2025\/10\/Ieber-300x225.jpg 300w, https:\/\/cesunovads.edu.lv\/cesu1psk\/wp-content\/uploads\/sites\/7\/2025\/10\/Ieber-400x300.jpg 400w\" sizes=\"auto, (max-width: 600px) 100vw, 600px\" \/><\/figure>\n<\/div>\n\n\n\n<div class=\"wp-block-column is-layout-flow wp-block-column-is-layout-flow\" style=\"flex-basis:33.33%\">\n<p><strong>12.10.2025.<\/strong><\/p>\n\n\n\n<p>Karjeras ned\u0113\u013cas ietvaros 1.a klase dev\u0101s pie Filipa mammas uz uz\u0146\u0113mumu <a href=\"http:\/\/ieber.lv\/?fbclid=IwZXh0bgNhZW0CMTAAYnJpZBEweVlHb3dMbWpIM3lxT0V5ZQEeO5D_07E2bYULANnq0qWxAG-drKjoTqknrKC_BmnMRrtgAJeNXiHONev36YY_aem_GwZNdn2p06YAXXNtVMEdkw\" rel=\"noreferrer noopener\" target=\"_blank\">ieber.lv.<\/a><\/p>\n\n\n\n<p>Skol\u0113niem bija iesp\u0113ja uzzin\u0101t, kas <a><\/a>notiek \u0161aj\u0101 uz\u0146\u0113mum\u0101, k\u0101p\u0113c j\u0101sarg\u0101 daba un, protams, ar\u012b nopirkt da\u017e\u0101dus na\u0161\u0137us.<\/p>\n<\/div>\n<\/div>\n\n\n\n<div class=\"wp-block-columns is-layout-flex wp-container-core-columns-is-layout-9d6595d7 wp-block-columns-is-layout-flex\">\n<div class=\"wp-block-column is-layout-flow wp-block-column-is-layout-flow\" style=\"flex-basis:33.33%\">\n<p><strong>13.10.2025.<\/strong><\/p>\n\n\n\n<p>\u0160odien 1.b klas\u0113 viesoj\u0101s Ol\u012bvijas mamma. Vi\u0146a<\/p>\n\n\n\n<p>iepaz\u012bstin\u0101ja b\u0113rnus ar juveliera profesiju. Skol\u0113ni uzzin\u0101ja, k\u0101das <a><\/a>zin\u0101\u0161anas un prasmes nepiecie\u0161amas rotaslietu veido\u0161an\u0101.<\/p>\n<\/div>\n\n\n\n<div class=\"wp-block-column is-layout-flow wp-block-column-is-layout-flow\" style=\"flex-basis:66.66%\">\n<figure class=\"wp-block-gallery has-nested-images columns-default is-cropped wp-block-gallery-4 is-layout-flex wp-block-gallery-is-layout-flex\">\n<figure class=\"wp-block-image size-large\"><img loading=\"lazy\" decoding=\"async\" width=\"576\" height=\"1024\" data-id=\"1836\" src=\"https:\/\/cesunovads.edu.lv\/cesu1psk\/wp-content\/uploads\/sites\/7\/2025\/10\/Juvelieris1-576x1024.jpg\" alt=\"\" class=\"wp-image-1836\" srcset=\"https:\/\/cesunovads.edu.lv\/cesu1psk\/wp-content\/uploads\/sites\/7\/2025\/10\/Juvelieris1-576x1024.jpg 576w, https:\/\/cesunovads.edu.lv\/cesu1psk\/wp-content\/uploads\/sites\/7\/2025\/10\/Juvelieris1-169x300.jpg 169w, https:\/\/cesunovads.edu.lv\/cesu1psk\/wp-content\/uploads\/sites\/7\/2025\/10\/Juvelieris1-768x1365.jpg 768w, https:\/\/cesunovads.edu.lv\/cesu1psk\/wp-content\/uploads\/sites\/7\/2025\/10\/Juvelieris1-864x1536.jpg 864w, https:\/\/cesunovads.edu.lv\/cesu1psk\/wp-content\/uploads\/sites\/7\/2025\/10\/Juvelieris1.jpg 900w\" sizes=\"auto, (max-width: 576px) 100vw, 576px\" \/><\/figure>\n\n\n\n<figure class=\"wp-block-image size-large\"><img loading=\"lazy\" decoding=\"async\" width=\"1024\" height=\"576\" data-id=\"1837\" src=\"https:\/\/cesunovads.edu.lv\/cesu1psk\/wp-content\/uploads\/sites\/7\/2025\/10\/Juvelieris-1024x576.jpg\" alt=\"\" class=\"wp-image-1837\" srcset=\"https:\/\/cesunovads.edu.lv\/cesu1psk\/wp-content\/uploads\/sites\/7\/2025\/10\/Juvelieris-1024x576.jpg 1024w, https:\/\/cesunovads.edu.lv\/cesu1psk\/wp-content\/uploads\/sites\/7\/2025\/10\/Juvelieris-300x169.jpg 300w, https:\/\/cesunovads.edu.lv\/cesu1psk\/wp-content\/uploads\/sites\/7\/2025\/10\/Juvelieris-768x432.jpg 768w, https:\/\/cesunovads.edu.lv\/cesu1psk\/wp-content\/uploads\/sites\/7\/2025\/10\/Juvelieris-1536x864.jpg 1536w, https:\/\/cesunovads.edu.lv\/cesu1psk\/wp-content\/uploads\/sites\/7\/2025\/10\/Juvelieris.jpg 1600w\" sizes=\"auto, (max-width: 1024px) 100vw, 1024px\" \/><\/figure>\n<\/figure>\n<\/div>\n<\/div>\n\n\n\n<h3 class=\"wp-block-heading\">6.a klase iepaz\u012bst mediju pasauli<\/h3>\n\n\n\n<div class=\"wp-block-columns is-layout-flex wp-container-core-columns-is-layout-9d6595d7 wp-block-columns-is-layout-flex\">\n<div class=\"wp-block-column is-layout-flow wp-block-column-is-layout-flow\" style=\"flex-basis:33.33%\">\n<p>6.a klase 16.oktobr\u012b dev\u0101s aizraujo\u0161\u0101 ekskursij\u0101 uz TV3 un radio StarFM. M\u0113s redz\u0113j\u0101m, k\u0101 top raid\u012bjumi, iepazin\u0101m film\u0113\u0161anas studijas un pat bij\u0101m radio \u0113ter\u0101!<\/p>\n<\/div>\n\n\n\n<div class=\"wp-block-column is-layout-flow wp-block-column-is-layout-flow\" style=\"flex-basis:66.66%\">\n<figure class=\"wp-block-image size-large\"><img loading=\"lazy\" decoding=\"async\" width=\"1024\" height=\"683\" src=\"https:\/\/cesunovads.edu.lv\/cesu1psk\/wp-content\/uploads\/sites\/7\/2025\/10\/Mediji-1024x683.jpg\" alt=\"\" class=\"wp-image-1838\" srcset=\"https:\/\/cesunovads.edu.lv\/cesu1psk\/wp-content\/uploads\/sites\/7\/2025\/10\/Mediji-1024x683.jpg 1024w, https:\/\/cesunovads.edu.lv\/cesu1psk\/wp-content\/uploads\/sites\/7\/2025\/10\/Mediji-300x200.jpg 300w, https:\/\/cesunovads.edu.lv\/cesu1psk\/wp-content\/uploads\/sites\/7\/2025\/10\/Mediji-768x512.jpg 768w, https:\/\/cesunovads.edu.lv\/cesu1psk\/wp-content\/uploads\/sites\/7\/2025\/10\/Mediji-930x620.jpg 930w, https:\/\/cesunovads.edu.lv\/cesu1psk\/wp-content\/uploads\/sites\/7\/2025\/10\/Mediji.jpg 1500w\" sizes=\"auto, (max-width: 1024px) 100vw, 1024px\" \/><\/figure>\n<\/div>\n<\/div>\n","protected":false},"excerpt":{"rendered":"<p>C\u0113su 1. pamatskolas karjeras izgl\u012bt\u012bbas programma Saite uz C\u0113su 1.pamatskolas karjeras izgl\u012bt\u012bbas programmu Karjeras izgl\u012bt\u012bbas konsultante Ilze Breide kontaktinform\u0101cija: ilze.breide@cesunovads.edu.lv Karjeras izgl\u012bt\u012bbas pas\u0101kumi 2025.\/2026.m.g. 07.10.2025. Karjeras ned\u0113\u013cas ietvaros, pie 6.a klases viesoj\u0101s satura veidot\u0101js Edgars Aivars, lai past\u0101st\u012btu par savu profesiju un t\u0101s aizkulis\u0113m. 07.10.2025. Karjeras ned\u0113\u013cas ietvaros pie 2.klases skol\u0113niem ciemoj\u0101s L\u012bva Gr\u0101pe. Vi\u0146a&hellip;&nbsp;<a href=\"https:\/\/cesunovads.edu.lv\/cesu1psk\/karjeras-izglitiba\/\" rel=\"bookmark\">Read More &raquo;<span class=\"screen-reader-text\">Karjeras izgl\u012bt\u012bba<\/span><\/a><\/p>\n","protected":false},"author":7,"featured_media":0,"parent":0,"menu_order":0,"comment_status":"closed","ping_status":"closed","template":"","meta":{"neve_meta_sidebar":"","neve_meta_container":"","neve_meta_enable_content_width":"","neve_meta_content_width":0,"neve_meta_title_alignment":"","neve_meta_author_avatar":"","neve_post_elements_order":"","neve_meta_disable_header":"","neve_meta_disable_footer":"","neve_meta_disable_title":"","_themeisle_gutenberg_block_has_review":false,"footnotes":""},"class_list":["post-1798","page","type-page","status-publish","hentry"],"_links":{"self":[{"href":"https:\/\/cesunovads.edu.lv\/cesu1psk\/wp-json\/wp\/v2\/pages\/1798","targetHints":{"allow":["GET"]}}],"collection":[{"href":"https:\/\/cesunovads.edu.lv\/cesu1psk\/wp-json\/wp\/v2\/pages"}],"about":[{"href":"https:\/\/cesunovads.edu.lv\/cesu1psk\/wp-json\/wp\/v2\/types\/page"}],"author":[{"embeddable":true,"href":"https:\/\/cesunovads.edu.lv\/cesu1psk\/wp-json\/wp\/v2\/users\/7"}],"replies":[{"embeddable":true,"href":"https:\/\/cesunovads.edu.lv\/cesu1psk\/wp-json\/wp\/v2\/comments?post=1798"}],"version-history":[{"count":4,"href":"https:\/\/cesunovads.edu.lv\/cesu1psk\/wp-json\/wp\/v2\/pages\/1798\/revisions"}],"predecessor-version":[{"id":1839,"href":"https:\/\/cesunovads.edu.lv\/cesu1psk\/wp-json\/wp\/v2\/pages\/1798\/revisions\/1839"}],"wp:attachment":[{"href":"https:\/\/cesunovads.edu.lv\/cesu1psk\/wp-json\/wp\/v2\/media?parent=1798"}],"curies":[{"name":"wp","href":"https:\/\/api.w.org\/{rel}","templated":true}]}}