{"id":194,"date":"2023-11-16T19:21:44","date_gmt":"2023-11-16T19:21:44","guid":{"rendered":"https:\/\/cesunovads.edu.lv\/cesu1psk\/?page_id=194"},"modified":"2025-08-28T10:59:35","modified_gmt":"2025-08-28T08:59:35","slug":"uznemsana","status":"publish","type":"page","link":"https:\/\/cesunovads.edu.lv\/cesu1psk\/uznemsana\/","title":{"rendered":"Uz\u0146em\u0161ana"},"content":{"rendered":"\n<div id=\"wp-block-themeisle-blocks-advanced-columns-cf68e3ef\" class=\"wp-block-themeisle-blocks-advanced-columns has-1-columns has-desktop-equal-layout has-tablet-equal-layout has-mobile-equal-layout has-vertical-unset\"><div class=\"wp-block-themeisle-blocks-advanced-columns-overlay\"><\/div><div class=\"innerblocks-wrap\">\n<div id=\"wp-block-themeisle-blocks-advanced-column-99f86409\" class=\"wp-block-themeisle-blocks-advanced-column\">\n<h4 class=\"wp-block-heading\"><\/h4>\n\n\n\n<div id=\"wp-block-themeisle-blocks-accordion-4a67fd9c\" data-has-schema=\"false\" class=\"wp-block-themeisle-blocks-accordion icon-first is-style-default  has-light-content-bg has-light-active-title-bg\">\n<details class=\"wp-block-themeisle-blocks-accordion-item\"><summary class=\"wp-block-themeisle-blocks-accordion-item__title\"><div><strong>Uz\u0146em\u0161ana  1. klas\u0113<\/strong><\/div><\/summary><div class=\"wp-block-themeisle-blocks-accordion-item__content\">\n<p>Uz\u0146em\u0161ana 1. klas\u0113 tiek \u012bstenota, iev\u0113rojot 23.02.2023.noteikumus &#8220;Noteikumi par k\u0101rt\u012bbu, k\u0101d\u0101 b\u0113rnu re\u0123istr\u0113 un uz\u0146em C\u0113su novada pa\u0161vald\u012bbas visp\u0101r\u0113j\u0101s izgl\u012bt\u012bbas iest\u0101des 1.klas\u0113&#8221;.<\/p>\n\n\n\n<p>Pieteikumu 1.klasei var iesniegt elektroniski  <a href=\"https:\/\/epakalpojumi.cesis.lv\/\">https:\/\/epakalpojumi.cesis.lv\/<\/a> vai kl\u0101tien\u0113 skolas kancelej\u0101 darba dien\u0101s no 8.00-16.00.<\/p>\n\n\n\n<div data-wp-interactive=\"core\/file\" class=\"wp-block-file\"><object data-wp-bind--hidden=\"!state.hasPdfPreview\" hidden class=\"wp-block-file__embed\" data=\"https:\/\/cesunovads.edu.lv\/cesu1psk\/wp-content\/uploads\/sites\/7\/2024\/08\/Noteikumi-par-kartibu-bernu-uznemsanai-1_klase_23_02_2023_Nr_114.pdf\" type=\"application\/pdf\" style=\"width:100%;height:600px\" aria-label=\"Iegult Noteikumi par kartibu bernu uznemsanai 1_klase_23_02_2023_Nr_114.\"><\/object><a id=\"wp-block-file--media-96f98e00-1539-43de-877f-ddc6c32ee59f\" href=\"https:\/\/cesunovads.edu.lv\/cesu1psk\/wp-content\/uploads\/sites\/7\/2024\/08\/Noteikumi-par-kartibu-bernu-uznemsanai-1_klase_23_02_2023_Nr_114.pdf\">Noteikumi par kartibu bernu uznemsanai 1_klase_23_02_2023_Nr_114<\/a><a href=\"https:\/\/cesunovads.edu.lv\/cesu1psk\/wp-content\/uploads\/sites\/7\/2024\/08\/Noteikumi-par-kartibu-bernu-uznemsanai-1_klase_23_02_2023_Nr_114.pdf\" class=\"wp-block-file__button wp-element-button\" download aria-describedby=\"wp-block-file--media-96f98e00-1539-43de-877f-ddc6c32ee59f\">Lejupiel\u0101d\u0113t<\/a><\/div>\n<\/div><\/details>\n\n\n\n<details class=\"wp-block-themeisle-blocks-accordion-item\"><summary class=\"wp-block-themeisle-blocks-accordion-item__title\"><div><strong>Uz\u0146em\u0161ana skol\u0101<\/strong><\/div><\/summary><div class=\"wp-block-themeisle-blocks-accordion-item__content\">\n<p>Skola uz\u0146em izgl\u012btojamos vis\u0101s kla\u0161u grup\u0101s visu gadu, ja skol\u0101 ir br\u012bvas vietas. Pirms uz\u0146em\u0161anas sniedzam konsult\u0101ciju par skolas realiz\u0113to pamatizgl\u012bt\u012bbas  programmu, tiekoties kl\u0101tien\u0113 ar izgl\u012btojamo un vi\u0146a likumisko p\u0101rst\u0101vi. T\u0101lrunis uzzi\u0146\u0101m 64120467<\/p>\n\n\n\n<div class=\"wp-block-buttons is-layout-flex wp-block-buttons-is-layout-flex\">\n<div class=\"wp-block-button\"><a class=\"wp-block-button__link has-custom-6-background-color has-background wp-element-button\" href=\"https:\/\/docs.google.com\/document\/d\/14XOIx3raMoa6I7VtcPp7jnAdxDMHDaCH\/edit\">Atv\u0113rt un lejupiel\u0101d\u0113t iesniegumu aizpild\u012b\u0161anai<\/a><\/div>\n<\/div>\n<\/div><\/details>\n\n\n\n<details class=\"wp-block-themeisle-blocks-accordion-item\"><summary class=\"wp-block-themeisle-blocks-accordion-item__title\"><div><strong>Izgl\u012bt\u012bbas programmas<\/strong><\/div><\/summary><div class=\"wp-block-themeisle-blocks-accordion-item__content\">\n<p>Izgl\u012bt\u012bbas iest\u0101de \u012bsteno pamatizgl\u012bt\u012bbas programmu 21017111 ar augst\u0101kiem sasniedzamajiem rezult\u0101tiem kult\u016bras izpratnes un pa\u0161izpausmes m\u0101ksl\u0101 m\u0101c\u012bbu jom\u0101 \u2013 m\u016bzik\u0101.<\/p>\n\n\n\n<p>Izgl\u012bt\u012bbas iest\u0101des realiz\u0113t\u0101 izgl\u012bt\u012bbas programma sniedz iesp\u0113ju apg\u016bt instrumentsp\u0113li:<\/p>\n\n\n\n<ul class=\"wp-block-list\">\n<li>klavieres;<\/li>\n\n\n\n<li>akordeonu;<\/li>\n\n\n\n<li>vijoli;<\/li>\n\n\n\n<li>\u010dellu;<\/li>\n\n\n\n<li>\u0123it\u0101ru;<\/li>\n\n\n\n<li>p\u016b\u0161amos instrumentus;<\/li>\n\n\n\n<li>sitamos instrumentus.<\/li>\n<\/ul>\n\n\n\n<p>Skola pied\u0101v\u0101 iesp\u0113ju darboties muzik\u0101lajos kolekt\u012bvos:<\/p>\n\n\n\n<ul class=\"wp-block-list\">\n<li>1.kla\u0161u koros;<\/li>\n\n\n\n<li>2.-4.kla\u0161u meite\u0146u koros;<\/li>\n\n\n\n<li>2.-6.kla\u0161u z\u0113nu koros;<\/li>\n\n\n\n<li>5.-9.kla\u0161u meite\u0146u koros;<\/li>\n\n\n\n<li>p\u016bt\u0113ju or\u0137estr\u012b;<\/li>\n\n\n\n<li>akordeonistu ansambl\u012b;<\/li>\n\n\n\n<li>vok\u0101laj\u0101 ansambl\u012b;<\/li>\n\n\n\n<li>vok\u0101li instrument\u0101laj\u0101 ansambl\u012b.<\/li>\n<\/ul>\n\n\n\n<p>Skol\u0101 darbojas intere\u0161u izgl\u012bt\u012bbas pulci\u0146i:<\/p>\n\n\n\n<ul class=\"wp-block-list\">\n<li>tautisko deju kolekt\u012bvs (1.klase, 2.-3.klase);<\/li>\n\n\n\n<li>sporta pulci\u0146\u0161 &#8211; orient\u0113\u0161an\u0101s (1.-3.kl.);<\/li>\n\n\n\n<li>pulci\u0146\u0161 &#8220;Esi dro\u0161s!&#8221; (1.-2.klase);<\/li>\n<\/ul>\n\n\n\n<p>1.-2.kla\u0161u skol\u0113niem ir iesp\u0113ja piedal\u012bties robotikas pulci\u0146\u0101 (maksas pakalpojums, nodro\u0161ina Intere\u0161u izgl\u012bt\u012bbas iest\u0101de \u201c<em>B\u0113rnu centrs K\u0100 M\u0100J\u0100S<\/em>&#8220;)<\/p>\n<\/div><\/details>\n<\/div>\n<\/div>\n<\/div><\/div>\n\n\n\n<p><\/p>\n","protected":false},"excerpt":{"rendered":"","protected":false},"author":2,"featured_media":0,"parent":0,"menu_order":0,"comment_status":"closed","ping_status":"closed","template":"","meta":{"neve_meta_sidebar":"","neve_meta_container":"","neve_meta_enable_content_width":"","neve_meta_content_width":0,"neve_meta_title_alignment":"","neve_meta_author_avatar":"","neve_post_elements_order":"","neve_meta_disable_header":"","neve_meta_disable_footer":"","neve_meta_disable_title":"off","_themeisle_gutenberg_block_has_review":false,"footnotes":""},"class_list":["post-194","page","type-page","status-publish","hentry"],"_links":{"self":[{"href":"https:\/\/cesunovads.edu.lv\/cesu1psk\/wp-json\/wp\/v2\/pages\/194","targetHints":{"allow":["GET"]}}],"collection":[{"href":"https:\/\/cesunovads.edu.lv\/cesu1psk\/wp-json\/wp\/v2\/pages"}],"about":[{"href":"https:\/\/cesunovads.edu.lv\/cesu1psk\/wp-json\/wp\/v2\/types\/page"}],"author":[{"embeddable":true,"href":"https:\/\/cesunovads.edu.lv\/cesu1psk\/wp-json\/wp\/v2\/users\/2"}],"replies":[{"embeddable":true,"href":"https:\/\/cesunovads.edu.lv\/cesu1psk\/wp-json\/wp\/v2\/comments?post=194"}],"version-history":[{"count":30,"href":"https:\/\/cesunovads.edu.lv\/cesu1psk\/wp-json\/wp\/v2\/pages\/194\/revisions"}],"predecessor-version":[{"id":1689,"href":"https:\/\/cesunovads.edu.lv\/cesu1psk\/wp-json\/wp\/v2\/pages\/194\/revisions\/1689"}],"wp:attachment":[{"href":"https:\/\/cesunovads.edu.lv\/cesu1psk\/wp-json\/wp\/v2\/media?parent=194"}],"curies":[{"name":"wp","href":"https:\/\/api.w.org\/{rel}","templated":true}]}}