{"id":327,"date":"2023-11-28T07:15:17","date_gmt":"2023-11-28T07:15:17","guid":{"rendered":"https:\/\/cesunovads.edu.lv\/cesu1psk\/?page_id=327"},"modified":"2026-01-20T14:57:50","modified_gmt":"2026-01-20T12:57:50","slug":"skolas-personals","status":"publish","type":"page","link":"https:\/\/cesunovads.edu.lv\/cesu1psk\/par-skolu\/skolas-personals\/","title":{"rendered":"Skolas person\u0101ls"},"content":{"rendered":"\n<div id=\"wp-block-themeisle-blocks-advanced-columns-385d5cd3\" class=\"wp-block-themeisle-blocks-advanced-columns has-1-columns has-desktop-equal-layout has-tablet-equal-layout has-mobile-equal-layout has-vertical-unset\"><div class=\"wp-block-themeisle-blocks-advanced-columns-overlay\"><\/div><div class=\"innerblocks-wrap\">\n<div id=\"wp-block-themeisle-blocks-advanced-column-493c33c0\" class=\"wp-block-themeisle-blocks-advanced-column\">\n<p class=\"has-medium-font-size\">Skol\u0101 str\u0101d\u0101 sadarboties varo\u0161s un gribo\u0161s, draudz\u012bgs, rado\u0161s, uz att\u012bst\u012bbu v\u0113rsts un p\u0101rmai\u0146\u0101m atv\u0113rts pedagogu&nbsp; kolekt\u012bvs. Lepojamies, ka 10 skolas pedagogi ir ar\u012b C\u0113su 1. pamatskolas absolventi.<\/p>\n\n\n\n<figure class=\"wp-block-image size-large\"><img loading=\"lazy\" decoding=\"async\" width=\"1024\" height=\"590\" src=\"https:\/\/cesunovads.edu.lv\/cesu1psk\/wp-content\/uploads\/sites\/7\/2024\/10\/Skolotaji2024-1024x590.jpg\" alt=\"\" class=\"wp-image-1183\" srcset=\"https:\/\/cesunovads.edu.lv\/cesu1psk\/wp-content\/uploads\/sites\/7\/2024\/10\/Skolotaji2024-1024x590.jpg 1024w, https:\/\/cesunovads.edu.lv\/cesu1psk\/wp-content\/uploads\/sites\/7\/2024\/10\/Skolotaji2024-300x173.jpg 300w, https:\/\/cesunovads.edu.lv\/cesu1psk\/wp-content\/uploads\/sites\/7\/2024\/10\/Skolotaji2024-768x442.jpg 768w, https:\/\/cesunovads.edu.lv\/cesu1psk\/wp-content\/uploads\/sites\/7\/2024\/10\/Skolotaji2024-1536x884.jpg 1536w, https:\/\/cesunovads.edu.lv\/cesu1psk\/wp-content\/uploads\/sites\/7\/2024\/10\/Skolotaji2024-2048x1179.jpg 2048w\" sizes=\"auto, (max-width: 1024px) 100vw, 1024px\" \/><figcaption class=\"wp-element-caption\">C\u0113su 1.pamatskolas pedagogu kolekt\u012bvs 2024.gada maij\u0101.<\/figcaption><\/figure>\n<\/div>\n<\/div><\/div>\n\n\n\n<div id=\"wp-block-themeisle-blocks-advanced-columns-0531e3d0\" class=\"wp-block-themeisle-blocks-advanced-columns has-1-columns has-desktop-equal-layout has-tablet-equal-layout has-mobile-equal-layout has-vertical-unset\"><div class=\"wp-block-themeisle-blocks-advanced-columns-overlay\"><\/div><div class=\"innerblocks-wrap\">\n<div id=\"wp-block-themeisle-blocks-advanced-column-0a0ad7b3\" class=\"wp-block-themeisle-blocks-advanced-column\">\n<div id=\"wp-block-themeisle-blocks-accordion-35fc422c\" class=\"wp-block-themeisle-blocks-accordion icon-first has-light-content-bg has-light-active-title-bg is-style-default\">\n<details open class=\"wp-block-themeisle-blocks-accordion-item\"><summary class=\"wp-block-themeisle-blocks-accordion-item__title\"><div><strong>Skolas vad\u012bba un t\u0101s kontaktinform\u0101cija<\/strong><\/div><\/summary><div class=\"wp-block-themeisle-blocks-accordion-item__content\">\n<div id=\"wp-block-themeisle-blocks-advanced-columns-5270c8b7\" class=\"wp-block-themeisle-blocks-advanced-columns has-4-columns has-desktop-equal-layout has-tablet-equal-layout has-mobile-collapsedRows-layout has-vertical-unset\"><div class=\"wp-block-themeisle-blocks-advanced-columns-overlay\"><\/div><div class=\"innerblocks-wrap\">\n<div id=\"wp-block-themeisle-blocks-advanced-column-f2133b3c\" class=\"wp-block-themeisle-blocks-advanced-column\">\n<figure class=\"wp-block-image size-full is-resized\"><img loading=\"lazy\" decoding=\"async\" width=\"1506\" height=\"2048\" src=\"http:\/\/cesunovads.edu.lv\/cesu1psk\/wp-content\/uploads\/sites\/7\/2024\/11\/WhatsApp-Image-2024-11-01-at-12.57.25.jpeg\" alt=\"\" class=\"wp-image-1232\" style=\"width:214px;height:auto\" srcset=\"https:\/\/cesunovads.edu.lv\/cesu1psk\/wp-content\/uploads\/sites\/7\/2024\/11\/WhatsApp-Image-2024-11-01-at-12.57.25.jpeg 1506w, https:\/\/cesunovads.edu.lv\/cesu1psk\/wp-content\/uploads\/sites\/7\/2024\/11\/WhatsApp-Image-2024-11-01-at-12.57.25-221x300.jpeg 221w, https:\/\/cesunovads.edu.lv\/cesu1psk\/wp-content\/uploads\/sites\/7\/2024\/11\/WhatsApp-Image-2024-11-01-at-12.57.25-753x1024.jpeg 753w, https:\/\/cesunovads.edu.lv\/cesu1psk\/wp-content\/uploads\/sites\/7\/2024\/11\/WhatsApp-Image-2024-11-01-at-12.57.25-768x1044.jpeg 768w, https:\/\/cesunovads.edu.lv\/cesu1psk\/wp-content\/uploads\/sites\/7\/2024\/11\/WhatsApp-Image-2024-11-01-at-12.57.25-1130x1536.jpeg 1130w\" sizes=\"auto, (max-width: 1506px) 100vw, 1506px\" \/><\/figure>\n\n\n\n<div style=\"height:14px\" aria-hidden=\"true\" class=\"wp-block-spacer\"><\/div>\n\n\n\n<h3 id=\"wp-block-themeisle-blocks-advanced-heading-a0f377e3\" class=\"wp-block-themeisle-blocks-advanced-heading wp-block-themeisle-blocks-advanced-heading-a0f377e3\">Antra Avena<\/h3>\n\n\n\n<p id=\"wp-block-themeisle-blocks-advanced-heading-22009bd8\" class=\"wp-block-themeisle-blocks-advanced-heading wp-block-themeisle-blocks-advanced-heading-22009bd8\"><strong>C\u0113su 1.pamatskolas direktore<\/strong><\/p>\n\n\n\n<p>antra.avena@cesunovads.edu.lv<br>tel.: +371 29441383<\/p>\n<\/div>\n\n\n\n<div id=\"wp-block-themeisle-blocks-advanced-column-dcd3e0d0\" class=\"wp-block-themeisle-blocks-advanced-column\">\n<figure class=\"wp-block-image size-full is-resized\"><img loading=\"lazy\" decoding=\"async\" width=\"2046\" height=\"2560\" src=\"https:\/\/cesunovads.edu.lv\/cesu1psk\/wp-content\/uploads\/sites\/7\/2024\/11\/ILze-scaled.jpg\" alt=\"\" class=\"wp-image-1247\" style=\"width:232px;height:auto\" srcset=\"https:\/\/cesunovads.edu.lv\/cesu1psk\/wp-content\/uploads\/sites\/7\/2024\/11\/ILze-scaled.jpg 2046w, https:\/\/cesunovads.edu.lv\/cesu1psk\/wp-content\/uploads\/sites\/7\/2024\/11\/ILze-240x300.jpg 240w, https:\/\/cesunovads.edu.lv\/cesu1psk\/wp-content\/uploads\/sites\/7\/2024\/11\/ILze-819x1024.jpg 819w, https:\/\/cesunovads.edu.lv\/cesu1psk\/wp-content\/uploads\/sites\/7\/2024\/11\/ILze-768x961.jpg 768w, https:\/\/cesunovads.edu.lv\/cesu1psk\/wp-content\/uploads\/sites\/7\/2024\/11\/ILze-1228x1536.jpg 1228w, https:\/\/cesunovads.edu.lv\/cesu1psk\/wp-content\/uploads\/sites\/7\/2024\/11\/ILze-1637x2048.jpg 1637w\" sizes=\"auto, (max-width: 2046px) 100vw, 2046px\" \/><\/figure>\n\n\n\n<div style=\"height:25px\" aria-hidden=\"true\" class=\"wp-block-spacer\"><\/div>\n\n\n\n<h3 id=\"wp-block-themeisle-blocks-advanced-heading-16fc6df3\" class=\"wp-block-themeisle-blocks-advanced-heading wp-block-themeisle-blocks-advanced-heading-16fc6df3\"><strong>Ilze B\u016bre<\/strong><\/h3>\n\n\n\n<p id=\"wp-block-themeisle-blocks-advanced-heading-1c8a5fcf\" class=\"wp-block-themeisle-blocks-advanced-heading wp-block-themeisle-blocks-advanced-heading-1c8a5fcf\"><strong>Direktores vietniece izgl\u012bt\u012bbas jom\u0101 (m\u0101c\u012bbu darbs):<\/strong><\/p>\n\n\n\n<p>ilze.bure@cesunovads.edu.lv<br>tel.: +371 28600983<\/p>\n<\/div>\n\n\n\n<div id=\"wp-block-themeisle-blocks-advanced-column-23b37c00\" class=\"wp-block-themeisle-blocks-advanced-column\">\n<figure class=\"wp-block-image size-full is-resized\"><img loading=\"lazy\" decoding=\"async\" width=\"2342\" height=\"2560\" src=\"https:\/\/cesunovads.edu.lv\/cesu1psk\/wp-content\/uploads\/sites\/7\/2024\/11\/Girts-scaled.jpg\" alt=\"\" class=\"wp-image-1248\" style=\"width:266px;height:auto\" srcset=\"https:\/\/cesunovads.edu.lv\/cesu1psk\/wp-content\/uploads\/sites\/7\/2024\/11\/Girts-scaled.jpg 2342w, https:\/\/cesunovads.edu.lv\/cesu1psk\/wp-content\/uploads\/sites\/7\/2024\/11\/Girts-274x300.jpg 274w, https:\/\/cesunovads.edu.lv\/cesu1psk\/wp-content\/uploads\/sites\/7\/2024\/11\/Girts-937x1024.jpg 937w, https:\/\/cesunovads.edu.lv\/cesu1psk\/wp-content\/uploads\/sites\/7\/2024\/11\/Girts-768x839.jpg 768w, https:\/\/cesunovads.edu.lv\/cesu1psk\/wp-content\/uploads\/sites\/7\/2024\/11\/Girts-1405x1536.jpg 1405w, https:\/\/cesunovads.edu.lv\/cesu1psk\/wp-content\/uploads\/sites\/7\/2024\/11\/Girts-1874x2048.jpg 1874w\" sizes=\"auto, (max-width: 2342px) 100vw, 2342px\" \/><\/figure>\n\n\n\n<div style=\"height:25px\" aria-hidden=\"true\" class=\"wp-block-spacer\"><\/div>\n\n\n\n<h3 id=\"wp-block-themeisle-blocks-advanced-heading-5f10a92f\" class=\"wp-block-themeisle-blocks-advanced-heading wp-block-themeisle-blocks-advanced-heading-5f10a92f\"><strong>\u0122irts Miezis<\/strong><\/h3>\n\n\n\n<p id=\"wp-block-themeisle-blocks-advanced-heading-a7dbb0a4\" class=\"wp-block-themeisle-blocks-advanced-heading wp-block-themeisle-blocks-advanced-heading-a7dbb0a4\"><strong>Direktores vietnieks saimnieciskos jaut\u0101jumos<\/strong><\/p>\n\n\n\n<p>girts.miezis@cesunovads.edu.lv<br>tel.: +371 29268026<\/p>\n<\/div>\n\n\n\n<div id=\"wp-block-themeisle-blocks-advanced-column-2fe06ad6\" class=\"wp-block-themeisle-blocks-advanced-column\">\n<figure class=\"wp-block-image size-full\"><img loading=\"lazy\" decoding=\"async\" width=\"1200\" height=\"1600\" src=\"https:\/\/cesunovads.edu.lv\/cesu1psk\/wp-content\/uploads\/sites\/7\/2026\/01\/WhatsApp-Image-2026-01-20-at-14.55.00.jpeg\" alt=\"\" class=\"wp-image-2149\" srcset=\"https:\/\/cesunovads.edu.lv\/cesu1psk\/wp-content\/uploads\/sites\/7\/2026\/01\/WhatsApp-Image-2026-01-20-at-14.55.00.jpeg 1200w, https:\/\/cesunovads.edu.lv\/cesu1psk\/wp-content\/uploads\/sites\/7\/2026\/01\/WhatsApp-Image-2026-01-20-at-14.55.00-225x300.jpeg 225w, https:\/\/cesunovads.edu.lv\/cesu1psk\/wp-content\/uploads\/sites\/7\/2026\/01\/WhatsApp-Image-2026-01-20-at-14.55.00-768x1024.jpeg 768w, https:\/\/cesunovads.edu.lv\/cesu1psk\/wp-content\/uploads\/sites\/7\/2026\/01\/WhatsApp-Image-2026-01-20-at-14.55.00-1152x1536.jpeg 1152w\" sizes=\"auto, (max-width: 1200px) 100vw, 1200px\" \/><\/figure>\n\n\n\n<div style=\"height:25px\" aria-hidden=\"true\" class=\"wp-block-spacer\"><\/div>\n\n\n\n<h4 id=\"wp-block-themeisle-blocks-advanced-heading-cc43d079\" class=\"wp-block-themeisle-blocks-advanced-heading wp-block-themeisle-blocks-advanced-heading-cc43d079\">Inga Krafte-Dambe<\/h4>\n\n\n\n<p id=\"wp-block-themeisle-blocks-advanced-heading-885c2db2\" class=\"wp-block-themeisle-blocks-advanced-heading wp-block-themeisle-blocks-advanced-heading-885c2db2\"><strong>Direktores vietniece izgl\u012bt\u012bbas jom\u0101 (audzin\u0101\u0161anas un \u0101rpusklases darbs):<\/strong><\/p>\n\n\n\n<p>inga.krafte-dambe@cesunovads.edu.lv<br>tel.:+371 28352521<\/p>\n<\/div>\n<\/div><\/div>\n<\/div><\/details>\n\n\n\n<details class=\"wp-block-themeisle-blocks-accordion-item\"><summary class=\"wp-block-themeisle-blocks-accordion-item__title\"><div><strong>Skolas pedago\u0123iskais kolekt\u012bvs<\/strong><\/div><\/summary><div class=\"wp-block-themeisle-blocks-accordion-item__content\">\n<div id=\"wp-block-themeisle-blocks-advanced-columns-3226d612\" class=\"wp-block-themeisle-blocks-advanced-columns has-3-columns has-desktop-equal-layout has-tablet-equal-layout has-mobile-collapsedRows-layout has-vertical-unset\"><div class=\"wp-block-themeisle-blocks-advanced-columns-overlay\"><\/div><div class=\"innerblocks-wrap\">\n<div id=\"wp-block-themeisle-blocks-advanced-column-10e53f3a\" class=\"wp-block-themeisle-blocks-advanced-column\">\n<ul class=\"wp-block-list\">\n<li><strong>\u0100bola- B\u0113rzi\u0146a L\u012bga<\/strong> &#8211; dabaszin\u012bbas, \u0123eogr\u0101fija<\/li>\n\n\n\n<li><strong>\u0100bola Krista<\/strong> &#8211; instrumentsp\u0113le<\/li>\n\n\n\n<li><strong>Avena Antra<\/strong> &#8211; matem\u0101tika<\/li>\n\n\n\n<li><strong>Andrejeva Inna<\/strong> &#8211; krievu valoda<\/li>\n\n\n\n<li><strong>Baginska M\u0101ra<\/strong> &#8211; instrumentsp\u0113le, akordeonistu ansamb\u013ca vad\u012bt\u0101ja<\/li>\n\n\n\n<li><strong>B\u0113rzi\u0146a Laila<\/strong> &#8211; matem\u0101tika<\/li>\n\n\n\n<li><strong>Breide<\/strong> <strong>Ilze<\/strong> &#8211; m\u016bzika (instrumentsp\u0113le, koris, m\u016bzika, solfed\u017eo)<\/li>\n\n\n\n<li><strong>Bogdanovi\u010ds Vit\u0101lijs<\/strong> &#8211; instrumentsp\u0113le<\/li>\n\n\n\n<li><strong>Bucul\u0101ne Aija<\/strong> &#8211;&nbsp; dizains un tehnolo\u0123ijas, datorika<\/li>\n\n\n\n<li><strong>B\u016bre Anna<\/strong> &#8211; instrumentsp\u0113le<\/li>\n\n\n\n<li><strong>B\u016bre Ilze<\/strong> &#8211; matem\u0101tika<\/li>\n\n\n\n<li><strong>Dzirkale Santa<\/strong> &#8211; s\u0101kumskola, pedagoga pal\u012bgs<\/li>\n\n\n\n<li><strong>Gaile L\u012bga<\/strong> &#8211; ang\u013cu valoda, latvie\u0161u valoda<\/li>\n\n\n\n<li><strong>Fabi\u0101ne &#8211; Galinska Evija<\/strong> &#8211; ang\u013cu valoda<\/li>\n\n\n\n<li><strong>Giptere Elita<\/strong> &#8211; m\u016bzika, solfed\u017eo, instrumentsp\u0113le<\/li>\n\n\n\n<li><strong>Grinfelde Ilze<\/strong> &#8211; m\u016bzika, z\u0113nu koris, meite\u0146u koris &#8220;Cantando&#8221;<\/li>\n<\/ul>\n\n\n\n<ul class=\"wp-block-list\">\n<li><strong>Cipule Agate<\/strong> &#8211; s\u0101kumskola, datorika<\/li>\n<\/ul>\n<\/div>\n\n\n\n<div id=\"wp-block-themeisle-blocks-advanced-column-f64934ba\" class=\"wp-block-themeisle-blocks-advanced-column\">\n<ul class=\"wp-block-list\">\n<li><strong>Jansone Solvita<\/strong> &#8211; instrumentsp\u0113le<\/li>\n\n\n\n<li><strong>Jansons J\u0101nis<\/strong> &#8211; instrumentsp\u0113le, p\u016bt\u0113ju or\u0137estra vad\u012bt\u0101js<\/li>\n\n\n\n<li><strong>Jemste Ieva<\/strong> &#8211; ang\u013cu valoda<\/li>\n\n\n\n<li><strong>Jursone Inga<\/strong> &#8211; m\u016bzika, instrumentsp\u0113le<\/li>\n\n\n\n<li><strong>Juzupa Annija<\/strong> &#8211; pedagoga pal\u012bgs, pagarin\u0101t\u0101s dienas grupas skolot\u0101js<\/li>\n\n\n\n<li><strong>Kal\u0113js Sandis<\/strong> &#8211; fizika, in\u017eenierzin\u012bbas<\/li>\n\n\n\n<li><strong>Kalni\u0146a Inga<\/strong> &#8211; s\u0101kumskola<\/li>\n\n\n\n<li><strong>Kasicka Eva<\/strong> &#8211; s\u0101kumskola<\/li>\n\n\n\n<li><strong>Kaula Inese<\/strong> &#8211; biolo\u0123ija, \u0137\u012bmija, dabaszin\u012bbas<\/li>\n\n\n\n<li><strong>Krafte &#8211; Dambe Inga<\/strong> &#8211; direktores vietniece izgl\u012bt\u012bbas jom\u0101<\/li>\n\n\n\n<li><strong>Krasti\u0146a Anna<\/strong> &#8211; instrumentsp\u0113le<\/li>\n\n\n\n<li><strong>Krasti\u0146a Solvita<\/strong> &#8211; tautisk\u0101s dejas<\/li>\n\n\n\n<li><strong>L\u012bne Ilva<\/strong> &#8211; v\u0101cu valoda<\/li>\n\n\n\n<li><strong>Lukjanska Selga<\/strong> &#8211; matem\u0101tika, datorika<\/li>\n\n\n\n<li><strong>Luksti\u0146a &#8211; Ka\u0123e El\u012bna<\/strong> &#8211; m\u016bzika, instrumentsp\u0113le, koris<\/li>\n\n\n\n<li><strong>Malojlo Ineta<\/strong>&nbsp; &#8211; s\u0101kumskola, bibliotek\u0101re<\/li>\n\n\n\n<li><strong>Marhela Tabita<\/strong> &#8211; instrumentsp\u0113le<\/li>\n\n\n\n<li><strong>Ma\u0161lakova Sintija<\/strong> &#8211; dizains un tehnolo\u0123ijas<\/li>\n\n\n\n<li><strong>Medne Iveta<\/strong> &#8211; latvie\u0161u valoda, literat\u016bra<\/li>\n\n\n\n<li><strong>Medne M\u0101r\u012bte<\/strong> &#8211; s\u0101kumskola<\/li>\n<\/ul>\n<\/div>\n\n\n\n<div id=\"wp-block-themeisle-blocks-advanced-column-9b990b57\" class=\"wp-block-themeisle-blocks-advanced-column\">\n<ul class=\"wp-block-list\">\n<li><strong>Merga Irita<\/strong>&nbsp; &#8211; instrumentsp\u0113le<\/li>\n\n\n\n<li><strong>Mui\u017eniece Ingr\u012bda<\/strong> \u2013 instrumentsp\u0113le<\/li>\n\n\n\n<li><strong>Ose &#8211; B\u0113rzi\u0146a Vivita<\/strong> &#8211; instrumentsp\u0113le<\/li>\n\n\n\n<li><strong>Ozola Megija L\u012bva<\/strong> &#8211; m\u016bzika, instrumentsp\u0113le, koris<\/li>\n\n\n\n<li><strong>Petrovska Ilze<\/strong> &#8211; instrumentsp\u0113le<\/li>\n\n\n\n<li><strong>Radzi\u0146\u0161 Kaspars<\/strong> &#8211; sports un vesel\u012bba<\/li>\n\n\n\n<li><strong>Rieksti\u0146a Inese<\/strong> &#8211; s\u0101kumskola<\/li>\n\n\n\n<li><strong>Roz\u012bte Marika<\/strong> &#8211; v\u0101cu valoda<\/li>\n\n\n\n<li><strong>Sauska Jana<\/strong> &#8211; s\u0101kumskola<\/li>\n\n\n\n<li><strong>Skru\u017ee Laura<\/strong> &#8211; vizu\u0101l\u0101 m\u0101ksla<\/li>\n\n\n\n<li><strong>Spalvi\u0146\u0161 M\u0101ris<\/strong> &#8211; sports un vesel\u012bba<\/li>\n\n\n\n<li><strong>Svetoka Antra<\/strong> &#8211; instrumentsp\u0113le<\/li>\n\n\n\n<li><strong>V\u012btola Krist\u012bna<\/strong> \u2013 s\u0101kumskola<\/li>\n\n\n\n<li><strong>\u016adre Laine<\/strong> &#8211; Latvijas un pasaules v\u0113sture, soci\u0101l\u0101s zin\u012bbas, matem\u0101tika<\/li>\n\n\n\n<li><strong>Vecgaile Liene<\/strong>&#8211; soci\u0101lais pedagogs<\/li>\n\n\n\n<li><strong>Vilnite Fiona Mary<\/strong> &#8211; instrumentsp\u0113le<\/li>\n\n\n\n<li><strong>Za\u0137e Ilze <\/strong>&#8211; logop\u0113ds<\/li>\n\n\n\n<li><strong>Vecgailis Mareks<\/strong> &#8211; instrumentsp\u0113le<\/li>\n\n\n\n<li><strong>Voita Ieva <\/strong>&#8211; latvie\u0161u valoda un literat\u016bra<\/li>\n\n\n\n<li><strong>Zviedr\u0101ne Elita<\/strong> &#8211; instrumentsp\u0113le<\/li>\n<\/ul>\n<\/div>\n<\/div><\/div>\n<\/div><\/details>\n\n\n\n<details class=\"wp-block-themeisle-blocks-accordion-item\"><summary class=\"wp-block-themeisle-blocks-accordion-item__title\"><div><strong>Atbalsta person\u0101ls<\/strong><\/div><\/summary><div class=\"wp-block-themeisle-blocks-accordion-item__content\">\n<div id=\"wp-block-themeisle-blocks-advanced-columns-fbca4450\" class=\"wp-block-themeisle-blocks-advanced-columns has-2-columns has-desktop-equal-layout has-tablet-equal-layout has-mobile-collapsedRows-layout has-vertical-unset\"><div class=\"wp-block-themeisle-blocks-advanced-columns-overlay\"><\/div><div class=\"innerblocks-wrap\">\n<div id=\"wp-block-themeisle-blocks-advanced-column-60c91c33\" class=\"wp-block-themeisle-blocks-advanced-column\">\n<p><strong>Breide Ilze<\/strong> &#8211; karjeras konsultants,&nbsp;<\/p>\n\n\n\n<p><a href=\"mailto:ilze.breide@cesunovads.edu.lv\">ilze.breide@cesunovads.edu.lv<\/a><\/p>\n\n\n\n<p><strong>Juzupa Annija<\/strong> &#8211; pedagoga pal\u012bgs, pagarin\u0101t\u0101s dienas grupas skolot\u0101js&nbsp;<\/p>\n\n\n\n<p><a href=\"mailto:annija.juzupa@cesunovads.edu.lv\">annija.juzupa@cesunovads.edu.lv<\/a><\/p>\n\n\n\n<p><strong>Malojlo Ineta<\/strong>&nbsp; &#8211; bibliotek\u0101re<\/p>\n\n\n\n<p><a href=\"mailto:ineta.malojlo@cesunovads.edu.lv\">ineta.malojlo@cesunovads.edu.lv<\/a><\/p>\n<\/div>\n\n\n\n<div id=\"wp-block-themeisle-blocks-advanced-column-79a8cc8d\" class=\"wp-block-themeisle-blocks-advanced-column\">\n<p><\/p>\n\n\n\n<p><strong>Vecgaile Liene<\/strong>&#8211; soci\u0101lais pedagogs<\/p>\n\n\n\n<p><a href=\"mailto:liene.vecgaile@cesunovads.edu.lv\">liene.vecgaile@cesunovads.edu.lv<\/a><\/p>\n\n\n\n<p><strong>Za\u0137e Ilze<\/strong> &#8211; logop\u0113ds<\/p>\n\n\n\n<p><a href=\"mailto:ilze.zake@cesunovads.edu.lv\">ilze.zake@cesunovads.edu.lv<\/a><\/p>\n<\/div>\n<\/div><\/div>\n\n\n\n<div id=\"wp-block-themeisle-blocks-advanced-columns-47848a0c\" class=\"wp-block-themeisle-blocks-advanced-columns has-1-columns has-desktop-equal-layout has-tablet-equal-layout has-mobile-collapsedRows-layout has-vertical-unset\"><div class=\"wp-block-themeisle-blocks-advanced-columns-overlay\"><\/div><div class=\"innerblocks-wrap\">\n<div id=\"wp-block-themeisle-blocks-advanced-column-28a14020\" class=\"wp-block-themeisle-blocks-advanced-column\">\n<div class=\"wp-block-columns is-layout-flex wp-container-core-columns-is-layout-9d6595d7 wp-block-columns-is-layout-flex\">\n<div class=\"wp-block-column is-layout-flow wp-block-column-is-layout-flow\">\n<div class=\"wp-block-columns is-layout-flex wp-container-core-columns-is-layout-9d6595d7 wp-block-columns-is-layout-flex\">\n<div class=\"wp-block-column is-layout-flow wp-block-column-is-layout-flow\" style=\"flex-basis:66.66%\">\n<figure class=\"wp-block-image size-large\"><img loading=\"lazy\" decoding=\"async\" width=\"1010\" height=\"1024\" src=\"http:\/\/cesunovads.edu.lv\/cesu1psk\/wp-content\/uploads\/sites\/7\/2024\/11\/Liene-1-1010x1024.jpg\" alt=\"\" class=\"wp-image-1246\" srcset=\"https:\/\/cesunovads.edu.lv\/cesu1psk\/wp-content\/uploads\/sites\/7\/2024\/11\/Liene-1-1010x1024.jpg 1010w, https:\/\/cesunovads.edu.lv\/cesu1psk\/wp-content\/uploads\/sites\/7\/2024\/11\/Liene-1-296x300.jpg 296w, https:\/\/cesunovads.edu.lv\/cesu1psk\/wp-content\/uploads\/sites\/7\/2024\/11\/Liene-1-768x779.jpg 768w, https:\/\/cesunovads.edu.lv\/cesu1psk\/wp-content\/uploads\/sites\/7\/2024\/11\/Liene-1-1515x1536.jpg 1515w, https:\/\/cesunovads.edu.lv\/cesu1psk\/wp-content\/uploads\/sites\/7\/2024\/11\/Liene-1.jpg 1850w\" sizes=\"auto, (max-width: 1010px) 100vw, 1010px\" \/><\/figure>\n<\/div>\n\n\n\n<div class=\"wp-block-column is-layout-flow wp-block-column-is-layout-flow\" style=\"flex-basis:33.33%\"><\/div>\n<\/div>\n<\/div>\n\n\n\n<div class=\"wp-block-column is-layout-flow wp-block-column-is-layout-flow\">\n<figure class=\"wp-block-image size-large\"><img loading=\"lazy\" decoding=\"async\" width=\"1024\" height=\"725\" src=\"http:\/\/cesunovads.edu.lv\/cesu1psk\/wp-content\/uploads\/sites\/7\/2025\/08\/Socialais-pedagogs-1024x725.jpg\" alt=\"\" class=\"wp-image-1708\" srcset=\"https:\/\/cesunovads.edu.lv\/cesu1psk\/wp-content\/uploads\/sites\/7\/2025\/08\/Socialais-pedagogs-1024x725.jpg 1024w, https:\/\/cesunovads.edu.lv\/cesu1psk\/wp-content\/uploads\/sites\/7\/2025\/08\/Socialais-pedagogs-300x213.jpg 300w, https:\/\/cesunovads.edu.lv\/cesu1psk\/wp-content\/uploads\/sites\/7\/2025\/08\/Socialais-pedagogs-768x544.jpg 768w, https:\/\/cesunovads.edu.lv\/cesu1psk\/wp-content\/uploads\/sites\/7\/2025\/08\/Socialais-pedagogs.jpg 1296w\" sizes=\"auto, (max-width: 1024px) 100vw, 1024px\" \/><\/figure>\n<\/div>\n<\/div>\n\n\n\n<h2 class=\"wp-block-heading\">Liene Vecgaile<\/h2>\n\n\n\n<p>Soci\u0101lais pedagogs<\/p>\n\n\n\n<p>liene.vecgaile@cesunovads.edu.lv<\/p>\n<\/div>\n<\/div><\/div>\n<\/div><\/details>\n\n\n\n<details class=\"wp-block-themeisle-blocks-accordion-item\"><summary class=\"wp-block-themeisle-blocks-accordion-item__title\"><div><strong>Tehniskie darbinieki<\/strong><\/div><\/summary><div class=\"wp-block-themeisle-blocks-accordion-item__content\">\n<div id=\"wp-block-themeisle-blocks-advanced-columns-8a46725d\" class=\"wp-block-themeisle-blocks-advanced-columns has-2-columns has-desktop-equal-layout has-tablet-equal-layout has-mobile-collapsedRows-layout has-vertical-unset\"><div class=\"wp-block-themeisle-blocks-advanced-columns-overlay\"><\/div><div class=\"innerblocks-wrap\">\n<div id=\"wp-block-themeisle-blocks-advanced-column-606f4268\" class=\"wp-block-themeisle-blocks-advanced-column\">\n<p><strong>\u0122irts Miezis<\/strong><\/p>\n\n\n\n<p>direktora vietnieks saimnieciskaj\u0101 darb\u0101<\/p>\n\n\n\n<p>e-pasts: <a href=\"mailto:girts.miezis@cesunovads.edu.lv\">girts.miezis@cesunovads.edu.lv<\/a><\/p>\n\n\n\n<p>tel.:+371 29268026<\/p>\n\n\n\n<p><strong>Sandra Freiberga<\/strong><\/p>\n\n\n\n<p>lietvede<\/p>\n\n\n\n<p>e-pasts: <a href=\"mailto:sandra.freiberga@cesunovads.edu.lv\">sandra.freiberga@cesunovads.edu.lv<\/a><\/p>\n\n\n\n<p>tel.: +371 64120467<\/p>\n\n\n\n<p><strong>Anita Znatnaja<\/strong><\/p>\n\n\n\n<p>administratore<\/p>\n\n\n\n<p>tel:+371 64127395<\/p>\n<\/div>\n\n\n\n<div id=\"wp-block-themeisle-blocks-advanced-column-6ff8ba34\" class=\"wp-block-themeisle-blocks-advanced-column\">\n<p><strong>Biruta Randa<\/strong><\/p>\n\n\n\n<p>de\u017eurante<\/p>\n\n\n\n<p><strong>Baiba Re\u0137e<\/strong><\/p>\n\n\n\n<p>de\u017eurante<\/p>\n\n\n\n<p><strong>Gunta Graudi\u0146a<\/strong><\/p>\n\n\n\n<p>de\u017eurante<\/p>\n\n\n\n<p><strong>Andris Nikolajenko<\/strong><\/p>\n\n\n\n<p>remontstr\u0101dnieks<\/p>\n<\/div>\n<\/div><\/div>\n<\/div><\/details>\n<\/div>\n<\/div>\n<\/div><\/div>\n\n\n\n<p><\/p>\n","protected":false},"excerpt":{"rendered":"","protected":false},"author":2,"featured_media":0,"parent":190,"menu_order":2,"comment_status":"closed","ping_status":"closed","template":"","meta":{"neve_meta_sidebar":"","neve_meta_container":"","neve_meta_enable_content_width":"","neve_meta_content_width":0,"neve_meta_title_alignment":"","neve_meta_author_avatar":"","neve_post_elements_order":"","neve_meta_disable_header":"","neve_meta_disable_footer":"","neve_meta_disable_title":"off","_themeisle_gutenberg_block_has_review":false,"footnotes":""},"class_list":["post-327","page","type-page","status-publish","hentry"],"_links":{"self":[{"href":"https:\/\/cesunovads.edu.lv\/cesu1psk\/wp-json\/wp\/v2\/pages\/327","targetHints":{"allow":["GET"]}}],"collection":[{"href":"https:\/\/cesunovads.edu.lv\/cesu1psk\/wp-json\/wp\/v2\/pages"}],"about":[{"href":"https:\/\/cesunovads.edu.lv\/cesu1psk\/wp-json\/wp\/v2\/types\/page"}],"author":[{"embeddable":true,"href":"https:\/\/cesunovads.edu.lv\/cesu1psk\/wp-json\/wp\/v2\/users\/2"}],"replies":[{"embeddable":true,"href":"https:\/\/cesunovads.edu.lv\/cesu1psk\/wp-json\/wp\/v2\/comments?post=327"}],"version-history":[{"count":52,"href":"https:\/\/cesunovads.edu.lv\/cesu1psk\/wp-json\/wp\/v2\/pages\/327\/revisions"}],"predecessor-version":[{"id":2151,"href":"https:\/\/cesunovads.edu.lv\/cesu1psk\/wp-json\/wp\/v2\/pages\/327\/revisions\/2151"}],"up":[{"embeddable":true,"href":"https:\/\/cesunovads.edu.lv\/cesu1psk\/wp-json\/wp\/v2\/pages\/190"}],"wp:attachment":[{"href":"https:\/\/cesunovads.edu.lv\/cesu1psk\/wp-json\/wp\/v2\/media?parent=327"}],"curies":[{"name":"wp","href":"https:\/\/api.w.org\/{rel}","templated":true}]}}