{"id":393,"date":"2023-11-30T13:10:00","date_gmt":"2023-11-30T13:10:00","guid":{"rendered":"https:\/\/cesunovads.edu.lv\/cesu1psk\/?page_id=393"},"modified":"2024-08-20T12:57:07","modified_gmt":"2024-08-20T10:57:07","slug":"pieklustamibas-pazinojums","status":"publish","type":"page","link":"https:\/\/cesunovads.edu.lv\/cesu1psk\/pieklustamibas-pazinojums\/","title":{"rendered":"Piek\u013c\u016bstam\u012bbas pazi\u0146ojums"},"content":{"rendered":"\n<div style=\"height:40px\" aria-hidden=\"true\" class=\"wp-block-spacer\"><\/div>\n\n\n\n<h1 class=\"wp-block-heading\">Piek\u013c\u016bstam\u012bbas pazi\u0146ojums<\/h1>\n\n\n\n<div id=\"wp-block-themeisle-blocks-advanced-columns-91bc3a9b\" class=\"wp-block-themeisle-blocks-advanced-columns has-1-columns has-desktop-equal-layout has-tablet-equal-layout has-mobile-equal-layout has-vertical-unset\"><div class=\"wp-block-themeisle-blocks-advanced-columns-overlay\"><\/div><div class=\"innerblocks-wrap\">\n<div id=\"wp-block-themeisle-blocks-advanced-column-21aad9ce\" class=\"wp-block-themeisle-blocks-advanced-column\">\n<p><span style=\"text-decoration: underline\"><em><strong>C\u0113su 1. pamatskola<\/strong><\/em><\/span>\u00a0ap\u0146emas veidot savu\u00a0t\u012bmek\u013cvietni\u00a0piek\u013c\u016bstamu saska\u0146\u0101 ar Ministru kabineta 2020. gada 14. j\u016blija noteikumiem Nr. 445 &#8220;K\u0101rt\u012bba, k\u0101d\u0101 iest\u0101des ievieto inform\u0101ciju internet\u0101&#8221; (turpm\u0101k \u2013 noteikumi Nr. 445).<\/p>\n\n\n\n<p>\u0160is piek\u013c\u016bstam\u012bbas pazi\u0146ojums attiecas uz\u00a0C\u0113su 1. pamatskolas t\u012bmek\u013cvietni\u00a0&#8211;\u00a0<a href=\"https:\/\/cesunovads.edu.lv\/cesu1psk\/\">https:\/\/cesunovads.edu.lv\/cesu1psk\/<\/a><\/p>\n\n\n\n<p>T\u012bmek\u013cvietnei&nbsp;veikts&nbsp;Vienk\u0101r\u0161otais izv\u0113rt\u0113jums. Izmantot\u0101 metode &#8211;&nbsp;VARAM sagatavot\u0101s \u201cVadl\u012bnijas iest\u0101\u017eu t\u012bmek\u013cvietn\u0113m noteikto piek\u013c\u016bstam\u012bbas pras\u012bbu iev\u0113ro\u0161anas ietekmes izv\u0113rt\u0113\u0161anai un nesam\u0113r\u012bg\u0101 sloga pamato\u0161anai\u201d.<\/p>\n<\/div>\n<\/div><\/div>\n\n\n\n<div id=\"wp-block-themeisle-blocks-advanced-columns-c59b3f5d\" class=\"wp-block-themeisle-blocks-advanced-columns has-1-columns has-desktop-equal-layout has-tablet-equal-layout has-mobile-equal-layout has-vertical-unset\"><div class=\"wp-block-themeisle-blocks-advanced-columns-overlay\"><\/div><div class=\"innerblocks-wrap\">\n<div id=\"wp-block-themeisle-blocks-advanced-column-f137a779\" class=\"wp-block-themeisle-blocks-advanced-column\">\n<h3 class=\"wp-block-heading\">Cik piek\u013c\u016bstama ir \u0161\u012b t\u012bmek\u013cvietne?<\/h3>\n\n\n\n<p><span style=\"text-decoration: underline\"><strong><em>C\u0113su 1. pamatskolas<\/em><\/strong><\/span> t\u012bmek\u013cvietne\u00a0da\u013c\u0113ji atbilst MK noteikumiem Nr. 445\u00a0turpm\u0101k min\u0113to iemeslu d\u0113\u013c.<\/p>\n<\/div>\n<\/div><\/div>\n\n\n\n<div id=\"wp-block-themeisle-blocks-advanced-columns-a7248e8c\" class=\"wp-block-themeisle-blocks-advanced-columns has-1-columns has-desktop-equal-layout has-tablet-equal-layout has-mobile-equal-layout has-vertical-unset\"><div class=\"wp-block-themeisle-blocks-advanced-columns-overlay\"><\/div><div class=\"innerblocks-wrap\">\n<div id=\"wp-block-themeisle-blocks-advanced-column-9f621057\" class=\"wp-block-themeisle-blocks-advanced-column\">\n<h4 class=\"wp-block-heading\">Neatbilst\u012bba pras\u012bb\u0101m, kas min\u0113tas noteikumos Nr. 445<\/h4>\n\n\n\n<ul class=\"wp-block-list\">\n<li>Nav pievienota vai pievienota nepiln\u012bgi att\u0113lu tekstu\u0101l\u0101 alternat\u012bva.<\/li>\n<\/ul>\n\n\n\n<p>\u0160\u012b t\u012bmek\u013cvietne p\u0113d\u0113jo reizi tika izv\u0113rt\u0113ta&nbsp;2024.gada 4.janv\u0101r\u012b. P\u0101rbaudi veica Kristaps Ez\u012btis, C\u0113su novada pa\u0161vald\u012bbas Komunik\u0101cijas un klientu servisa p\u0101rvaldes vad\u012bt\u0101ja vietnieks komunik\u0101cijas jaut\u0101jumos.<br>Izv\u0113rt\u0113jumu apliecino\u0161s dokuments <strong><a href=\"http:\/\/cesunovads.edu.lv\/cesu1psk\/wp-content\/uploads\/sites\/7\/2024\/01\/izvertesanas-protokols-dacvg-2024.docx\">\u0160EIT<\/a><\/strong><\/p>\n<\/div>\n<\/div><\/div>\n\n\n\n<div id=\"wp-block-themeisle-blocks-advanced-columns-a3df95b6\" class=\"wp-block-themeisle-blocks-advanced-columns has-1-columns has-desktop-equal-layout has-tablet-equal-layout has-mobile-equal-layout has-vertical-unset\"><div class=\"wp-block-themeisle-blocks-advanced-columns-overlay\"><\/div><div class=\"innerblocks-wrap\">\n<div id=\"wp-block-themeisle-blocks-advanced-column-91fea68c\" class=\"wp-block-themeisle-blocks-advanced-column\">\n<h3 class=\"wp-block-heading\">Piek\u013c\u016bstam\u012bbas alternat\u012bvas<\/h3>\n\n\n\n<ul class=\"wp-block-list\">\n<li>Apraksta alternt\u012bva \u2013 satur\u0101 pievienot att\u0113lu aprakstu druk\u0101ta teksta form\u0101t\u0101.<\/li>\n<\/ul>\n<\/div>\n<\/div><\/div>\n\n\n\n<div id=\"wp-block-themeisle-blocks-advanced-columns-5407f76b\" class=\"wp-block-themeisle-blocks-advanced-columns has-1-columns has-desktop-equal-layout has-tablet-equal-layout has-mobile-equal-layout has-vertical-unset\"><div class=\"wp-block-themeisle-blocks-advanced-columns-overlay\"><\/div><div class=\"innerblocks-wrap\">\n<div id=\"wp-block-themeisle-blocks-advanced-column-f76749b7\" class=\"wp-block-themeisle-blocks-advanced-column\">\n<h3 class=\"wp-block-heading\">Atsauksm\u0113m un sazi\u0146ai<\/h3>\n\n\n\n<p>M\u0113s nep\u0101rtraukti cen\u0161amies uzlabot \u0161\u012bs t\u012bmek\u013cvietnes piek\u013c\u016bstam\u012bbu.<br>Ja J\u016bs konstat\u0113jat k\u0101das probl\u0113mas vai nepiln\u012bbas, kas nav min\u0113tas \u0161aj\u0101 pazi\u0146ojum\u0101 vai v\u0113laties sa\u0146emt nepiek\u013c\u016bstamo saturu cit\u0101 form\u0101t\u0101, sazinieties ar mums:<br>E-past\u0101:\u00a0<a href=\"mailto:cesu1psk@cesunovads.edu.lv\"><strong>cesu1psk@cesunovads.edu.lv<\/strong><\/a><br>Zvaniet:\u00a0<strong>(+371)<\/strong> <strong><span style=\"text-decoration: underline\"><em>641 20467<\/em><\/span><\/strong><br>M\u0113s izskat\u012bsim J\u016bsu piepras\u012bjumu un sniegsim atbildi\u00a05 (piecu) darba dienu laik\u0101.<\/p>\n<\/div>\n<\/div><\/div>\n\n\n\n<div id=\"wp-block-themeisle-blocks-advanced-columns-5530e250\" class=\"wp-block-themeisle-blocks-advanced-columns has-1-columns has-desktop-equal-layout has-tablet-equal-layout has-mobile-equal-layout has-vertical-unset\"><div class=\"wp-block-themeisle-blocks-advanced-columns-overlay\"><\/div><div class=\"innerblocks-wrap\">\n<div id=\"wp-block-themeisle-blocks-advanced-column-154bee8f\" class=\"wp-block-themeisle-blocks-advanced-column\">\n<h3 class=\"wp-block-heading\">S\u016bdz\u012bbu iesnieg\u0161ana<\/h3>\n\n\n\n<p><strong><span style=\"text-decoration: underline\"><em>Antra Avena<\/em><\/span><\/strong><br>E-pasts: <a href=\"mailto:antra.avena@cesunovads.edu.lv\">antra.avena@cesunovads.edu.lv<\/a><br>T\u0101lrunis:<strong>(+371) 29441383<\/strong><\/p>\n\n\n\n<p>Ja neesam atbilsto\u0161i rea\u0123\u0113ju\u0161i uz J\u016bsu iesniegumu vai s\u016bdz\u012bbu par t\u012bmek\u013cvietnes satura piek\u013c\u016bstam\u012bbu, Jums ir iesp\u0113ja iesniegt s\u016bdz\u012bbu Latvijas Republikas Ties\u012bbsargam:<br>Ties\u012bbsarga birojs: Bazn\u012bcas iela 25 R\u012bg\u0101, LV-1010<br>T\u0101lrunis:&nbsp;<a href=\"tel:+37167686768\">+37167686768<\/a><br>E-pasts:&nbsp;<a href=\"mailto:tiesibsargs@tiesibsargs.lv\">tiesibsargs@tiesibsargs.lv<\/a><\/p>\n\n\n\n<p><a href=\"https:\/\/www.tiesibsargs.lv\/lv\/pages\/kontaktinformacija\">https:\/\/www.tiesibsargs.lv\/lv\/pages\/kontaktinformacija<\/a><\/p>\n<\/div>\n<\/div><\/div>\n\n\n\n<div id=\"wp-block-themeisle-blocks-advanced-columns-6c2dd944\" class=\"wp-block-themeisle-blocks-advanced-columns has-1-columns has-desktop-equal-layout has-tablet-equal-layout has-mobile-equal-layout has-vertical-unset\"><div class=\"wp-block-themeisle-blocks-advanced-columns-overlay\"><\/div><div class=\"innerblocks-wrap\">\n<div id=\"wp-block-themeisle-blocks-advanced-column-034d2754\" class=\"wp-block-themeisle-blocks-advanced-column\">\n<h3 class=\"wp-block-heading\">Zi\u0146as par pazi\u0146ojuma sagatavo\u0161anu<\/h3>\n\n\n\n<p>\u0160is pazi\u0146ojums pirmo reizi tika sagatavots\u00a0<strong><span style=\"text-decoration: underline\"><em>20.08.2024<\/em><\/span><\/strong><br>\u0160o pazi\u0146ojumu apstiprin\u0101ja\u00a0<strong><span style=\"text-decoration: underline\"><em>Antra Avena, uzv\u0101rds, C\u0113su 1. pamatskolas direktors\/-e<\/em><\/span><\/strong>.<\/p>\n<\/div>\n<\/div><\/div>\n","protected":false},"excerpt":{"rendered":"<p>Piek\u013c\u016bstam\u012bbas pazi\u0146ojums<\/p>\n","protected":false},"author":2,"featured_media":0,"parent":0,"menu_order":0,"comment_status":"closed","ping_status":"closed","template":"","meta":{"neve_meta_sidebar":"","neve_meta_container":"","neve_meta_enable_content_width":"","neve_meta_content_width":0,"neve_meta_title_alignment":"","neve_meta_author_avatar":"","neve_post_elements_order":"","neve_meta_disable_header":"","neve_meta_disable_footer":"","neve_meta_disable_title":"","_themeisle_gutenberg_block_has_review":false,"footnotes":""},"class_list":["post-393","page","type-page","status-publish","hentry"],"_links":{"self":[{"href":"https:\/\/cesunovads.edu.lv\/cesu1psk\/wp-json\/wp\/v2\/pages\/393","targetHints":{"allow":["GET"]}}],"collection":[{"href":"https:\/\/cesunovads.edu.lv\/cesu1psk\/wp-json\/wp\/v2\/pages"}],"about":[{"href":"https:\/\/cesunovads.edu.lv\/cesu1psk\/wp-json\/wp\/v2\/types\/page"}],"author":[{"embeddable":true,"href":"https:\/\/cesunovads.edu.lv\/cesu1psk\/wp-json\/wp\/v2\/users\/2"}],"replies":[{"embeddable":true,"href":"https:\/\/cesunovads.edu.lv\/cesu1psk\/wp-json\/wp\/v2\/comments?post=393"}],"version-history":[{"count":12,"href":"https:\/\/cesunovads.edu.lv\/cesu1psk\/wp-json\/wp\/v2\/pages\/393\/revisions"}],"predecessor-version":[{"id":1042,"href":"https:\/\/cesunovads.edu.lv\/cesu1psk\/wp-json\/wp\/v2\/pages\/393\/revisions\/1042"}],"wp:attachment":[{"href":"https:\/\/cesunovads.edu.lv\/cesu1psk\/wp-json\/wp\/v2\/media?parent=393"}],"curies":[{"name":"wp","href":"https:\/\/api.w.org\/{rel}","templated":true}]}}