{"id":492,"date":"2023-12-04T09:40:51","date_gmt":"2023-12-04T09:40:51","guid":{"rendered":"https:\/\/cesunovads.edu.lv\/cesu1psk\/?page_id=492"},"modified":"2025-10-27T15:55:57","modified_gmt":"2025-10-27T13:55:57","slug":"dokumenti","status":"publish","type":"page","link":"https:\/\/cesunovads.edu.lv\/cesu1psk\/skolas-darbs\/dokumenti\/","title":{"rendered":"Dokumenti"},"content":{"rendered":"\n<div id=\"wp-block-themeisle-blocks-accordion-e80d213f\" class=\"wp-block-themeisle-blocks-accordion exclusive icon-first is-style-default has-light-active-title-bg has-light-content-bg\">\n<details class=\"wp-block-themeisle-blocks-accordion-item\"><summary class=\"wp-block-themeisle-blocks-accordion-item__title\"><div><strong>Aktu\u0101lie<\/strong><\/div><\/summary><div class=\"wp-block-themeisle-blocks-accordion-item__content\">\n<ul class=\"wp-block-list\">\n<li><a href=\"https:\/\/docs.google.com\/document\/d\/1U2LxUmA5cNIrVFow7-3NEwE_RDSb6E_j\/edit?usp=sharing&amp;ouid=112358565109166216480&amp;rtpof=true&amp;sd=true\">C\u0113su 1.pamatskolas darba ciklogramma<\/a><\/li>\n<\/ul>\n\n\n\n<div id=\"wp-block-themeisle-blocks-accordion-806ab623\" class=\"wp-block-themeisle-blocks-accordion exclusive\">\n<details class=\"wp-block-themeisle-blocks-accordion-item\"><summary class=\"wp-block-themeisle-blocks-accordion-item__title\"><div><strong>C\u0113su 1.pamatskolas darba pl\u0101ns 2025.\/2026.m.g.<\/strong><\/div><\/summary><div class=\"wp-block-themeisle-blocks-accordion-item__content\">\n<p><strong>1. Izgl\u012btojamo las\u012btprasmes, tekstprat\u012bbas un inform\u0101cijprat\u012bbas pilnveide k\u0101 pamats m\u0101c\u012bbu sasniegumu paaugstin\u0101\u0161anai<\/strong><\/p>\n\n\n\n<p><strong>M\u0113r\u0137is:<\/strong><\/p>\n\n\n\n<p>Paaugstin\u0101t skol\u0113nu m\u0101c\u012bbu sasniegumus, pilnveidojot vi\u0146u las\u012btprasmes, tekstprat\u012bbas un inform\u0101cijprat\u012bbas prasmes izmantojot daudzveid\u012bgas m\u0101c\u012bbu metodes un skolot\u0101ju profesion\u0101lo pilnveidi.<\/p>\n\n\n\n<p><strong>Uzdevumi:<\/strong><\/p>\n\n\n\n<ul class=\"wp-block-list\">\n<li>Analiz\u0113t skol\u0113nu m\u0101c\u012bbu sasniegumu rezult\u0101tus, \u012bpa\u0161i piev\u0113r\u0161ot uzman\u012bbu las\u012btprasmes, tekstprat\u012bbas un inform\u0101cijprat\u012bbas prasm\u0113m.<\/li>\n\n\n\n<li>Nodro\u0161in\u0101t pedagogiem metodisko atbalstu jaut\u0101jumos par metod\u0113m tekstprat\u012bbas un inform\u0101cijprat\u012bbas att\u012bst\u012b\u0161anai m\u0101c\u012bbu proces\u0101.<\/li>\n\n\n\n<li>Veicin\u0101t pedagogu pieredzes apmai\u0146u un savstarp\u0113jo m\u0101c\u012b\u0161anos no m\u0101c\u012bbu stundu v\u0113ro\u0161anas.<\/li>\n\n\n\n<li>Iek\u013caut m\u0101c\u012bbu stund\u0101s uzdevumus un aktivit\u0101tes, kas att\u012bsta las\u012b\u0161anas, izpratnes, kritisk\u0101s dom\u0101\u0161anas un inform\u0101cijas izv\u0113rt\u0113\u0161anas prasmes.<\/li>\n\n\n\n<li>Izstr\u0101d\u0101t un \u012bstenot vienotu pieeju darbam ar tekstu da\u017e\u0101dos m\u0101c\u012bbu priek\u0161metos.<\/li>\n<\/ul>\n\n\n\n<p><strong>Sagaid\u0101mie rezult\u0101ti:<\/strong><\/p>\n\n\n\n<ul class=\"wp-block-list\">\n<li>Skol\u0113niem uzlabojas las\u012btprasmes, tekstprat\u012bbas un inform\u0101cijprat\u012bbas prasmes.<\/li>\n\n\n\n<li>Pedagogi izmanto da\u017e\u0101das efekt\u012bvas metodes tekstu un citas inform\u0101cijas anal\u012bzes prasmju att\u012bst\u012b\u0161anai.<\/li>\n\n\n\n<li>Izgl\u012bt\u012bbas iest\u0101d\u0113 tiek nostiprin\u0101ta sadarb\u012bbas un pieredzes apmai\u0146as kult\u016bra pedagogu starp\u0101.<\/li>\n<\/ul>\n\n\n\n<p><strong>2.Atbalsta nodro\u0161in\u0101\u0161ana izgl\u012btojamo person\u012bbas att\u012bst\u012bbai un izaugsmei<\/strong><\/p>\n\n\n\n<p><strong>M\u0113r\u0137is<\/strong><\/p>\n\n\n\n<p>Izgl\u012btojamie veido akt\u012bvu dz\u012bves poz\u012bciju, pl\u0101nojot, organiz\u0113jot un piedaloties izgl\u012bt\u012bbas iest\u0101des<br>dz\u012bves noris\u0113s.<\/p>\n\n\n\n<p><strong>Uzdevumi<\/strong><\/p>\n\n\n\n<p>M\u0113r\u0137tiec\u012bgi organiz\u0113t karjeras izgl\u012bt\u012bbas pas\u0101kumus.<\/p>\n\n\n\n<p>Veicin\u0101t izgl\u012btojamo atbild\u012bbu par savu m\u0101c\u012bbu darbu un ieguld\u012bjumu sav\u0101 izaugsm\u0113.<\/p>\n\n\n\n<p>Atbalst\u012bt skol\u0113nu pa\u0161p\u0101rvaldes darbu un jaunie\u0161u iniciat\u012bvas.<br>Izgl\u012bt\u012bbas iest\u0101des audzin\u0101\u0161anas darb\u0101 sasniedzamie rezult\u0101ti 2025.\/2026.m\u0101c.g.<\/p>\n\n\n\n<p>Iesaistot izgl\u012btojamos daudzveid\u012bgos karjeras izgl\u012bt\u012bbas pas\u0101kumos, veicin\u0101ta izpratne par<br>da\u017e\u0101d\u0101m profesij\u0101m, ieg\u016btas zin\u0101\u0161anas par prasm\u0113m, kas pal\u012bdz\u0113s g\u016bt pan\u0101kumus turpm\u0101k\u0101<br>karjer\u0101 un inform\u0101ciju par prasm\u0113m, kas v\u0113l nepiecie\u0161ams uzlabot un pilnveidot n\u0101kotn\u0113.<\/p>\n\n\n\n<p><strong>Sagaid\u0101mie rezult\u0101ti<\/strong><\/p>\n\n\n\n<p>Paaugstin\u0101jusies izgl\u012btojamo atbild\u012bba par savu m\u0101c\u012bbu darbu, par ko liecina ikdienas m\u0101c\u012bbu<br>sasniegumu rezult\u0101ti.<\/p>\n<\/div><\/details>\n<\/div>\n<\/div><\/details>\n\n\n\n<details class=\"wp-block-themeisle-blocks-accordion-item\"><summary class=\"wp-block-themeisle-blocks-accordion-item__title\"><div><strong>Strat\u0113\u0123iskie<\/strong><\/div><\/summary><div class=\"wp-block-themeisle-blocks-accordion-item__content\">\n<ul class=\"wp-block-list\">\n<li><a href=\"https:\/\/drive.google.com\/file\/d\/1dTZ3eBqIfcTp2idbMFbEGLIaoP__E_Zy\/view?usp=sharing\">C\u0113su 1.pamatskolas nolikums<\/a><\/li>\n\n\n\n<li><a href=\"https:\/\/drive.google.com\/file\/d\/13ma9W6nvZlxFdn1Jc6EUHMtxWnKcsbe4\/view?usp=sharing\">Att\u012bst\u012bbas pl\u0101ns<\/a><\/li>\n\n\n\n<li><a href=\"https:\/\/drive.google.com\/file\/d\/1K1Q85qjfmvU8IqsOyHq_ofBETmdJZ9fL\/view?usp=sharing\">Audzin\u0101\u0161anas darba priorit\u0101tes<\/a><\/li>\n\n\n\n<li><a href=\"https:\/\/drive.google.com\/file\/d\/195XY03hVxzhUxdCMCvZVVbEJshs-KGxZ\/view?usp=sharing\">Audzin\u0101\u0161anas darba programma<\/a><\/li>\n\n\n\n<li><a href=\"https:\/\/drive.google.com\/file\/d\/1BZ8JkQGRt7PBk6XBS3Nsy5OuCMhSoB5n\/view?usp=sharing\">Karjeras izgl\u012bt\u012bbas programma<\/a><\/li>\n<\/ul>\n<\/div><\/details>\n\n\n\n<details class=\"wp-block-themeisle-blocks-accordion-item\"><summary class=\"wp-block-themeisle-blocks-accordion-item__title\"><div><strong>Akredit\u0101cija<\/strong><\/div><\/summary><div class=\"wp-block-themeisle-blocks-accordion-item__content\">\n<p>No 2024.gada 5.febru\u0101ra l\u012bdz 16.febru\u0101rim notika C\u0113su 1.pamatskolas akredit\u0101cija. Izgl\u012bt\u012bbas iest\u0101de un skolas realiz\u0113t\u0101 izgl\u012bt\u012bbas programma tika akredit\u0113tas l\u012bdz 2030.gada 1.apr\u012blim.<\/p>\n\n\n\n<ul class=\"wp-block-list\">\n<li><a href=\"https:\/\/drive.google.com\/file\/d\/188RJh8TxaDMmP0lSS0bsZDdr8GMGROk8\/view?usp=sharing\">Akredit\u0101cijas ekspertu komisijas zi\u0146ojums<\/a><\/li>\n\n\n\n<li><a href=\"https:\/\/drive.google.com\/file\/d\/1QjNCtuRLjZZOAKqs115Zp30mRUSjc4Ag\/view?usp=sharing\">Krit\u0113riju un rezultat\u012bvo r\u0101d\u012bt\u0101ju v\u0113rt\u0113jums<\/a><\/li>\n<\/ul>\n<\/div><\/details>\n\n\n\n<details class=\"wp-block-themeisle-blocks-accordion-item\"><summary class=\"wp-block-themeisle-blocks-accordion-item__title\"><div><strong>Pa\u0161nov\u0113rt\u0113juma zi\u0146ojuma aktualiz\u0101cija<\/strong><\/div><\/summary><div class=\"wp-block-themeisle-blocks-accordion-item__content\">\n<figure class=\"wp-block-table\"><table class=\"has-fixed-layout\"><tbody><tr><td>P<a href=\"https:\/\/drive.google.com\/file\/d\/1l-cbF6PCxMlEcMlTlIu894CfGqPw2LiK\/view?usp=sharing\">a\u0161nov\u0113rt\u0113jums 2024.\/2025.m.g. Publiskojam\u0101 da\u013ca<\/a><\/td><\/tr><tr><td><a href=\"https:\/\/drive.google.com\/file\/d\/11n7n0c-4jZNRrr7jjHdd11PPUHVQ5xSX\/view?usp=sharing\">Pa\u0161nov\u0113rt\u0113jums 2023.\/2024.m.g.<\/a> <\/td><\/tr><tr><td><a href=\"https:\/\/drive.google.com\/file\/d\/1BCk2a8Ix4S2E169yl5hz_aj0D0U53F4L\/view?usp=sharing\">Pa\u0161nov\u0113rt\u0113jums 2022.\/2023.m.g. Publiskojam\u0101 da\u013ca<\/a><\/td><\/tr><tr><td><a href=\"https:\/\/drive.google.com\/file\/d\/1h09vlga4SrxnSO7cvV4GcF2Y9kj5Frbm\/view?usp=sharing\">Pa\u0161nov\u0113rt\u0113jums 2021.\/2022.m.g. Publiskojam\u0101 da\u013ca<\/a><\/td><\/tr><tr><td><a href=\"https:\/\/drive.google.com\/file\/d\/1W2AQeptED_UIbFaU9k2NdsCuosumGRI8\/view?usp=sharing\">Pa\u0161nov\u0113rt\u0113jums 2020.\/2021.m.g. Publiskojam\u0101 da\u013ca<\/a><\/td><\/tr><tr><td><a href=\"https:\/\/drive.google.com\/file\/d\/1Mz1_2vN1zeJaMGvW8RCQQIHR_w32y_1O\/view?usp=sharing\">Pa\u0161nov\u0113rt\u0113juma zi\u0146ojuma aktualiz\u0101cija 2019.\/2020.m.g.<\/a><\/td><\/tr><\/tbody><\/table><\/figure>\n<\/div><\/details>\n\n\n\n<details class=\"wp-block-themeisle-blocks-accordion-item\"><summary class=\"wp-block-themeisle-blocks-accordion-item__title\"><div><strong>Skolas iek\u0161\u0113jie normat\u012bvie dokumenti<\/strong><\/div><\/summary><div class=\"wp-block-themeisle-blocks-accordion-item__content\">\n<ul class=\"wp-block-list\">\n<li><a href=\"https:\/\/drive.google.com\/file\/d\/18qbsssMzbWi_Cp6f1AqP24P0C3o7vLC7\/view?usp=sharing\">Iek\u0161\u0113j\u0101s k\u0101rt\u012bbas noteikumi<\/a><\/li>\n\n\n\n<li><a href=\"https:\/\/drive.google.com\/file\/d\/1zyBr9vC4TXY_W5pIlar1JXRtUmhlY4nX\/view?usp=sharing\">Noteikumi par nepiedero\u0161u personu uztur\u0113\u0161an\u0101s k\u0101rt\u012bbu C\u0113su 1.pamatskol\u0101<\/a><\/li>\n\n\n\n<li><a href=\"https:\/\/drive.google.com\/file\/d\/1NSnXwtdnKDLo8k5n57y4iKmOp0D_wlu8\/view?usp=sharing\">C\u0113su 1.pamatskolas m\u0101c\u012bbu sasniegumu v\u0113rt\u0113\u0161anas k\u0101rt\u012bba<\/a><\/li>\n\n\n\n<li><a href=\"https:\/\/drive.google.com\/file\/d\/1m2ATjtdf1BsijMVwr4yL629u6yyGMk2L\/view?usp=sharing\">K\u0101rt\u012bba par izgl\u012btojamo kav\u0113jumu re\u0123istr\u0113\u0161anu C\u0113su 1.pamatskol\u0101<\/a><\/li>\n\n\n\n<li><a href=\"https:\/\/drive.google.com\/file\/d\/16IZXIvhHRIWpyO8APfgb_FQwY-ZMeFP7\/view?usp=sharing\">e-klases lieto\u0161anas k\u0101rt\u012bba<\/a><\/li>\n\n\n\n<li><a href=\"https:\/\/drive.google.com\/file\/d\/1k3R2r2wSo8CQQ0-Gi_PpxQkfKBqIwaUN\/view?usp=sharing\">Atbalsta komandas reglaments<\/a><\/li>\n\n\n\n<li><a href=\"https:\/\/drive.google.com\/file\/d\/160YV13kRuXFCKK7itHhwDuBRCtTjCXhD\/view?usp=sharing\">R\u012bc\u012bbas pl\u0101ns, ja konstat\u0113 vai ir aizdomas, ka izgl\u012btojamie lieto, glab\u0101 vai izplata atkar\u012bbu izraiso\u0161as vielas<\/a><\/li>\n\n\n\n<li><a href=\"https:\/\/drive.google.com\/file\/d\/1Z9hEWjndSTjfv2r-IuCi3bD7AUA_w3C5\/view?usp=sharing\">Izgl\u012btojamo s\u016bdz\u012bbu iesnieg\u0161anas un izskat\u012b\u0161anas k\u0101rt\u012bba<\/a><\/li>\n\n\n\n<li><a href=\"https:\/\/drive.google.com\/file\/d\/1AOYawrAtRXFDo9NdSu8xTOm9M_Sjy2U8\/view?usp=sharing\">Pagarin\u0101t\u0101s dienas grupas reglaments<\/a><\/li>\n<\/ul>\n<\/div><\/details>\n<\/div>\n\n\n\n<p><\/p>\n","protected":false},"excerpt":{"rendered":"","protected":false},"author":2,"featured_media":0,"parent":192,"menu_order":0,"comment_status":"closed","ping_status":"closed","template":"","meta":{"neve_meta_sidebar":"","neve_meta_container":"","neve_meta_enable_content_width":"","neve_meta_content_width":0,"neve_meta_title_alignment":"","neve_meta_author_avatar":"","neve_post_elements_order":"","neve_meta_disable_header":"","neve_meta_disable_footer":"","neve_meta_disable_title":"off","_themeisle_gutenberg_block_has_review":false,"footnotes":""},"class_list":["post-492","page","type-page","status-publish","hentry"],"_links":{"self":[{"href":"https:\/\/cesunovads.edu.lv\/cesu1psk\/wp-json\/wp\/v2\/pages\/492","targetHints":{"allow":["GET"]}}],"collection":[{"href":"https:\/\/cesunovads.edu.lv\/cesu1psk\/wp-json\/wp\/v2\/pages"}],"about":[{"href":"https:\/\/cesunovads.edu.lv\/cesu1psk\/wp-json\/wp\/v2\/types\/page"}],"author":[{"embeddable":true,"href":"https:\/\/cesunovads.edu.lv\/cesu1psk\/wp-json\/wp\/v2\/users\/2"}],"replies":[{"embeddable":true,"href":"https:\/\/cesunovads.edu.lv\/cesu1psk\/wp-json\/wp\/v2\/comments?post=492"}],"version-history":[{"count":30,"href":"https:\/\/cesunovads.edu.lv\/cesu1psk\/wp-json\/wp\/v2\/pages\/492\/revisions"}],"predecessor-version":[{"id":1878,"href":"https:\/\/cesunovads.edu.lv\/cesu1psk\/wp-json\/wp\/v2\/pages\/492\/revisions\/1878"}],"up":[{"embeddable":true,"href":"https:\/\/cesunovads.edu.lv\/cesu1psk\/wp-json\/wp\/v2\/pages\/192"}],"wp:attachment":[{"href":"https:\/\/cesunovads.edu.lv\/cesu1psk\/wp-json\/wp\/v2\/media?parent=492"}],"curies":[{"name":"wp","href":"https:\/\/api.w.org\/{rel}","templated":true}]}}