{"id":509,"date":"2023-12-04T10:56:35","date_gmt":"2023-12-04T10:56:35","guid":{"rendered":"https:\/\/cesunovads.edu.lv\/cesu1psk\/?page_id=509"},"modified":"2025-12-10T16:03:23","modified_gmt":"2025-12-10T14:03:23","slug":"macibu-darbs","status":"publish","type":"page","link":"https:\/\/cesunovads.edu.lv\/cesu1psk\/skolas-darbs\/macibu-darbs\/","title":{"rendered":"M\u0101c\u012bbu darbs"},"content":{"rendered":"\n<h2 class=\"wp-block-heading\">Skol\u0113nam nepiecie\u0161amie m\u0101c\u012bbu l\u012bdzek\u013ci 2025.\/2026.m.g.<\/h2>\n\n\n\n<p><a href=\"https:\/\/docs.google.com\/spreadsheets\/d\/1uPnbra6ytp79RF6K1dUUqKIfz0keEvdpYYkRJkCUVO8\/edit?usp=sharing\">Saite uz skol\u0113nam nepiecie\u0161amajiem m\u0101c\u012bbu l\u012bdzek\u013ciem 2025.\/2026.m.g.<\/a><\/p>\n\n\n\n<h2 class=\"wp-block-heading\">Stundu laiki<\/h2>\n\n\n\n<figure class=\"wp-block-table\"><table class=\"has-fixed-layout\"><tbody><tr><td><strong>Stunda&nbsp;&nbsp;&nbsp;&nbsp;&nbsp;&nbsp;&nbsp;&nbsp;&nbsp;&nbsp;&nbsp;&nbsp;&nbsp;&nbsp;&nbsp;&nbsp;&nbsp;&nbsp;&nbsp;&nbsp;&nbsp;&nbsp;&nbsp; 1. &#8211; 4. klasei&nbsp;&nbsp;&nbsp;&nbsp;&nbsp;&nbsp;&nbsp;&nbsp;&nbsp;&nbsp;&nbsp;&nbsp;&nbsp;&nbsp;&nbsp; 5.-9.klasei<\/strong><br>&nbsp;&nbsp;&nbsp;&nbsp;<br><strong>1. stunda&nbsp;&nbsp;&nbsp;&nbsp;&nbsp;&nbsp;&nbsp;&nbsp;&nbsp;&nbsp;&nbsp;&nbsp;&nbsp;&nbsp;&nbsp;&nbsp;&nbsp;&nbsp;&nbsp; <\/strong>8:30 &#8211; 9:10&nbsp;&nbsp;&nbsp;&nbsp;&nbsp;&nbsp;&nbsp;&nbsp;&nbsp;&nbsp;&nbsp;&nbsp;&nbsp;&nbsp;&nbsp;&nbsp;&nbsp; 8:30 &#8211; 9:10<br><strong>2. stunda&nbsp;&nbsp;&nbsp;&nbsp;&nbsp;&nbsp;&nbsp;&nbsp;&nbsp;&nbsp;&nbsp;&nbsp;&nbsp;&nbsp;&nbsp;&nbsp;&nbsp;&nbsp;&nbsp; <\/strong>9:20 &#8211; 10:00&nbsp;&nbsp;&nbsp;&nbsp;&nbsp;&nbsp;&nbsp;&nbsp;&nbsp;&nbsp;&nbsp;&nbsp;&nbsp;&nbsp;&nbsp; 9:20 &#8211; 10:00<br><strong>3. stunda&nbsp;&nbsp;&nbsp;&nbsp;&nbsp;&nbsp;&nbsp;&nbsp;&nbsp;&nbsp;&nbsp;&nbsp;&nbsp;&nbsp;&nbsp;&nbsp;&nbsp;&nbsp;&nbsp; <\/strong>10:10 &#8211; 10:50&nbsp;&nbsp;&nbsp;&nbsp;&nbsp;&nbsp;&nbsp;&nbsp;&nbsp;&nbsp;&nbsp;&nbsp;&nbsp; 10:10 &#8211; 10:50<br><strong>4. stunda&nbsp;&nbsp;&nbsp;&nbsp;&nbsp;&nbsp;&nbsp;&nbsp;&nbsp;&nbsp;&nbsp;&nbsp;&nbsp;&nbsp;&nbsp;&nbsp;&nbsp;&nbsp;&nbsp; <\/strong>11:00 &#8211; 11:40&nbsp;&nbsp;&nbsp;&nbsp;&nbsp;&nbsp;&nbsp;&nbsp;&nbsp;&nbsp;&nbsp;&nbsp;&nbsp; 11:00 &#8211; 11:40<br><strong>5. stunda&nbsp;&nbsp;&nbsp;&nbsp;&nbsp;&nbsp;&nbsp;&nbsp;&nbsp;&nbsp;&nbsp;&nbsp;&nbsp;&nbsp;&nbsp;&nbsp;&nbsp;&nbsp;&nbsp; <\/strong>12:00 &#8211; 12:40&nbsp;&nbsp;&nbsp;&nbsp;&nbsp;&nbsp;&nbsp;&nbsp;&nbsp;&nbsp;&nbsp;&nbsp;&nbsp; 11:50 &#8211; 12:30<br><strong>6. stunda&nbsp;&nbsp;&nbsp;&nbsp;&nbsp;&nbsp;&nbsp;&nbsp;&nbsp;&nbsp;&nbsp;&nbsp;&nbsp;&nbsp;&nbsp;&nbsp;&nbsp;&nbsp;&nbsp; <\/strong>13:00 &#8211; 13:40&nbsp;&nbsp;&nbsp;&nbsp;&nbsp;&nbsp;&nbsp;&nbsp;&nbsp;&nbsp;&nbsp;&nbsp;&nbsp; 13:00 &#8211; 13:40<br><strong>7. stunda&nbsp;&nbsp;&nbsp;&nbsp;&nbsp;&nbsp;&nbsp;&nbsp;&nbsp;&nbsp;&nbsp;&nbsp;&nbsp;&nbsp;&nbsp;&nbsp;&nbsp;&nbsp;&nbsp; <\/strong>13:50 &#8211; 14:30&nbsp;&nbsp;&nbsp;&nbsp;&nbsp;&nbsp;&nbsp;&nbsp;&nbsp;&nbsp;&nbsp;&nbsp;&nbsp; 13:50 &#8211; 14:30<br><strong>8. stunda&nbsp;&nbsp;&nbsp;&nbsp;&nbsp;&nbsp;&nbsp;&nbsp;&nbsp;&nbsp;&nbsp;&nbsp;&nbsp;&nbsp;&nbsp;&nbsp;&nbsp;&nbsp;&nbsp; <\/strong>14:35 &#8211; 15:15&nbsp;&nbsp;&nbsp;&nbsp;&nbsp;&nbsp;&nbsp;&nbsp;&nbsp;&nbsp;&nbsp;&nbsp;&nbsp; 14:35 &#8211; 15:15<br><strong>9.stunda<\/strong>&nbsp;&nbsp;&nbsp;&nbsp;&nbsp;&nbsp;&nbsp;&nbsp;&nbsp;&nbsp;&nbsp;&nbsp;&nbsp;&nbsp;&nbsp;&nbsp;&nbsp;&nbsp;&nbsp;&nbsp; 15:20 &#8211; 16:00&nbsp;&nbsp;&nbsp;&nbsp;&nbsp;&nbsp;&nbsp;&nbsp;&nbsp;&nbsp;&nbsp;&nbsp;&nbsp; 15:20 &#8211; 16:00<\/td><\/tr><\/tbody><\/table><\/figure>\n\n\n\n<h2 class=\"wp-block-heading\">Stundu saraksts<\/h2>\n\n\n\n<div id=\"wp-block-themeisle-blocks-advanced-columns-25d83ba4\" class=\"wp-block-themeisle-blocks-advanced-columns has-2-columns has-desktop-equal-layout has-tablet-equal-layout has-mobile-collapsedRows-layout has-vertical-unset\"><div class=\"wp-block-themeisle-blocks-advanced-columns-overlay\"><\/div><div class=\"innerblocks-wrap\">\n<div id=\"wp-block-themeisle-blocks-advanced-column-2525ed4d\" class=\"wp-block-themeisle-blocks-advanced-column\">\n<div class=\"wp-block-buttons is-content-justification-center is-layout-flex wp-container-core-buttons-is-layout-16018d1d wp-block-buttons-is-layout-flex\">\n<div class=\"wp-block-button has-custom-width wp-block-button__width-50\"><a class=\"wp-block-button__link has-custom-6-background-color has-background wp-element-button\" href=\"https:\/\/drive.google.com\/file\/d\/1bduFmhd_ymIYY1nx_vaRd3wmBf9FuyUj\/view?usp=sharing\">Stundu saraksts 1. &#8211; 4. klasei<\/a><\/div>\n<\/div>\n<\/div>\n\n\n\n<div id=\"wp-block-themeisle-blocks-advanced-column-107b6739\" class=\"wp-block-themeisle-blocks-advanced-column\">\n<div class=\"wp-block-buttons is-content-justification-center is-layout-flex wp-container-core-buttons-is-layout-16018d1d wp-block-buttons-is-layout-flex\">\n<div class=\"wp-block-button has-custom-width wp-block-button__width-50\"><a class=\"wp-block-button__link has-custom-6-background-color has-background wp-element-button\" href=\"https:\/\/drive.google.com\/file\/d\/1k1WXWx22cGYiu1iRxdEmapUxfcU1P2cw\/view?usp=sharing\">Stundu saraksts 5. &#8211; 9. klasei<\/a><\/div>\n<\/div>\n<\/div>\n<\/div><\/div>\n\n\n\n<h2 class=\"wp-block-heading\">Konsult\u0101ciju un \u0101rpusstundu nodarb\u012bbu grafiks<\/h2>\n\n\n\n<div id=\"wp-block-themeisle-blocks-advanced-columns-0a3b54a2\" class=\"wp-block-themeisle-blocks-advanced-columns has-2-columns has-desktop-equal-layout has-tablet-equal-layout has-mobile-collapsedRows-layout has-vertical-unset\"><div class=\"wp-block-themeisle-blocks-advanced-columns-overlay\"><\/div><div class=\"innerblocks-wrap\">\n<div id=\"wp-block-themeisle-blocks-advanced-column-22e1b8d8\" class=\"wp-block-themeisle-blocks-advanced-column\">\n<div class=\"wp-block-buttons is-content-justification-center is-layout-flex wp-container-core-buttons-is-layout-16018d1d wp-block-buttons-is-layout-flex\">\n<div class=\"wp-block-button has-custom-width wp-block-button__width-50\"><a class=\"wp-block-button__link has-neve-link-hover-color-background-color has-background wp-element-button\" href=\"https:\/\/drive.google.com\/file\/d\/1rdlwqK3Rx3wM4kP6VB5z2YhISByJuKy3\/view?usp=sharing\">Konsult\u0101ciju saraksts 2025.\/2026.m.g.<\/a><\/div>\n<\/div>\n<\/div>\n\n\n\n<div id=\"wp-block-themeisle-blocks-advanced-column-b56d9aaf\" class=\"wp-block-themeisle-blocks-advanced-column\">\n<div class=\"wp-block-buttons is-content-justification-center is-layout-flex wp-container-core-buttons-is-layout-16018d1d wp-block-buttons-is-layout-flex\">\n<div class=\"wp-block-button has-custom-width wp-block-button__width-50\"><a class=\"wp-block-button__link has-nv-c-1-background-color has-background wp-element-button\">\u0100rpusstundu nodarb\u012bbu grafiks 2025.\/2026.m.g.<\/a><\/div>\n<\/div>\n<\/div>\n<\/div><\/div>\n\n\n\n<h2 class=\"wp-block-heading\">2025.\/2026.m.g. m\u0101c\u012bbu semestru laiki un br\u012bvlaiki<\/h2>\n\n\n\n<p><strong><em>M\u0101c\u012bbu gads s\u0101kas 2025. gada 1.septembr\u012b.<\/em><\/strong><\/p>\n\n\n\n<ul class=\"wp-block-list\">\n<li>1.\u20138.klases izgl\u012btojamajiem m\u0101c\u012bbu gads beidzas 2025. gada 29. maij\u0101.<\/li>\n\n\n\n<li>9.klases izgl\u012btojamajiem m\u0101c\u012bbu gads beidzas 2026. gada 12.&nbsp;j\u016bnij\u0101.<\/li>\n<\/ul>\n\n\n\n<p><strong><em>M\u0101c\u012bbu gadu veido divi semestri:<\/em><\/strong><\/p>\n\n\n\n<ul class=\"wp-block-list\">\n<li>pirmais semestris ilgst:&nbsp; no 2025. gada 1.septembra l\u012bdz 2025.gada 19.decembrim;<\/li>\n\n\n\n<li>otrais semestris ilgst: 1.\u20138. klases izgl\u012btojamiem no 2026.gada 5. janv\u0101ra l\u012bdz 2026.gada 29.&nbsp;maijam;<\/li>\n\n\n\n<li>9. klases izgl\u012btojamajiem \u2013 no 2026.gada 5. janv\u0101ra l\u012bdz 2026.gada 12.&nbsp;j\u016bnijam;<\/li>\n<\/ul>\n\n\n\n<p><strong><em>M\u0101c\u012bbu gad\u0101 izgl\u012btojamajiem ir \u0161\u0101das br\u012bvdienas:<\/em><\/strong><\/p>\n\n\n\n<ul class=\"wp-block-list\">\n<li>rudens br\u012bvdienas \u2013 no 2025. gada 20.oktobra l\u012bdz 2025. gada 26. oktobrim;<\/li>\n\n\n\n<li>ziemas br\u012bvdienas \u2013 no 2025. gada 22.decembra l\u012bdz 2026. gada 2. janv\u0101rim;<\/li>\n\n\n\n<li>pavasara br\u012bvdienas \u2013 no 2026. gada 9. marta l\u012bdz 2026. gada 15. martam;<\/li>\n\n\n\n<li>vasaras br\u012bvdienas \u2013 1.-8.klases izgl\u012btojamiem no 2026.gada 1.j\u016bnija l\u012bdz 2026.gada 31. augustam.<\/li>\n<\/ul>\n\n\n\n<p>Izgl\u012bt\u012bbas iest\u0101de patst\u0101v\u012bgi pie\u0146em l\u0113mumu par vienu ned\u0113\u013cu ilg\u0101m papildu br\u012bvdien\u0101m 1.klases izgl\u012btojamajiem. <\/p>\n\n\n\n<p>Papildu br\u012bvdienas 1.klas\u0113m no 2026.gada 2.febru\u0101ra l\u012bdz 2026.gada 6.febru\u0101rim.<\/p>\n\n\n\n<p>Ja m\u0101c\u012bbu gada laik\u0101 iest\u0101jas \u0101rk\u0101rt\u0113jas situ\u0101cijas, kuras iepriek\u0161 nevar paredz\u0113t un kuru izrais\u012bto apst\u0101k\u013cu d\u0113\u013c ilgsto\u0161i (vismaz vienu ned\u0113\u013cu) nav iesp\u0113jams nodro\u0161in\u0101t m\u0101c\u012bbu procesu atbilsto\u0161i normat\u012bvo aktu pras\u012bb\u0101m, izgl\u012bt\u012bbas iest\u0101des dibin\u0101t\u0101js, izv\u0113rt\u0113jot konkr\u0113tos \u0101rk\u0101rt\u0113j\u0101s situ\u0101cijas apst\u0101k\u013cus, ir ties\u012bgs pie\u0146emt l\u0113mumu par m\u0101c\u012bbu gada pagarin\u0101jumu 1.\u20138.klases izgl\u012btojamajiem.<\/p>\n\n\n\n<p><em>&nbsp;<\/em><em>Sagatavots p\u0113c MK noteikumiem Nr.819 no 17.12.2024.<\/em><\/p>\n\n\n\n<h2 class=\"wp-block-heading\">Valsts p\u0101rbaudes darbu grafiks 2025.\/2026.m.g.<\/h2>\n\n\n\n<div class=\"wp-block-buttons is-content-justification-center is-layout-flex wp-container-core-buttons-is-layout-16018d1d wp-block-buttons-is-layout-flex\">\n<div class=\"wp-block-button has-custom-width wp-block-button__width-50\"><a class=\"wp-block-button__link wp-element-button\" href=\"https:\/\/drive.google.com\/file\/d\/1AkdKORHDYRtzSKLXgRMrgyR0hepjtHCk\/view?usp=sharing\">Valsts p\u0101rbaudes darbu grafiks<\/a><\/div>\n<\/div>\n\n\n\n<h2 class=\"wp-block-heading\">Valsts p\u0101rbaudes darbu rezult\u0101ti<\/h2>\n\n\n\n<div id=\"wp-block-themeisle-blocks-accordion-3584afd1\" class=\"wp-block-themeisle-blocks-accordion exclusive  is-style-default\">\n<details class=\"wp-block-themeisle-blocks-accordion-item\"><summary class=\"wp-block-themeisle-blocks-accordion-item__title\"><div><strong>9.kla\u0161u valsts p\u0101rbaudes darbu rezult\u0101ti 2024.\/2025.m.g.\u00a0<\/strong><\/div><\/summary><div class=\"wp-block-themeisle-blocks-accordion-item__content\">\n<p><a href=\"https:\/\/drive.google.com\/file\/d\/1tb8_KZxvQOOIkKALqVadsHEzeIbBOjq7\/view?usp=sharing\">9_kl_centralizetie_eksameni_2024_2025.pdf &#8211; Google Drive<\/a><\/p>\n<\/div><\/details>\n\n\n\n<details class=\"wp-block-themeisle-blocks-accordion-item\"><summary class=\"wp-block-themeisle-blocks-accordion-item__title\"><div><strong>9.kla\u0161u valsts p\u0101rbaudes darbu rezult\u0101ti 2023.\/2024.m.g.\u00a0<\/strong><\/div><\/summary><div class=\"wp-block-themeisle-blocks-accordion-item__content\">\n<p><a href=\"https:\/\/drive.google.com\/file\/d\/1ikOjoNtSur8E9K7zjmfP28Vpx7E3d3WJ\/view?usp=sharing\">9_kl_centralizetie_eksameni_2023_2024.pdf &#8211; Google Drive<\/a><\/p>\n<\/div><\/details>\n\n\n\n<details class=\"wp-block-themeisle-blocks-accordion-item\"><summary class=\"wp-block-themeisle-blocks-accordion-item__title\"><div><strong>9.kla\u0161u valsts p\u0101rbaudes darbu rezult\u0101ti 2022.\/2023.m.g.\u00a0<\/strong><\/div><\/summary><div class=\"wp-block-themeisle-blocks-accordion-item__content\">\n<p><a href=\"https:\/\/drive.google.com\/file\/d\/1cLj8xNyQk-fBeqGxFGO41OGDLOiGxVrX\/view\">9_kl_centralizetie_eksameni_2022_2023.pdf &#8211; Google Drive<\/a><\/p>\n<\/div><\/details>\n\n\n\n<details class=\"wp-block-themeisle-blocks-accordion-item\"><summary class=\"wp-block-themeisle-blocks-accordion-item__title\"><div><strong>3. un 6.kla\u0161u diagnostic\u0113jo\u0161o darbu rezult\u0101ti 2022.\/2023.m.g.<\/strong><\/div><\/summary><div class=\"wp-block-themeisle-blocks-accordion-item__content\">\n<p><a href=\"https:\/\/drive.google.com\/file\/d\/1CzCb6D8KOgo8sEQgL85AIvqxYvVZ0FvZ\/view?usp=sharing\">https:\/\/drive.google.com\/file\/d\/1CzCb6D8KOgo8sEQgL85AIvqxYvVZ0FvZ<\/a><\/p>\n<\/div><\/details>\n\n\n\n<details class=\"wp-block-themeisle-blocks-accordion-item\"><summary class=\"wp-block-themeisle-blocks-accordion-item__title\"><div><strong>9.kla\u0161u valsts p\u0101rbaudes darbu rezult\u0101ti 2021.\/2022.m.g.<\/strong><\/div><\/summary><div class=\"wp-block-themeisle-blocks-accordion-item__content\">\n<p><a href=\"https:\/\/drive.google.com\/file\/d\/1s-jf1C9OsSf8GlazPXR_T-Sb-VRe2ARi\/view?usp=sharing\">https:\/\/drive.google.com\/file\/d\/1s-jf1C9OsSf8GlazPXR_T-Sb-VRe2ARi<\/a><\/p>\n<\/div><\/details>\n\n\n\n<details class=\"wp-block-themeisle-blocks-accordion-item\"><summary class=\"wp-block-themeisle-blocks-accordion-item__title\"><div><strong>3. un 6.kla\u0161u diagnostic\u0113jo\u0161o darbu rezult\u0101ti 2021.\/2022.m.g.<\/strong><\/div><\/summary><div class=\"wp-block-themeisle-blocks-accordion-item__content\">\n<p><a href=\"https:\/\/drive.google.com\/file\/d\/1ktkWrKRt6hvB7_SoJ45tIP-jZmw7Iyy6\/view?usp=sharing\">https:\/\/drive.google.com\/file\/d\/1ktkWrKRt6hvB7_SoJ45tIP-jZmw7Iyy6<\/a><\/p>\n<\/div><\/details>\n<\/div>\n\n\n\n<h2 class=\"wp-block-heading\">M\u0101c\u012bbu priek\u0161metu olimpi\u0101\u017eu grafiks 2025.\/2026.m.g.<\/h2>\n\n\n\n<div class=\"wp-block-buttons is-content-justification-center is-layout-flex wp-container-core-buttons-is-layout-16018d1d wp-block-buttons-is-layout-flex\">\n<div class=\"wp-block-button has-custom-width wp-block-button__width-50\"><a class=\"wp-block-button__link wp-element-button\" href=\"https:\/\/drive.google.com\/file\/d\/1olrj89oyr-PZTSJbpFdbGuy_qcj2_ucZ\/view?usp=sharing\">Uz grafiku<\/a><\/div>\n<\/div>\n\n\n\n<h2 class=\"wp-block-heading\">M\u0101c\u012bbu priek\u0161metu olimpi\u0101\u017eu un konkursu rezult\u0101ti<\/h2>\n\n\n\n<div id=\"wp-block-themeisle-blocks-accordion-074c00cc\" class=\"wp-block-themeisle-blocks-accordion exclusive  is-style-default\">\n<details class=\"wp-block-themeisle-blocks-accordion-item\"><summary class=\"wp-block-themeisle-blocks-accordion-item__title\"><div><strong>M\u0101c\u012bbu priek\u0161metu olimpi\u0101\u017eu un konkursu rezult\u0101ti 2024.\/2025.m.g.<\/strong><\/div><\/summary><div class=\"wp-block-themeisle-blocks-accordion-item__content\">\n<p><a href=\"https:\/\/drive.google.com\/file\/d\/12DI314HfhH1KL9vSPBkQr00txWkoHKvv\/view?usp=sharing\">https:\/\/drive.google.com\/file\/d\/12DI314HfhH1KL9vSPBkQr00txWkoHKvv\/view?usp=sharing<\/a><\/p>\n<\/div><\/details>\n\n\n\n<details class=\"wp-block-themeisle-blocks-accordion-item\"><summary class=\"wp-block-themeisle-blocks-accordion-item__title\"><div><strong>M\u0101c\u012bbu priek\u0161metu olimpi\u0101\u017eu un konkursu rezult\u0101ti 2023.\/2024.m.g.<\/strong><\/div><\/summary><div class=\"wp-block-themeisle-blocks-accordion-item__content\">\n<p><a href=\"https:\/\/drive.google.com\/file\/d\/1EO5_BSYZsYlffDyW_ywB5NH1llqAZjFB\">https:\/\/drive.google.com\/file\/d\/1EO5_BSYZsYlffDyW_ywB5NH1llqAZjFB<\/a><\/p>\n<\/div><\/details>\n\n\n\n<details class=\"wp-block-themeisle-blocks-accordion-item\"><summary class=\"wp-block-themeisle-blocks-accordion-item__title\"><div><strong>M\u0101c\u012bbu priek\u0161metu olimpi\u0101\u017eu un konkursu rezult\u0101ti 2022.\/2023.m.g.<\/strong><\/div><\/summary><div class=\"wp-block-themeisle-blocks-accordion-item__content\">\n<p><a href=\"https:\/\/drive.google.com\/file\/d\/1zf7aO9DN99-OXVnkkmOhq6cdNgA9j3yX\/view?usp=sharing\">https:\/\/drive.google.com\/file\/d\/1zf7aO9DN99-OXVnkkmOhq6cdNgA9j3yX<\/a><\/p>\n<\/div><\/details>\n\n\n\n<details class=\"wp-block-themeisle-blocks-accordion-item\"><summary class=\"wp-block-themeisle-blocks-accordion-item__title\"><div><strong>M\u0101c\u012bbu priek\u0161metu olimpi\u0101\u017eu un konkursu rezult\u0101ti 2021.\/2022.m.g.<\/strong><\/div><\/summary><div class=\"wp-block-themeisle-blocks-accordion-item__content\">\n<p><a href=\"https:\/\/drive.google.com\/file\/d\/1yVY8P-znLAhSUl4-KOKBhvMUQ12JIU6o\/view?usp=sharing\">https:\/\/drive.google.com\/file\/d\/1yVY8P-znLAhSUl4-KOKBhvMUQ12JIU6o<\/a><\/p>\n<\/div><\/details>\n\n\n\n<details class=\"wp-block-themeisle-blocks-accordion-item\"><summary class=\"wp-block-themeisle-blocks-accordion-item__title\"><div><strong>Inform\u0101cija par sasniegumiem m\u016bzik\u0101, realiz\u0113jot pamatizgl\u012bt\u012bbas programmu ar augst\u0101kajiem sasniedzamajiem rezult\u0101tiem kult\u016bras izpratnes un pa\u0161izpausmes m\u0101ksl\u0101 m\u0101c\u012bbu jom\u0101 (21017111) 2021.\/2022. &#8211; 2023.\/2024.m.g.<\/strong><\/div><\/summary><div class=\"wp-block-themeisle-blocks-accordion-item__content\">\n<p><a href=\"https:\/\/docs.google.com\/spreadsheets\/d\/1638bs7bs0SrH9a5HGkPFgmiOXqpNc1om\">https:\/\/docs.google.com\/spreadsheets\/d\/1638bs7bs0SrH9a5HGkPFgmiOXqpNc1om<\/a><\/p>\n<\/div><\/details>\n<\/div>\n\n\n\n<p><\/p>\n","protected":false},"excerpt":{"rendered":"<p>Skol\u0113nam nepiecie\u0161amie m\u0101c\u012bbu l\u012bdzek\u013ci 2025.\/2026.m.g. Saite uz skol\u0113nam nepiecie\u0161amajiem m\u0101c\u012bbu l\u012bdzek\u013ciem 2025.\/2026.m.g. Stundu laiki Stunda&nbsp;&nbsp;&nbsp;&nbsp;&nbsp;&nbsp;&nbsp;&nbsp;&nbsp;&nbsp;&nbsp;&nbsp;&nbsp;&nbsp;&nbsp;&nbsp;&nbsp;&nbsp;&nbsp;&nbsp;&nbsp;&nbsp;&nbsp; 1. &#8211; 4. klasei&nbsp;&nbsp;&nbsp;&nbsp;&nbsp;&nbsp;&nbsp;&nbsp;&nbsp;&nbsp;&nbsp;&nbsp;&nbsp;&nbsp;&nbsp; 5.-9.klasei&nbsp;&nbsp;&nbsp;&nbsp;1. stunda&nbsp;&nbsp;&nbsp;&nbsp;&nbsp;&nbsp;&nbsp;&nbsp;&nbsp;&nbsp;&nbsp;&nbsp;&nbsp;&nbsp;&nbsp;&nbsp;&nbsp;&nbsp;&nbsp; 8:30 &#8211; 9:10&nbsp;&nbsp;&nbsp;&nbsp;&nbsp;&nbsp;&nbsp;&nbsp;&nbsp;&nbsp;&nbsp;&nbsp;&nbsp;&nbsp;&nbsp;&nbsp;&nbsp; 8:30 &#8211; 9:102. stunda&nbsp;&nbsp;&nbsp;&nbsp;&nbsp;&nbsp;&nbsp;&nbsp;&nbsp;&nbsp;&nbsp;&nbsp;&nbsp;&nbsp;&nbsp;&nbsp;&nbsp;&nbsp;&nbsp; 9:20 &#8211; 10:00&nbsp;&nbsp;&nbsp;&nbsp;&nbsp;&nbsp;&nbsp;&nbsp;&nbsp;&nbsp;&nbsp;&nbsp;&nbsp;&nbsp;&nbsp; 9:20 &#8211; 10:003. stunda&nbsp;&nbsp;&nbsp;&nbsp;&nbsp;&nbsp;&nbsp;&nbsp;&nbsp;&nbsp;&nbsp;&nbsp;&nbsp;&nbsp;&nbsp;&nbsp;&nbsp;&nbsp;&nbsp; 10:10 &#8211; 10:50&nbsp;&nbsp;&nbsp;&nbsp;&nbsp;&nbsp;&nbsp;&nbsp;&nbsp;&nbsp;&nbsp;&nbsp;&nbsp; 10:10 &#8211; 10:504. stunda&nbsp;&nbsp;&nbsp;&nbsp;&nbsp;&nbsp;&nbsp;&nbsp;&nbsp;&nbsp;&nbsp;&nbsp;&nbsp;&nbsp;&nbsp;&nbsp;&nbsp;&nbsp;&nbsp; 11:00 &#8211; 11:40&nbsp;&nbsp;&nbsp;&nbsp;&nbsp;&nbsp;&nbsp;&nbsp;&nbsp;&nbsp;&nbsp;&nbsp;&nbsp; 11:00 &#8211; 11:405. stunda&nbsp;&nbsp;&nbsp;&nbsp;&nbsp;&nbsp;&nbsp;&nbsp;&nbsp;&nbsp;&nbsp;&nbsp;&nbsp;&nbsp;&nbsp;&nbsp;&nbsp;&nbsp;&nbsp; 12:00 &#8211; 12:40&nbsp;&nbsp;&nbsp;&nbsp;&nbsp;&nbsp;&nbsp;&nbsp;&nbsp;&nbsp;&nbsp;&nbsp;&nbsp; 11:50 &#8211; 12:306.&hellip;&nbsp;<a href=\"https:\/\/cesunovads.edu.lv\/cesu1psk\/skolas-darbs\/macibu-darbs\/\" rel=\"bookmark\">Read More &raquo;<span class=\"screen-reader-text\">M\u0101c\u012bbu darbs<\/span><\/a><\/p>\n","protected":false},"author":2,"featured_media":0,"parent":192,"menu_order":0,"comment_status":"closed","ping_status":"closed","template":"","meta":{"neve_meta_sidebar":"","neve_meta_container":"","neve_meta_enable_content_width":"","neve_meta_content_width":0,"neve_meta_title_alignment":"","neve_meta_author_avatar":"","neve_post_elements_order":"","neve_meta_disable_header":"","neve_meta_disable_footer":"","neve_meta_disable_title":"off","_themeisle_gutenberg_block_has_review":false,"footnotes":""},"class_list":["post-509","page","type-page","status-publish","hentry"],"_links":{"self":[{"href":"https:\/\/cesunovads.edu.lv\/cesu1psk\/wp-json\/wp\/v2\/pages\/509","targetHints":{"allow":["GET"]}}],"collection":[{"href":"https:\/\/cesunovads.edu.lv\/cesu1psk\/wp-json\/wp\/v2\/pages"}],"about":[{"href":"https:\/\/cesunovads.edu.lv\/cesu1psk\/wp-json\/wp\/v2\/types\/page"}],"author":[{"embeddable":true,"href":"https:\/\/cesunovads.edu.lv\/cesu1psk\/wp-json\/wp\/v2\/users\/2"}],"replies":[{"embeddable":true,"href":"https:\/\/cesunovads.edu.lv\/cesu1psk\/wp-json\/wp\/v2\/comments?post=509"}],"version-history":[{"count":51,"href":"https:\/\/cesunovads.edu.lv\/cesu1psk\/wp-json\/wp\/v2\/pages\/509\/revisions"}],"predecessor-version":[{"id":2036,"href":"https:\/\/cesunovads.edu.lv\/cesu1psk\/wp-json\/wp\/v2\/pages\/509\/revisions\/2036"}],"up":[{"embeddable":true,"href":"https:\/\/cesunovads.edu.lv\/cesu1psk\/wp-json\/wp\/v2\/pages\/192"}],"wp:attachment":[{"href":"https:\/\/cesunovads.edu.lv\/cesu1psk\/wp-json\/wp\/v2\/media?parent=509"}],"curies":[{"name":"wp","href":"https:\/\/api.w.org\/{rel}","templated":true}]}}