{"id":3277,"date":"2026-02-24T09:41:21","date_gmt":"2026-02-24T07:41:21","guid":{"rendered":"https:\/\/cesunovads.edu.lv\/rpsk\/?page_id=3277"},"modified":"2026-02-27T14:51:14","modified_gmt":"2026-02-27T12:51:14","slug":"fakultativas-nodarbibas","status":"publish","type":"page","link":"https:\/\/cesunovads.edu.lv\/rpsk\/fakultativas-nodarbibas\/","title":{"rendered":"Fakultat\u012bv\u0101s nodarb\u012bbas"},"content":{"rendered":"\n<p><\/p>\n\n\n\n<p><\/p>\n\n\n\n<h1 class=\"wp-block-heading\">Fakultat\u012bv\u0101s nodarb\u012bbas 2025.\/2026.m.g.<\/h1>\n\n\n\n<p><strong>Fakultat\u012bvo nodarb\u012bbu grafiku iesp\u0113jams skat\u012bt stundu sarakst\u0101. <\/strong><\/p>\n\n\n\n<div class=\"wp-block-columns is-layout-flex wp-container-core-columns-is-layout-9d6595d7 wp-block-columns-is-layout-flex\">\n<div class=\"wp-block-column is-layout-flow wp-block-column-is-layout-flow\">\n<figure class=\"wp-block-image size-full\"><img loading=\"lazy\" decoding=\"async\" width=\"940\" height=\"788\" src=\"https:\/\/cesunovads.edu.lv\/rpsk\/wp-content\/uploads\/sites\/17\/2026\/02\/2.png\" alt=\"\" class=\"wp-image-3302\" srcset=\"https:\/\/cesunovads.edu.lv\/rpsk\/wp-content\/uploads\/sites\/17\/2026\/02\/2.png 940w, https:\/\/cesunovads.edu.lv\/rpsk\/wp-content\/uploads\/sites\/17\/2026\/02\/2-300x251.png 300w, https:\/\/cesunovads.edu.lv\/rpsk\/wp-content\/uploads\/sites\/17\/2026\/02\/2-768x644.png 768w\" sizes=\"auto, (max-width: 940px) 100vw, 940px\" \/><\/figure>\n<\/div>\n\n\n\n<div class=\"wp-block-column is-layout-flow wp-block-column-is-layout-flow\">\n<h2 class=\"wp-block-heading\">Pa\u0161izaugsmes stundas (1.\u20132., 4., 5., 7. klase)<\/h2>\n\n\n\n<p>Pa\u0161izaugsmes nodarb\u012bb\u0101s skol\u0113ni att\u012bsta emocion\u0101lo inteli\u0123enci, pa\u0161apzi\u0146u un savstarp\u0113j\u0101s komunik\u0101cijas prasmes. Tiek veicin\u0101ta prasme izprast savas emocijas, pie\u0146emt atbild\u012bgus l\u0113mumus un sadarboties ar citiem. Nodarb\u012bbas pal\u012bdz stiprin\u0101t pozit\u012bvu pa\u0161v\u0113rt\u0113jumu un veidot cie\u0146pilnas attiec\u012bbas.<\/p>\n<\/div>\n<\/div>\n\n\n\n<div class=\"wp-block-columns is-layout-flex wp-container-core-columns-is-layout-9d6595d7 wp-block-columns-is-layout-flex\">\n<div class=\"wp-block-column is-layout-flow wp-block-column-is-layout-flow\">\n<figure class=\"wp-block-image size-full\"><img loading=\"lazy\" decoding=\"async\" width=\"940\" height=\"788\" src=\"https:\/\/cesunovads.edu.lv\/rpsk\/wp-content\/uploads\/sites\/17\/2026\/02\/3.png\" alt=\"\" class=\"wp-image-3303\" srcset=\"https:\/\/cesunovads.edu.lv\/rpsk\/wp-content\/uploads\/sites\/17\/2026\/02\/3.png 940w, https:\/\/cesunovads.edu.lv\/rpsk\/wp-content\/uploads\/sites\/17\/2026\/02\/3-300x251.png 300w, https:\/\/cesunovads.edu.lv\/rpsk\/wp-content\/uploads\/sites\/17\/2026\/02\/3-768x644.png 768w\" sizes=\"auto, (max-width: 940px) 100vw, 940px\" \/><\/figure>\n<\/div>\n\n\n\n<div class=\"wp-block-column is-layout-flow wp-block-column-is-layout-flow\">\n<h2 class=\"wp-block-heading\">Matem\u0101tika (1.\u20133. klase)<\/h2>\n\n\n\n<p>Fakultat\u012bv\u0101s matem\u0101tikas nodarb\u012bbas sniedz iesp\u0113ju nostiprin\u0101t pamatzin\u0101\u0161anas, uzlabot r\u0113\u0137in\u0101\u0161anas prasmes un att\u012bst\u012bt lo\u0123isko dom\u0101\u0161anu. Maz\u0101k\u0101s grup\u0101s skol\u0113niem tiek pied\u0101v\u0101ts individu\u0101l\u0101ks atbalsts, pal\u012bdzot lab\u0101k izprast m\u0101c\u012bbu vielu un ieg\u016bt p\u0101rliec\u012bbu par sav\u0101m sp\u0113j\u0101m.<\/p>\n<\/div>\n<\/div>\n\n\n\n<div class=\"wp-block-columns is-layout-flex wp-container-core-columns-is-layout-9d6595d7 wp-block-columns-is-layout-flex\">\n<div class=\"wp-block-column is-layout-flow wp-block-column-is-layout-flow\">\n<figure class=\"wp-block-image size-full\"><img loading=\"lazy\" decoding=\"async\" width=\"940\" height=\"788\" src=\"https:\/\/cesunovads.edu.lv\/rpsk\/wp-content\/uploads\/sites\/17\/2026\/02\/4.png\" alt=\"\" class=\"wp-image-3305\" srcset=\"https:\/\/cesunovads.edu.lv\/rpsk\/wp-content\/uploads\/sites\/17\/2026\/02\/4.png 940w, https:\/\/cesunovads.edu.lv\/rpsk\/wp-content\/uploads\/sites\/17\/2026\/02\/4-300x251.png 300w, https:\/\/cesunovads.edu.lv\/rpsk\/wp-content\/uploads\/sites\/17\/2026\/02\/4-768x644.png 768w\" sizes=\"auto, (max-width: 940px) 100vw, 940px\" \/><\/figure>\n<\/div>\n\n\n\n<div class=\"wp-block-column is-layout-flow wp-block-column-is-layout-flow\">\n<h2 class=\"wp-block-heading\">M\u0101ksla (3. klase)<\/h2>\n\n\n\n<p>M\u0101kslas nodarb\u012bb\u0101s skol\u0113ni att\u012bsta rado\u0161umu, vizu\u0101lo dom\u0101\u0161anu un est\u0113tisko izj\u016btu. Tiek izm\u0113\u0123in\u0101tas da\u017e\u0101das tehnikas un materi\u0101li, veicinot fant\u0101ziju un individu\u0101lo izteiksmi. Nodarb\u012bbas pal\u012bdz att\u012bst\u012bt paciet\u012bbu, koncentr\u0113\u0161anos un prieku par rad\u012b\u0161anas procesu.<\/p>\n<\/div>\n<\/div>\n\n\n\n<div class=\"wp-block-columns is-layout-flex wp-container-core-columns-is-layout-9d6595d7 wp-block-columns-is-layout-flex\">\n<div class=\"wp-block-column is-layout-flow wp-block-column-is-layout-flow\">\n<figure class=\"wp-block-image size-full\"><img loading=\"lazy\" decoding=\"async\" width=\"940\" height=\"788\" src=\"https:\/\/cesunovads.edu.lv\/rpsk\/wp-content\/uploads\/sites\/17\/2026\/02\/5.png\" alt=\"\" class=\"wp-image-3306\" srcset=\"https:\/\/cesunovads.edu.lv\/rpsk\/wp-content\/uploads\/sites\/17\/2026\/02\/5.png 940w, https:\/\/cesunovads.edu.lv\/rpsk\/wp-content\/uploads\/sites\/17\/2026\/02\/5-300x251.png 300w, https:\/\/cesunovads.edu.lv\/rpsk\/wp-content\/uploads\/sites\/17\/2026\/02\/5-768x644.png 768w\" sizes=\"auto, (max-width: 940px) 100vw, 940px\" \/><\/figure>\n<\/div>\n\n\n\n<div class=\"wp-block-column is-layout-flow wp-block-column-is-layout-flow\">\n<h2 class=\"wp-block-heading\">Digit\u0101l\u0101 prat\u012bba (5.\u20136. klase)<\/h2>\n\n\n\n<p>Digit\u0101l\u0101s prat\u012bbas nodarb\u012bb\u0101s skol\u0113ni apg\u016bst dro\u0161u un atbild\u012bgu tehnolo\u0123iju lieto\u0161anu. Tiek att\u012bst\u012btas prasmes darb\u0101 ar digit\u0101lajiem r\u012bkiem, inform\u0101cijas mekl\u0113\u0161an\u0101 un izv\u0113rt\u0113\u0161an\u0101, k\u0101 ar\u012b veicin\u0101ta izpratne par dro\u0161\u012bbu internet\u0101.<\/p>\n<\/div>\n<\/div>\n\n\n\n<div class=\"wp-block-columns is-layout-flex wp-container-core-columns-is-layout-9d6595d7 wp-block-columns-is-layout-flex\">\n<div class=\"wp-block-column is-layout-flow wp-block-column-is-layout-flow\">\n<figure class=\"wp-block-image size-full\"><img loading=\"lazy\" decoding=\"async\" width=\"940\" height=\"788\" src=\"https:\/\/cesunovads.edu.lv\/rpsk\/wp-content\/uploads\/sites\/17\/2026\/02\/6.png\" alt=\"\" class=\"wp-image-3307\" srcset=\"https:\/\/cesunovads.edu.lv\/rpsk\/wp-content\/uploads\/sites\/17\/2026\/02\/6.png 940w, https:\/\/cesunovads.edu.lv\/rpsk\/wp-content\/uploads\/sites\/17\/2026\/02\/6-300x251.png 300w, https:\/\/cesunovads.edu.lv\/rpsk\/wp-content\/uploads\/sites\/17\/2026\/02\/6-768x644.png 768w\" sizes=\"auto, (max-width: 940px) 100vw, 940px\" \/><\/figure>\n<\/div>\n\n\n\n<div class=\"wp-block-column is-layout-flow wp-block-column-is-layout-flow\">\n<h2 class=\"wp-block-heading\">Las\u012btprasmes att\u012bst\u012bba (1.\u20134. un 6. klase)<\/h2>\n\n\n\n<p>Las\u012btprasmes nodarb\u012bb\u0101s tiek pilnveidota teksta izpratne, las\u012b\u0161anas \u0101trums un prasme analiz\u0113t izlas\u012bto. Skol\u0113ni att\u012bsta valodas izj\u016btu, v\u0101rdu kr\u0101jumu un sp\u0113ju izteikt savu viedokli. Nodarb\u012bbas pal\u012bdz stiprin\u0101t p\u0101rliec\u012bbu un interesi par las\u012b\u0161anu.<\/p>\n<\/div>\n<\/div>\n\n\n\n<div class=\"wp-block-columns is-layout-flex wp-container-core-columns-is-layout-9d6595d7 wp-block-columns-is-layout-flex\">\n<div class=\"wp-block-column is-layout-flow wp-block-column-is-layout-flow\">\n<figure class=\"wp-block-image size-full\"><img loading=\"lazy\" decoding=\"async\" width=\"940\" height=\"788\" src=\"https:\/\/cesunovads.edu.lv\/rpsk\/wp-content\/uploads\/sites\/17\/2026\/02\/7.png\" alt=\"\" class=\"wp-image-3308\" srcset=\"https:\/\/cesunovads.edu.lv\/rpsk\/wp-content\/uploads\/sites\/17\/2026\/02\/7.png 940w, https:\/\/cesunovads.edu.lv\/rpsk\/wp-content\/uploads\/sites\/17\/2026\/02\/7-300x251.png 300w, https:\/\/cesunovads.edu.lv\/rpsk\/wp-content\/uploads\/sites\/17\/2026\/02\/7-768x644.png 768w\" sizes=\"auto, (max-width: 940px) 100vw, 940px\" \/><\/figure>\n<\/div>\n\n\n\n<div class=\"wp-block-column is-layout-flow wp-block-column-is-layout-flow\">\n<h2 class=\"wp-block-heading\">Fotom\u0101ksla (5.\u20136. klase)<\/h2>\n\n\n\n<p>Fotom\u0101kslas nodarb\u012bb\u0101s skol\u0113ni apg\u016bst fotograf\u0113\u0161anas pamatus, kompoz\u012bcijas principus un rado\u0161u skat\u012bjumu uz apk\u0101rt\u0113jo vidi. Tiek att\u012bst\u012bta est\u0113tisk\u0101 izj\u016bta, tehnisk\u0101s prasmes un sp\u0113ja caur att\u0113lu izteikt idejas un emocijas.<\/p>\n<\/div>\n<\/div>\n\n\n\n<div class=\"wp-block-columns is-layout-flex wp-container-core-columns-is-layout-9d6595d7 wp-block-columns-is-layout-flex\">\n<div class=\"wp-block-column is-layout-flow wp-block-column-is-layout-flow\">\n<figure class=\"wp-block-image size-full\"><img loading=\"lazy\" decoding=\"async\" width=\"940\" height=\"788\" src=\"https:\/\/cesunovads.edu.lv\/rpsk\/wp-content\/uploads\/sites\/17\/2026\/02\/8.png\" alt=\"\" class=\"wp-image-3309\" srcset=\"https:\/\/cesunovads.edu.lv\/rpsk\/wp-content\/uploads\/sites\/17\/2026\/02\/8.png 940w, https:\/\/cesunovads.edu.lv\/rpsk\/wp-content\/uploads\/sites\/17\/2026\/02\/8-300x251.png 300w, https:\/\/cesunovads.edu.lv\/rpsk\/wp-content\/uploads\/sites\/17\/2026\/02\/8-768x644.png 768w\" sizes=\"auto, (max-width: 940px) 100vw, 940px\" \/><\/figure>\n<\/div>\n\n\n\n<div class=\"wp-block-column is-layout-flow wp-block-column-is-layout-flow\">\n<h2 class=\"wp-block-heading\">Joga (1.\u20132. klase)<\/h2>\n\n\n\n<p>Jogas nodarb\u012bb\u0101s skol\u0113ni apg\u016bst vienk\u0101r\u0161us vingrin\u0101jumus st\u0101jas, lokan\u012bbas un l\u012bdzsvara att\u012bst\u012b\u0161anai. Tiek veicin\u0101ta sp\u0113ja koncentr\u0113ties, nomierin\u0101ties un lab\u0101k sajust savu \u0137ermeni. Nodarb\u012bbas pal\u012bdz mazin\u0101t spriedzi un stiprin\u0101t emocion\u0101lo l\u012bdzsvaru.<\/p>\n<\/div>\n<\/div>\n\n\n\n<p><\/p>\n","protected":false},"excerpt":{"rendered":"<p>Fakultat\u012bv\u0101s nodarb\u012bbas 2025.\/2026.m.g. Fakultat\u012bvo nodarb\u012bbu grafiku iesp\u0113jams skat\u012bt stundu sarakst\u0101. Pa\u0161izaugsmes stundas (1.\u20132., 4., 5., 7. klase) Pa\u0161izaugsmes nodarb\u012bb\u0101s skol\u0113ni att\u012bsta emocion\u0101lo inteli\u0123enci, pa\u0161apzi\u0146u un savstarp\u0113j\u0101s komunik\u0101cijas prasmes. Tiek veicin\u0101ta prasme izprast savas emocijas, pie\u0146emt atbild\u012bgus l\u0113mumus un sadarboties ar citiem. Nodarb\u012bbas pal\u012bdz stiprin\u0101t pozit\u012bvu pa\u0161v\u0113rt\u0113jumu un veidot cie\u0146pilnas attiec\u012bbas. Matem\u0101tika (1.\u20133. klase) Fakultat\u012bv\u0101s matem\u0101tikas&hellip;&nbsp;<a href=\"https:\/\/cesunovads.edu.lv\/rpsk\/fakultativas-nodarbibas\/\" rel=\"bookmark\">Read More &raquo;<span class=\"screen-reader-text\">Fakultat\u012bv\u0101s nodarb\u012bbas<\/span><\/a><\/p>\n","protected":false},"author":54,"featured_media":0,"parent":0,"menu_order":0,"comment_status":"closed","ping_status":"closed","template":"","meta":{"neve_meta_sidebar":"","neve_meta_container":"","neve_meta_enable_content_width":"","neve_meta_content_width":0,"neve_meta_title_alignment":"","neve_meta_author_avatar":"","neve_post_elements_order":"","neve_meta_disable_header":"","neve_meta_disable_footer":"","neve_meta_disable_title":"","_themeisle_gutenberg_block_has_review":false,"footnotes":""},"class_list":["post-3277","page","type-page","status-publish","hentry"],"_links":{"self":[{"href":"https:\/\/cesunovads.edu.lv\/rpsk\/wp-json\/wp\/v2\/pages\/3277","targetHints":{"allow":["GET"]}}],"collection":[{"href":"https:\/\/cesunovads.edu.lv\/rpsk\/wp-json\/wp\/v2\/pages"}],"about":[{"href":"https:\/\/cesunovads.edu.lv\/rpsk\/wp-json\/wp\/v2\/types\/page"}],"author":[{"embeddable":true,"href":"https:\/\/cesunovads.edu.lv\/rpsk\/wp-json\/wp\/v2\/users\/54"}],"replies":[{"embeddable":true,"href":"https:\/\/cesunovads.edu.lv\/rpsk\/wp-json\/wp\/v2\/comments?post=3277"}],"version-history":[{"count":3,"href":"https:\/\/cesunovads.edu.lv\/rpsk\/wp-json\/wp\/v2\/pages\/3277\/revisions"}],"predecessor-version":[{"id":3334,"href":"https:\/\/cesunovads.edu.lv\/rpsk\/wp-json\/wp\/v2\/pages\/3277\/revisions\/3334"}],"wp:attachment":[{"href":"https:\/\/cesunovads.edu.lv\/rpsk\/wp-json\/wp\/v2\/media?parent=3277"}],"curies":[{"name":"wp","href":"https:\/\/api.w.org\/{rel}","templated":true}]}}