{"id":3340,"date":"2026-03-01T11:05:52","date_gmt":"2026-03-01T09:05:52","guid":{"rendered":"https:\/\/cesunovads.edu.lv\/rpsk\/?page_id=3340"},"modified":"2026-03-01T11:05:53","modified_gmt":"2026-03-01T09:05:53","slug":"ernst-young-baltic-ey","status":"publish","type":"page","link":"https:\/\/cesunovads.edu.lv\/rpsk\/ernst-young-baltic-ey\/","title":{"rendered":"Ernst\u00a0&amp; Young Baltic (EY)"},"content":{"rendered":"\n<p><\/p>\n\n\n\n<h1 class=\"wp-block-heading\">Ernst\u00a0&amp; Young Baltic (EY)<\/h1>\n\n\n\n<h2 class=\"wp-block-heading\">Ernst\u00a0&amp; Young Baltic (EY) B\u0113rnu aizsardz\u012bbas centra projekta \u201c<em>Diskrimin\u0101cijas un vardarb\u012bbas incidentu vad\u012bbas sist\u0113mas izgl\u012bt\u012bbas iest\u0101d\u0113s izstr\u0101de un aprob\u0101cija<\/em>\u201d m\u0101c\u012bbas<\/h2>\n\n\n\n<figure class=\"wp-block-image size-full\"><img loading=\"lazy\" decoding=\"async\" width=\"225\" height=\"225\" src=\"https:\/\/cesunovads.edu.lv\/rpsk\/wp-content\/uploads\/sites\/17\/2026\/03\/image-1.png\" alt=\"\" class=\"wp-image-3341\"\/><\/figure>\n","protected":false},"excerpt":{"rendered":"<p>Ernst\u00a0&amp; Young Baltic (EY) Ernst\u00a0&amp; Young Baltic (EY) B\u0113rnu aizsardz\u012bbas centra projekta \u201cDiskrimin\u0101cijas un vardarb\u012bbas incidentu vad\u012bbas sist\u0113mas izgl\u012bt\u012bbas iest\u0101d\u0113s izstr\u0101de un aprob\u0101cija\u201d m\u0101c\u012bbas<\/p>\n","protected":false},"author":54,"featured_media":0,"parent":0,"menu_order":0,"comment_status":"closed","ping_status":"closed","template":"","meta":{"neve_meta_sidebar":"","neve_meta_container":"","neve_meta_enable_content_width":"","neve_meta_content_width":0,"neve_meta_title_alignment":"","neve_meta_author_avatar":"","neve_post_elements_order":"","neve_meta_disable_header":"","neve_meta_disable_footer":"","neve_meta_disable_title":"","_themeisle_gutenberg_block_has_review":false,"footnotes":""},"class_list":["post-3340","page","type-page","status-publish","hentry"],"_links":{"self":[{"href":"https:\/\/cesunovads.edu.lv\/rpsk\/wp-json\/wp\/v2\/pages\/3340","targetHints":{"allow":["GET"]}}],"collection":[{"href":"https:\/\/cesunovads.edu.lv\/rpsk\/wp-json\/wp\/v2\/pages"}],"about":[{"href":"https:\/\/cesunovads.edu.lv\/rpsk\/wp-json\/wp\/v2\/types\/page"}],"author":[{"embeddable":true,"href":"https:\/\/cesunovads.edu.lv\/rpsk\/wp-json\/wp\/v2\/users\/54"}],"replies":[{"embeddable":true,"href":"https:\/\/cesunovads.edu.lv\/rpsk\/wp-json\/wp\/v2\/comments?post=3340"}],"version-history":[{"count":1,"href":"https:\/\/cesunovads.edu.lv\/rpsk\/wp-json\/wp\/v2\/pages\/3340\/revisions"}],"predecessor-version":[{"id":3342,"href":"https:\/\/cesunovads.edu.lv\/rpsk\/wp-json\/wp\/v2\/pages\/3340\/revisions\/3342"}],"wp:attachment":[{"href":"https:\/\/cesunovads.edu.lv\/rpsk\/wp-json\/wp\/v2\/media?parent=3340"}],"curies":[{"name":"wp","href":"https:\/\/api.w.org\/{rel}","templated":true}]}}