{"id":1145,"date":"2025-10-10T08:11:30","date_gmt":"2025-10-10T06:11:30","guid":{"rendered":"https:\/\/cesunovads.edu.lv\/stpsk\/?page_id=1145"},"modified":"2026-02-20T11:27:53","modified_gmt":"2026-02-20T09:27:53","slug":"pirmskolas-vecakiem","status":"publish","type":"page","link":"https:\/\/cesunovads.edu.lv\/stpsk\/pirmskola\/pirmskola-straupe\/pirmskolas-vecakiem\/","title":{"rendered":"Pirmskolas vec\u0101kiem"},"content":{"rendered":"\n<p><a href=\"https:\/\/drive.google.com\/file\/d\/1uvGw0YCCAWlUA1PZDgCLXmzHBO1-M0oX\/view?usp=sharing\">DIENAS RE\u017d\u012aMS<\/a><\/p>\n\n\n\n<p>Straupes pamatskolas pirmsskolas grupu <a href=\"https:\/\/docs.google.com\/document\/d\/1iLRe62_YYC015hO5cNXZlFbbHtLZxyjM\/edit?usp=sharing&amp;ouid=102045522688317719105&amp;rtpof=true&amp;sd=true\">nodarb\u012bbu grafiks <\/a>2025.\/2026.m.g.<\/p>\n\n\n\n<p>Iek\u0161\u0113j\u0101s k\u0101rt\u012bbas <a href=\"https:\/\/drive.google.com\/file\/d\/1B1ncM9BggP4tpegL_cG4Az3H-adcx12I\/view?usp=sharing\">noteikumi<\/a><\/p>\n\n\n\n<p><\/p>\n","protected":false},"excerpt":{"rendered":"<p>DIENAS RE\u017d\u012aMS Straupes pamatskolas pirmsskolas grupu nodarb\u012bbu grafiks 2025.\/2026.m.g. Iek\u0161\u0113j\u0101s k\u0101rt\u012bbas noteikumi<\/p>\n","protected":false},"author":49,"featured_media":0,"parent":1521,"menu_order":0,"comment_status":"closed","ping_status":"closed","template":"","meta":{"neve_meta_sidebar":"","neve_meta_container":"","neve_meta_enable_content_width":"on","neve_meta_content_width":70,"neve_meta_title_alignment":"","neve_meta_author_avatar":"","neve_post_elements_order":"","neve_meta_disable_header":"","neve_meta_disable_footer":"","neve_meta_disable_title":"","_themeisle_gutenberg_block_has_review":false,"footnotes":""},"class_list":["post-1145","page","type-page","status-publish","hentry"],"_links":{"self":[{"href":"https:\/\/cesunovads.edu.lv\/stpsk\/wp-json\/wp\/v2\/pages\/1145","targetHints":{"allow":["GET"]}}],"collection":[{"href":"https:\/\/cesunovads.edu.lv\/stpsk\/wp-json\/wp\/v2\/pages"}],"about":[{"href":"https:\/\/cesunovads.edu.lv\/stpsk\/wp-json\/wp\/v2\/types\/page"}],"author":[{"embeddable":true,"href":"https:\/\/cesunovads.edu.lv\/stpsk\/wp-json\/wp\/v2\/users\/49"}],"replies":[{"embeddable":true,"href":"https:\/\/cesunovads.edu.lv\/stpsk\/wp-json\/wp\/v2\/comments?post=1145"}],"version-history":[{"count":4,"href":"https:\/\/cesunovads.edu.lv\/stpsk\/wp-json\/wp\/v2\/pages\/1145\/revisions"}],"predecessor-version":[{"id":1270,"href":"https:\/\/cesunovads.edu.lv\/stpsk\/wp-json\/wp\/v2\/pages\/1145\/revisions\/1270"}],"up":[{"embeddable":true,"href":"https:\/\/cesunovads.edu.lv\/stpsk\/wp-json\/wp\/v2\/pages\/1521"}],"wp:attachment":[{"href":"https:\/\/cesunovads.edu.lv\/stpsk\/wp-json\/wp\/v2\/media?parent=1145"}],"curies":[{"name":"wp","href":"https:\/\/api.w.org\/{rel}","templated":true}]}}