{"id":1171,"date":"2025-10-17T12:16:53","date_gmt":"2025-10-17T10:16:53","guid":{"rendered":"https:\/\/cesunovads.edu.lv\/stpsk\/?page_id=1171"},"modified":"2026-02-20T11:26:39","modified_gmt":"2026-02-20T09:26:39","slug":"pirmskolas-grupas-2","status":"publish","type":"page","link":"https:\/\/cesunovads.edu.lv\/stpsk\/pirmskola\/pirmskola-straupe\/pirmskolas-grupas-2\/","title":{"rendered":"Pirmskolas grupas"},"content":{"rendered":"\n<h1 id=\"wp-block-themeisle-blocks-advanced-heading-f3fc3fa8\" class=\"wp-block-themeisle-blocks-advanced-heading wp-block-themeisle-blocks-advanced-heading-f3fc3fa8\"><strong>1,5-3 gad\u012bgo b\u0113rnu grupa &#8220;Skudri\u0146as&#8221;<\/strong><\/h1>\n\n\n\n<ul class=\"wp-block-list\">\n<li><strong>Skolot\u0101jas: Agnese M\u0101rti\u0146j\u0113kaba, Anda Lauga, Krist\u012bne Rubika<\/strong><\/li>\n\n\n\n<li><strong>Skolot\u0101ja pal\u012bgs: Sandra Vanaga<\/strong><\/li>\n<\/ul>\n\n\n<div class=\"wp-block-image\">\n<figure class=\"alignleft size-medium is-resized\"><img loading=\"lazy\" decoding=\"async\" width=\"217\" height=\"300\" src=\"https:\/\/cesunovads.edu.lv\/stpsk\/wp-content\/uploads\/sites\/15\/2025\/10\/spridisi-217x300.jpg\" alt=\"\" class=\"wp-image-1220\" style=\"width:1px\" srcset=\"https:\/\/cesunovads.edu.lv\/stpsk\/wp-content\/uploads\/sites\/15\/2025\/10\/spridisi-217x300.jpg 217w, https:\/\/cesunovads.edu.lv\/stpsk\/wp-content\/uploads\/sites\/15\/2025\/10\/spridisi-740x1024.jpg 740w, https:\/\/cesunovads.edu.lv\/stpsk\/wp-content\/uploads\/sites\/15\/2025\/10\/spridisi-768x1063.jpg 768w, https:\/\/cesunovads.edu.lv\/stpsk\/wp-content\/uploads\/sites\/15\/2025\/10\/spridisi-1109x1536.jpg 1109w, https:\/\/cesunovads.edu.lv\/stpsk\/wp-content\/uploads\/sites\/15\/2025\/10\/spridisi.jpg 1155w\" sizes=\"auto, (max-width: 217px) 100vw, 217px\" \/><\/figure>\n<\/div>\n\n<div class=\"wp-block-image\">\n<figure class=\"alignleft size-medium\"><img loading=\"lazy\" decoding=\"async\" width=\"217\" height=\"300\" src=\"https:\/\/cesunovads.edu.lv\/stpsk\/wp-content\/uploads\/sites\/15\/2025\/10\/spridisi-1-217x300.jpg\" alt=\"\" class=\"wp-image-1221\" srcset=\"https:\/\/cesunovads.edu.lv\/stpsk\/wp-content\/uploads\/sites\/15\/2025\/10\/spridisi-1-217x300.jpg 217w, https:\/\/cesunovads.edu.lv\/stpsk\/wp-content\/uploads\/sites\/15\/2025\/10\/spridisi-1-740x1024.jpg 740w, https:\/\/cesunovads.edu.lv\/stpsk\/wp-content\/uploads\/sites\/15\/2025\/10\/spridisi-1-768x1063.jpg 768w, https:\/\/cesunovads.edu.lv\/stpsk\/wp-content\/uploads\/sites\/15\/2025\/10\/spridisi-1-1109x1536.jpg 1109w, https:\/\/cesunovads.edu.lv\/stpsk\/wp-content\/uploads\/sites\/15\/2025\/10\/spridisi-1.jpg 1155w\" sizes=\"auto, (max-width: 217px) 100vw, 217px\" \/><\/figure>\n<\/div>\n\n\n<blockquote class=\"wp-block-quote is-layout-flow wp-block-quote-is-layout-flow\">\n<h3 class=\"wp-block-heading\"><em>Katra diena ir diena,<\/em><\/h3>\n\n\n\n<h3 class=\"wp-block-heading\"><em>Lai smietos un br\u012bn\u012btos,<\/em><\/h3>\n\n\n\n<h3 class=\"wp-block-heading\"><em>Lai dzied\u0101tu un klaus\u012btos,<\/em><\/h3>\n\n\n\n<h3 class=\"wp-block-heading\"><em>Katra diena ir diena,<\/em><\/h3>\n\n\n\n<h3 class=\"wp-block-heading\"><em>Lai b\u016btu laim\u012bgs.<\/em><\/h3>\n<\/blockquote>\n\n\n\n<h1 class=\"wp-block-heading alignfull has-text-align-center has-nv-c-2-color has-text-color has-link-color wp-elements-1dc1b2885e054de474e18f868d49e2e7\" style=\"font-size:47px\"><strong>3 gad\u012bgo b\u0113rnu grupa &#8220;Bit\u012btes&#8221;<\/strong><\/h1>\n\n\n\n<p><strong>Skolot\u0101jas:&nbsp;El\u012bna Kopmane, Vita Ekerte<\/strong><\/p>\n\n\n\n<p><strong>Skolot\u0101ja pal\u012bgs: Tatjana Biez\u0101<\/strong><\/p>\n\n\n\n<blockquote class=\"wp-block-quote is-layout-flow wp-block-quote-is-layout-flow\"><div class=\"wp-block-image\">\n<figure class=\"alignleft size-medium\"><img loading=\"lazy\" decoding=\"async\" width=\"300\" height=\"169\" src=\"https:\/\/cesunovads.edu.lv\/stpsk\/wp-content\/uploads\/sites\/15\/2025\/10\/WhatsApp-Image-2025-09-25-at-13.21.58-1-300x169.jpeg\" alt=\"\" class=\"wp-image-1217\" srcset=\"https:\/\/cesunovads.edu.lv\/stpsk\/wp-content\/uploads\/sites\/15\/2025\/10\/WhatsApp-Image-2025-09-25-at-13.21.58-1-300x169.jpeg 300w, https:\/\/cesunovads.edu.lv\/stpsk\/wp-content\/uploads\/sites\/15\/2025\/10\/WhatsApp-Image-2025-09-25-at-13.21.58-1-1024x575.jpeg 1024w, https:\/\/cesunovads.edu.lv\/stpsk\/wp-content\/uploads\/sites\/15\/2025\/10\/WhatsApp-Image-2025-09-25-at-13.21.58-1-768x432.jpeg 768w, https:\/\/cesunovads.edu.lv\/stpsk\/wp-content\/uploads\/sites\/15\/2025\/10\/WhatsApp-Image-2025-09-25-at-13.21.58-1-1536x863.jpeg 1536w, https:\/\/cesunovads.edu.lv\/stpsk\/wp-content\/uploads\/sites\/15\/2025\/10\/WhatsApp-Image-2025-09-25-at-13.21.58-1.jpeg 1600w\" sizes=\"auto, (max-width: 300px) 100vw, 300px\" \/><\/figure>\n<\/div>\n\n\n<h3 class=\"wp-block-heading\"><strong>Bite nesa meduti\u0146u<br>Ar ozola kanni\u0146\u0101m<br>Nes bit\u012bte m\u012blest\u012bbu<br>Mazaj\u0101 grupi\u0146\u0101!<\/strong><\/h3>\n<\/blockquote>\n\n\n\n<h1 class=\"wp-block-heading has-text-align-center has-text-color has-link-color has-x-large-font-size wp-elements-9ccb7328bdf1a4a54323e6a1cbf69853\" style=\"color:#36ae38\">4 gad\u012bgo b\u0113rnu grupa \u201cZ\u012b\u013cuki\u201d&nbsp;<\/h1>\n\n\n<div class=\"wp-block-image\">\n<figure class=\"alignright size-medium\"><img loading=\"lazy\" decoding=\"async\" width=\"251\" height=\"300\" src=\"https:\/\/cesunovads.edu.lv\/stpsk\/wp-content\/uploads\/sites\/15\/2025\/10\/ziluki-251x300.jpg\" alt=\"\" class=\"wp-image-1223\" srcset=\"https:\/\/cesunovads.edu.lv\/stpsk\/wp-content\/uploads\/sites\/15\/2025\/10\/ziluki-251x300.jpg 251w, https:\/\/cesunovads.edu.lv\/stpsk\/wp-content\/uploads\/sites\/15\/2025\/10\/ziluki-858x1024.jpg 858w, https:\/\/cesunovads.edu.lv\/stpsk\/wp-content\/uploads\/sites\/15\/2025\/10\/ziluki-768x917.jpg 768w, https:\/\/cesunovads.edu.lv\/stpsk\/wp-content\/uploads\/sites\/15\/2025\/10\/ziluki-1286x1536.jpg 1286w, https:\/\/cesunovads.edu.lv\/stpsk\/wp-content\/uploads\/sites\/15\/2025\/10\/ziluki.jpg 1340w\" sizes=\"auto, (max-width: 251px) 100vw, 251px\" \/><\/figure>\n<\/div>\n\n\n<p><strong>Skolot\u0101jas:&nbsp;Inese \u0136\u012bse, Ilva Ant\u0113na<\/strong><\/p>\n\n\n\n<p><strong>Skolot\u0101ja pal\u012bgs:&nbsp;El\u012bna Lasmane<\/strong><\/p>\n\n\n\n<blockquote class=\"wp-block-quote is-layout-flow wp-block-quote-is-layout-flow\">\n<p><em><strong>&#8220;Katrs ozols savu dz\u012bvi s\u0101k k\u0101 z\u012ble un pamaz\u0101m izaug par varenu koku&#8221;<\/strong><\/em><\/p>\n\n\n\n<p><strong>&nbsp;<em>(M.D\u017eoise)<\/em><\/strong><\/p>\n<\/blockquote>\n\n\n\n<p><\/p>\n\n\n\n<hr class=\"wp-block-separator has-alpha-channel-opacity\"\/>\n\n\n\n<h1 class=\"wp-block-heading has-text-align-center has-text-color has-link-color has-x-large-font-size wp-elements-346ddd079d99f6cceddd8dab4225317e\" style=\"color:#cf8a0c\">5 gad\u012bgo b\u0113rnu grupa \u201cTauren\u012b\u0161i\u201d<\/h1>\n\n\n\n<p><strong>Skolot\u0101jas: Ilze Alksne, Zane Roz\u012bte<\/strong><\/p>\n\n\n\n<p><strong>Skolot\u0101ja pal\u012bgs: El\u012bna \u0160teinerte<\/strong><\/p>\n\n\n\n<blockquote class=\"wp-block-quote has-medium-font-size is-layout-flow wp-block-quote-is-layout-flow\"><div class=\"wp-block-image\">\n<figure class=\"alignleft size-medium\"><img loading=\"lazy\" decoding=\"async\" width=\"300\" height=\"279\" src=\"https:\/\/cesunovads.edu.lv\/stpsk\/wp-content\/uploads\/sites\/15\/2025\/10\/taurenisi-300x279.jpg\" alt=\"\" class=\"wp-image-1224\" srcset=\"https:\/\/cesunovads.edu.lv\/stpsk\/wp-content\/uploads\/sites\/15\/2025\/10\/taurenisi-300x279.jpg 300w, https:\/\/cesunovads.edu.lv\/stpsk\/wp-content\/uploads\/sites\/15\/2025\/10\/taurenisi-1024x954.jpg 1024w, https:\/\/cesunovads.edu.lv\/stpsk\/wp-content\/uploads\/sites\/15\/2025\/10\/taurenisi-768x715.jpg 768w, https:\/\/cesunovads.edu.lv\/stpsk\/wp-content\/uploads\/sites\/15\/2025\/10\/taurenisi.jpg 1080w\" sizes=\"auto, (max-width: 300px) 100vw, 300px\" \/><\/figure>\n<\/div>\n\n\n<div class=\"wp-block-group has-medium-font-size\"><div class=\"wp-block-group__inner-container is-layout-constrained wp-block-group-is-layout-constrained\">\n<p><em>B\u0113rns ir k\u0101 taurenis v\u0113j\u0101:<\/em><\/p>\n\n\n\n<p><em>Da\u017ei sp\u0113j lidot augst\u0101k k\u0101 citi,<\/em><\/p>\n\n\n\n<p><em>Bet katrs no vi\u0146iem lido tik labi, cik sp\u0113j!&nbsp;<\/em><\/p>\n\n\n\n<p><em>K\u0101p\u0113c sal\u012bdzin\u0101t citu ar citu?<\/em><\/p>\n\n\n\n<p><em>Katrs ir at\u0161\u0137ir\u012bgs!<\/em><\/p>\n\n\n\n<p><em>Katrs ir \u012bpa\u0161s!<\/em><\/p>\n\n\n\n<p>                                                 <em>Katrs ir skaists!<\/em><\/p>\n\n\n\n<p>                                                             <em>( M. Montesori)<\/em><\/p>\n<\/div><\/div>\n<\/blockquote>\n\n\n\n<h1 class=\"wp-block-heading has-text-align-center has-text-color has-link-color has-x-large-font-size wp-elements-ff6efa80cf8ef3b979067e10898e4292\" style=\"color:#41a19deb\">6 gad\u012bgo b\u0113rnu grupa \u201cR\u016b\u0137\u012b\u0161i\u201d<\/h1>\n\n\n<div class=\"wp-block-image\">\n<figure class=\"alignright size-medium\"><img loading=\"lazy\" decoding=\"async\" width=\"300\" height=\"225\" src=\"https:\/\/cesunovads.edu.lv\/stpsk\/wp-content\/uploads\/sites\/15\/2025\/10\/rukisi-300x225.jpg\" alt=\"\" class=\"wp-image-1222\" srcset=\"https:\/\/cesunovads.edu.lv\/stpsk\/wp-content\/uploads\/sites\/15\/2025\/10\/rukisi-300x225.jpg 300w, https:\/\/cesunovads.edu.lv\/stpsk\/wp-content\/uploads\/sites\/15\/2025\/10\/rukisi-1024x768.jpg 1024w, https:\/\/cesunovads.edu.lv\/stpsk\/wp-content\/uploads\/sites\/15\/2025\/10\/rukisi-400x300.jpg 400w, https:\/\/cesunovads.edu.lv\/stpsk\/wp-content\/uploads\/sites\/15\/2025\/10\/rukisi-768x576.jpg 768w, https:\/\/cesunovads.edu.lv\/stpsk\/wp-content\/uploads\/sites\/15\/2025\/10\/rukisi-1536x1152.jpg 1536w, https:\/\/cesunovads.edu.lv\/stpsk\/wp-content\/uploads\/sites\/15\/2025\/10\/rukisi.jpg 1600w\" sizes=\"auto, (max-width: 300px) 100vw, 300px\" \/><\/figure>\n<\/div>\n\n\n<p><strong>Skolot\u0101jas: Indra Abzalone, Ineta Gulbe<\/strong><\/p>\n\n\n\n<p><strong>Skolot\u0101ja pal\u012bgs: Sandra Straume<\/strong><\/p>\n\n\n\n<blockquote class=\"wp-block-quote is-layout-flow wp-block-quote-is-layout-flow\">\n<p><em><strong>&#8220;M\u0101cies darot&#8221;<\/strong><\/em><\/p>\n<\/blockquote>\n\n\n\n<p><\/p>\n","protected":false},"excerpt":{"rendered":"<p>Katra diena ir diena, Lai smietos un br\u012bn\u012btos, Lai dzied\u0101tu un klaus\u012btos, Katra diena ir diena, Lai b\u016btu laim\u012bgs. 3 gad\u012bgo b\u0113rnu grupa &#8220;Bit\u012btes&#8221; Skolot\u0101jas:&nbsp;El\u012bna Kopmane, Vita Ekerte Skolot\u0101ja pal\u012bgs: Tatjana Biez\u0101 4 gad\u012bgo b\u0113rnu grupa \u201cZ\u012b\u013cuki\u201d&nbsp; Skolot\u0101jas:&nbsp;Inese \u0136\u012bse, Ilva Ant\u0113na Skolot\u0101ja pal\u012bgs:&nbsp;El\u012bna Lasmane &#8220;Katrs ozols savu dz\u012bvi s\u0101k k\u0101 z\u012ble un pamaz\u0101m izaug par&hellip;&nbsp;<a href=\"https:\/\/cesunovads.edu.lv\/stpsk\/pirmskola\/pirmskola-straupe\/pirmskolas-grupas-2\/\" rel=\"bookmark\">Read More &raquo;<span class=\"screen-reader-text\">Pirmskolas grupas<\/span><\/a><\/p>\n","protected":false},"author":49,"featured_media":0,"parent":1521,"menu_order":0,"comment_status":"closed","ping_status":"closed","template":"","meta":{"neve_meta_sidebar":"","neve_meta_container":"","neve_meta_enable_content_width":"","neve_meta_content_width":0,"neve_meta_title_alignment":"","neve_meta_author_avatar":"","neve_post_elements_order":"","neve_meta_disable_header":"","neve_meta_disable_footer":"","neve_meta_disable_title":"","_themeisle_gutenberg_block_has_review":false,"footnotes":""},"class_list":["post-1171","page","type-page","status-publish","hentry"],"_links":{"self":[{"href":"https:\/\/cesunovads.edu.lv\/stpsk\/wp-json\/wp\/v2\/pages\/1171","targetHints":{"allow":["GET"]}}],"collection":[{"href":"https:\/\/cesunovads.edu.lv\/stpsk\/wp-json\/wp\/v2\/pages"}],"about":[{"href":"https:\/\/cesunovads.edu.lv\/stpsk\/wp-json\/wp\/v2\/types\/page"}],"author":[{"embeddable":true,"href":"https:\/\/cesunovads.edu.lv\/stpsk\/wp-json\/wp\/v2\/users\/49"}],"replies":[{"embeddable":true,"href":"https:\/\/cesunovads.edu.lv\/stpsk\/wp-json\/wp\/v2\/comments?post=1171"}],"version-history":[{"count":15,"href":"https:\/\/cesunovads.edu.lv\/stpsk\/wp-json\/wp\/v2\/pages\/1171\/revisions"}],"predecessor-version":[{"id":1242,"href":"https:\/\/cesunovads.edu.lv\/stpsk\/wp-json\/wp\/v2\/pages\/1171\/revisions\/1242"}],"up":[{"embeddable":true,"href":"https:\/\/cesunovads.edu.lv\/stpsk\/wp-json\/wp\/v2\/pages\/1521"}],"wp:attachment":[{"href":"https:\/\/cesunovads.edu.lv\/stpsk\/wp-json\/wp\/v2\/media?parent=1171"}],"curies":[{"name":"wp","href":"https:\/\/api.w.org\/{rel}","templated":true}]}}