{"id":1529,"date":"2026-02-20T12:14:54","date_gmt":"2026-02-20T10:14:54","guid":{"rendered":"https:\/\/cesunovads.edu.lv\/stpsk\/?page_id=1529"},"modified":"2026-02-20T12:14:55","modified_gmt":"2026-02-20T10:14:55","slug":"informacija-par-pirmsskolas-grupam-stalbe","status":"publish","type":"page","link":"https:\/\/cesunovads.edu.lv\/stpsk\/pirmskola\/pirmskola-stalbe\/informacija-par-pirmsskolas-grupam-stalbe\/","title":{"rendered":"Inform\u0101cija par pirmsskolas grup\u0101m Stalb\u0113"},"content":{"rendered":"\n<p>2025.\/ 26. m\u0101c. gad\u0101 pirmsskolas programmu apg\u016bst 46 b\u0113rni 3 vecumposmu grup\u0101s.<\/p>\n\n\n\n<p>\u00a0\u00a0\u00a0\u00a0\u00a0\u00a0\u00a0\u00a0\u00a0\u00a0\u00a0 Ar b\u0113rniem str\u0101d\u0101 6 pirmsskolas skolot\u0101jas, 3 skolot\u0101ju pal\u012bdzes, sporta, m\u016bzikas un keramikas skolot\u0101jas. PI metodi\u0137e ir Agnese Jurisone.<\/p>\n\n\n\n<p>\u00a0\u00a0\u00a0\u00a0\u00a0\u00a0\u00a0\u00a0\u00a0\u00a0\u00a0 Izvirz\u012btais darba m\u0113r\u0137is: kopeten\u010du pieej\u0101 balst\u012bta m\u0101c\u012bbu satura apguve, pielietojot  diferenci\u0101ciju un individualiz\u0101ciju, \u012bstenojot iek\u013caujo\u0161\u0101s izgl\u012bt\u012bbas principus.<\/p>\n","protected":false},"excerpt":{"rendered":"<p>2025.\/ 26. m\u0101c. gad\u0101 pirmsskolas programmu apg\u016bst 46 b\u0113rni 3 vecumposmu grup\u0101s. \u00a0\u00a0\u00a0\u00a0\u00a0\u00a0\u00a0\u00a0\u00a0\u00a0\u00a0 Ar b\u0113rniem str\u0101d\u0101 6 pirmsskolas skolot\u0101jas, 3 skolot\u0101ju pal\u012bdzes, sporta, m\u016bzikas un keramikas skolot\u0101jas. PI metodi\u0137e ir Agnese Jurisone. \u00a0\u00a0\u00a0\u00a0\u00a0\u00a0\u00a0\u00a0\u00a0\u00a0\u00a0 Izvirz\u012btais darba m\u0113r\u0137is: kopeten\u010du pieej\u0101 balst\u012bta m\u0101c\u012bbu satura apguve, pielietojot diferenci\u0101ciju un individualiz\u0101ciju, \u012bstenojot iek\u013caujo\u0161\u0101s izgl\u012bt\u012bbas principus.<\/p>\n","protected":false},"author":49,"featured_media":0,"parent":1525,"menu_order":0,"comment_status":"closed","ping_status":"closed","template":"","meta":{"neve_meta_sidebar":"","neve_meta_container":"","neve_meta_enable_content_width":"","neve_meta_content_width":0,"neve_meta_title_alignment":"","neve_meta_author_avatar":"","neve_post_elements_order":"","neve_meta_disable_header":"","neve_meta_disable_footer":"","neve_meta_disable_title":"","_themeisle_gutenberg_block_has_review":false,"footnotes":""},"class_list":["post-1529","page","type-page","status-publish","hentry"],"_links":{"self":[{"href":"https:\/\/cesunovads.edu.lv\/stpsk\/wp-json\/wp\/v2\/pages\/1529","targetHints":{"allow":["GET"]}}],"collection":[{"href":"https:\/\/cesunovads.edu.lv\/stpsk\/wp-json\/wp\/v2\/pages"}],"about":[{"href":"https:\/\/cesunovads.edu.lv\/stpsk\/wp-json\/wp\/v2\/types\/page"}],"author":[{"embeddable":true,"href":"https:\/\/cesunovads.edu.lv\/stpsk\/wp-json\/wp\/v2\/users\/49"}],"replies":[{"embeddable":true,"href":"https:\/\/cesunovads.edu.lv\/stpsk\/wp-json\/wp\/v2\/comments?post=1529"}],"version-history":[{"count":1,"href":"https:\/\/cesunovads.edu.lv\/stpsk\/wp-json\/wp\/v2\/pages\/1529\/revisions"}],"predecessor-version":[{"id":1530,"href":"https:\/\/cesunovads.edu.lv\/stpsk\/wp-json\/wp\/v2\/pages\/1529\/revisions\/1530"}],"up":[{"embeddable":true,"href":"https:\/\/cesunovads.edu.lv\/stpsk\/wp-json\/wp\/v2\/pages\/1525"}],"wp:attachment":[{"href":"https:\/\/cesunovads.edu.lv\/stpsk\/wp-json\/wp\/v2\/media?parent=1529"}],"curies":[{"name":"wp","href":"https:\/\/api.w.org\/{rel}","templated":true}]}}