{"id":1531,"date":"2026-02-20T12:17:00","date_gmt":"2026-02-20T10:17:00","guid":{"rendered":"https:\/\/cesunovads.edu.lv\/stpsk\/?page_id=1531"},"modified":"2026-02-20T12:17:02","modified_gmt":"2026-02-20T10:17:02","slug":"galvenie-izvirzitie-uzdevumi","status":"publish","type":"page","link":"https:\/\/cesunovads.edu.lv\/stpsk\/pirmskola\/pirmskola-stalbe\/galvenie-izvirzitie-uzdevumi\/","title":{"rendered":"Galvenie izvirz\u012btie uzdevumi"},"content":{"rendered":"\n<p><\/p>\n\n\n\n<ol class=\"wp-block-list\">\n<li>Skolot\u0101jas m\u0101c\u012bbu proces\u0101 izmanto diferenci\u0101ciju (b\u0113rnu darb\u012bba grup\u0101s), individualiz\u0101ciju (individu\u0101ls atbalsts b\u0113rnam), personaliz\u0101ciju (atbalsts talant\u012bgam b\u0113rnam).<\/li>\n\n\n\n<li>Skolot\u0101jas sav\u0101 darb\u012bb\u0101 izmanto iek\u013caujo\u0161\u0101s izgl\u012bt\u012bbas principus, mekl\u0113jot pieeju ikvienam b\u0113rnam un sniedzot vajadz\u012bgo atbalstu.<\/li>\n\n\n\n<li>Skolot\u0101jas izmanto pozit\u012bvo disciplin\u0113\u0161anu k\u0101 resursu, str\u0101d\u0101jot pie b\u0113rna uzved\u012bbas gr\u016bt\u012bb\u0101m.<\/li>\n<\/ol>\n\n\n\n<p>\u00a0\u00a0\u00a0\u00a0\u00a0\u00a0\u00a0\u00a0\u00a0\u00a0\u00a0 Audzin\u0101\u0161anas darba vadmot\u012bvs: pozit\u012bv\u0101 disciplin\u0113\u0161ana vairo ikviena b\u0113rna labb\u016bt\u012bbu  pirmsskolas izgl\u012bt\u012bbas iest\u0101d\u0113.<\/p>\n\n\n\n<p>&nbsp;&nbsp;&nbsp;&nbsp;&nbsp;&nbsp;&nbsp;&nbsp;&nbsp;&nbsp;&nbsp; EKO t\u0113ma: Biolo\u0123isk\u0101 daudzveid\u012bba.<\/p>\n","protected":false},"excerpt":{"rendered":"<p>\u00a0\u00a0\u00a0\u00a0\u00a0\u00a0\u00a0\u00a0\u00a0\u00a0\u00a0 Audzin\u0101\u0161anas darba vadmot\u012bvs: pozit\u012bv\u0101 disciplin\u0113\u0161ana vairo ikviena b\u0113rna labb\u016bt\u012bbu pirmsskolas izgl\u012bt\u012bbas iest\u0101d\u0113. &nbsp;&nbsp;&nbsp;&nbsp;&nbsp;&nbsp;&nbsp;&nbsp;&nbsp;&nbsp;&nbsp; EKO t\u0113ma: Biolo\u0123isk\u0101 daudzveid\u012bba.<\/p>\n","protected":false},"author":49,"featured_media":0,"parent":1525,"menu_order":0,"comment_status":"closed","ping_status":"closed","template":"","meta":{"neve_meta_sidebar":"","neve_meta_container":"","neve_meta_enable_content_width":"","neve_meta_content_width":0,"neve_meta_title_alignment":"","neve_meta_author_avatar":"","neve_post_elements_order":"","neve_meta_disable_header":"","neve_meta_disable_footer":"","neve_meta_disable_title":"","_themeisle_gutenberg_block_has_review":false,"footnotes":""},"class_list":["post-1531","page","type-page","status-publish","hentry"],"_links":{"self":[{"href":"https:\/\/cesunovads.edu.lv\/stpsk\/wp-json\/wp\/v2\/pages\/1531","targetHints":{"allow":["GET"]}}],"collection":[{"href":"https:\/\/cesunovads.edu.lv\/stpsk\/wp-json\/wp\/v2\/pages"}],"about":[{"href":"https:\/\/cesunovads.edu.lv\/stpsk\/wp-json\/wp\/v2\/types\/page"}],"author":[{"embeddable":true,"href":"https:\/\/cesunovads.edu.lv\/stpsk\/wp-json\/wp\/v2\/users\/49"}],"replies":[{"embeddable":true,"href":"https:\/\/cesunovads.edu.lv\/stpsk\/wp-json\/wp\/v2\/comments?post=1531"}],"version-history":[{"count":1,"href":"https:\/\/cesunovads.edu.lv\/stpsk\/wp-json\/wp\/v2\/pages\/1531\/revisions"}],"predecessor-version":[{"id":1532,"href":"https:\/\/cesunovads.edu.lv\/stpsk\/wp-json\/wp\/v2\/pages\/1531\/revisions\/1532"}],"up":[{"embeddable":true,"href":"https:\/\/cesunovads.edu.lv\/stpsk\/wp-json\/wp\/v2\/pages\/1525"}],"wp:attachment":[{"href":"https:\/\/cesunovads.edu.lv\/stpsk\/wp-json\/wp\/v2\/media?parent=1531"}],"curies":[{"name":"wp","href":"https:\/\/api.w.org\/{rel}","templated":true}]}}